{"id":98,"date":"2025-07-03T13:54:32","date_gmt":"2025-07-03T13:54:32","guid":{"rendered":"https:\/\/dipgis.umsa.bo\/interaccion_social\/?page_id=98"},"modified":"2026-03-29T15:24:51","modified_gmt":"2026-03-29T15:24:51","slug":"programa-red-universitaria-bolviana","status":"publish","type":"page","link":"https:\/\/dipgis.umsa.bo\/interaccion_social\/programa-red-universitaria-bolviana\/","title":{"rendered":"Red Universitaria Bolviana"},"content":{"rendered":"\n<header class=\"hero-section fade-up\">\n        <div class=\"hero-overlay\"><\/div>\n        <div class=\"container hero-content\">\n            <div class=\"hero-logo-wrapper\">\n                <img decoding=\"async\" src=\"https:\/\/dipgis.umsa.bo\/interaccion_social\/wp-content\/uploads\/2026\/03\/logo-red-violencia.png\"\n                    alt=\"Logo Red Universitaria\" class=\"hero-logo\" onerror=\"this.style.display='none'\">\n            <\/div>\n            <h1 class=\"hero-title\">\n                Red Universitaria Boliviana<br>\n                <span class=\"highlight\">de Lucha contra la Violencia a la Mujer<\/span>\n            <\/h1>\n            <p class=\"hero-subtitle\">Sistema de la Universidad Boliviana<\/p>\n        <\/div>\n    <\/header>\n\n    <main>\n        <section class=\"about-section\">\n            <div class=\"container\">\n                <div class=\"about-grid\">\n\n                    <div class=\"about-card fade-up\">\n                        <div class=\"icon-wrapper\">\ud83e\udd1d<\/div>\n                        <h2>Qui\u00e9nes somos<\/h2>\n                        <p>La Red Universitaria Boliviana de Lucha contra la Violencia a las Mujeres, es una\n                            articulaci\u00f3n de universidades del Sistema de Universidades Boliviano que trabajan con el\n                            prop\u00f3sito de promover la lucha frente a toda forma de violencia contra las mujeres al\n                            interior de las universidades y en la sociedad boliviana en general y la igualdad de g\u00e9nero.\n                        <\/p>\n                    <\/div>\n\n                    <div class=\"about-card fade-up\" style=\"transition-delay: 0.2s;\">\n                        <div class=\"icon-wrapper\">\ud83c\udfaf<\/div>\n                        <h2>Misi\u00f3n de la Red<\/h2>\n                        <p>Somos un conjunto de universidades bolivianas que busca promover acciones para fortalecer la\n                            lucha contra la violencia a la mujer, desarrollar investigaciones y base de datos en torno a\n                            la tem\u00e1tica en el marco del enfoque de igualdad de g\u00e9nero y del respeto a los derechos\n                            humanos.<\/p>\n                    <\/div>\n\n                <\/div>\n            <\/div>\n        <\/section>\n\n        <section class=\"objectives-section\">\n            <div class=\"container\">\n\n                <div class=\"main-objective fade-up\">\n                    <h2>Objetivo General<\/h2>\n                    <p class=\"lead-text\">Promover acciones, investigaciones y propuestas hacia la igualdad de g\u00e9nero y\n                        la lucha de toda forma de violencia contra las mujeres en la sociedad boliviana.<\/p>\n                <\/div>\n\n                <h3 class=\"sub-heading fade-up\">Objetivos Espec\u00edficos<\/h3>\n                <p class=\"text-center fade-up\" style=\"margin-bottom: 3rem; color: #475569;\">Y se lograr\u00e1 mediante la\n                    consecuci\u00f3n de los siguientes objetivos espec\u00edficos:<\/p>\n\n                <div class=\"specific-obj-grid\">\n                    <div class=\"obj-card fade-up\">\n                        <div class=\"obj-number\">1<\/div>\n                        <p>Desarrollar acciones de lucha contra la violencia hacia las mujeres al interior de las\n                            universidades del Sistema Universitario Boliviano desde las competencias de la universidad:\n                            Formaci\u00f3n, Investigaci\u00f3n e Interacci\u00f3n Social.<\/p>\n                    <\/div>\n                    <div class=\"obj-card fade-up\" style=\"transition-delay: 0.15s;\">\n                        <div class=\"obj-number\">2<\/div>\n                        <p>Influir en pol\u00edticas p\u00fablicas relacionadas a la lucha contra toda forma de violencia hacia\n                            las mujeres en los diferentes niveles del estado (Gobierno central, gobiernos\n                            departamentales y gobiernos municipales).<\/p>\n                    <\/div>\n                    <div class=\"obj-card fade-up\" style=\"transition-delay: 0.3s;\">\n                        <div class=\"obj-number\">3<\/div>\n                        <p>Impulsar en las universidades instancias y mecanismos de prevenci\u00f3n, atenci\u00f3n y protecci\u00f3n a\n                            nivel interno.<\/p>\n                    <\/div>\n                <\/div>\n\n                <div class=\"outcomes-box fade-up\">\n                    <h3>La consecuci\u00f3n de estos objetivos nos permitir\u00e1:<\/h3>\n                    <ul class=\"outcomes-list\">\n                        <li><strong>a.<\/strong> Contribuir al establecimiento de una verdadera igualdad de g\u00e9nero.<\/li>\n                        <li><strong>b.<\/strong> Erradicar en el Sistema Universitario las actitudes violentas vinculadas\n                            a las relaciones entre g\u00e9neros, poniendo \u00e9nfasis en la lucha contra la violencia a las\n                            mujeres especialmente.<\/li>\n                        <li><strong>c.<\/strong> Desarrollar pol\u00edticas universitarias y contribuir a que el Estado genere\n                            pol\u00edticas p\u00fablicas contra la violencia de g\u00e9nero y a favor de la igualdad.<\/li>\n                        <li><strong>d.<\/strong> Impulsar la aplicaci\u00f3n, en el Sistema Universitario, de mecanismos de\n                            atenci\u00f3n, de prevenci\u00f3n y de protecci\u00f3n a las v\u00edctimas potenciales y efectivas de la\n                            violencia de g\u00e9nero.<\/li>\n                    <\/ul>\n                <\/div>\n\n            <\/div>\n        <\/section>\n\n        <section class=\"components-section\">\n            <div class=\"container\">\n                <div class=\"components-intro fade-up\">\n                    <h2>Componentes de Acci\u00f3n<\/h2>\n                    <p>Visibilizar de manera objetiva la problem\u00e1tica de la violencia hacia la mujer en la sociedad\n                        boliviana, entender las causas desde la investigaci\u00f3n o promover alianzas al interior de las\n                        universidades y con actores externos de la sociedad que trabajan en esta tem\u00e1tica directa e\n                        indirectamente son algunos mandatos que tiene la red y que son la base fundamental de la\n                        construcci\u00f3n de sus componentes.<\/p>\n                    <p>Estos componentes, como espacios de planificaci\u00f3n, permiten dar un norte de trabajo a la red\n                        mediante la consolidaci\u00f3n de acciones coordinadas y participativas entre las universidades que\n                        componen la red, para alcanzar los objetivos propuestos y cumplir con la misi\u00f3n establecida.<\/p>\n                    <p class=\"highlight-box\">\n                        Acciones coordinadas que deber\u00e1n manifestarse en campa\u00f1as nacionales contra la violencia hacia\n                        la mujer, fortalecer los programas de prevenci\u00f3n de la violencia trabajados al interior de las\n                        universidades, fortalecer los v\u00ednculos con instituciones que trabajan en esta materia como los\n                        Servicios Legales Integrales Municipales, promoci\u00f3n de la incidencia en pol\u00edticas p\u00fablicas\n                        mediante la provisi\u00f3n de informaci\u00f3n de las investigaciones realizadas sobre esta tem\u00e1tica.\n                    <\/p>\n                <\/div>\n\n                <div class=\"components-grid\">\n\n                    <article class=\"component-card fade-up\">\n                        <div class=\"comp-watermark\">01<\/div>\n                        <div class=\"comp-content\">\n                            <h3>Componente 1<\/h3>\n                            <p>Las universidades del sistema universitario boliviano cuentan con mecanismos de acciones\n                                de lucha contra la violencia hacia la mujer en materia de formaci\u00f3n, investigaci\u00f3n e\n                                interacci\u00f3n social.<\/p>\n                        <\/div>\n                    <\/article>\n\n                    <article class=\"component-card fade-up\" style=\"transition-delay: 0.2s;\">\n                        <div class=\"comp-watermark\">02<\/div>\n                        <div class=\"comp-content\">\n                            <h3>Componente 2<\/h3>\n                            <p>La Red Universitaria de Lucha Contra la Violencia a la Mujer, promueve mecanismos que le\n                                permiten influir en pol\u00edticas p\u00fablicas relacionadas a la lucha contra toda forma de\n                                violencia hacia las mujeres en los diferentes niveles del estado (gobierno central,\n                                gobierno departamental y gobiernos municipales).<\/p>\n                        <\/div>\n                    <\/article>\n\n                    <article class=\"component-card fade-up\" style=\"transition-delay: 0.4s;\">\n                        <div class=\"comp-watermark\">03<\/div>\n                        <div class=\"comp-content\">\n                            <h3>Componente 3<\/h3>\n                            <p>La Red Universitaria de Lucha Contra la Violencia a la Mujer, promueve la creaci\u00f3n y\n                                articulaci\u00f3n de instancias y mecanismos de prevenci\u00f3n, atenci\u00f3n y protecci\u00f3n a nivel\n                                interno en cada una de sus universidades afiliadas.<\/p>\n                        <\/div>\n                    <\/article>\n\n                <\/div>\n            <\/div>\n        <\/section>\n    <\/main>\n\n    <script>\n        document.addEventListener(\"DOMContentLoaded\", function () {\n            const observerOptions = {\n                root: null,\n                rootMargin: '0px',\n                threshold: 0.15\n            };\n\n            const observer = new IntersectionObserver((entries, observer) => {\n                entries.forEach(entry => {\n                    if (entry.isIntersecting) {\n                        entry.target.classList.add('fade-in-active');\n                        observer.unobserve(entry.target);\n                    }\n                });\n            }, observerOptions);\n\n            document.querySelectorAll('.fade-up').forEach(el => {\n                observer.observe(el);\n            });\n        });\n    <\/script>\n","protected":false},"excerpt":{"rendered":"<p>Red Universitaria Boliviana de Lucha contra la Violencia a la Mujer Sistema de la Universidad Boliviana \ud83e\udd1d Qui\u00e9nes somos La Red Universitaria Boliviana de Lucha contra la Violencia a las Mujeres, es una articulaci\u00f3n de universidades del Sistema de Universidades Boliviano que trabajan con el prop\u00f3sito de promover la lucha frente a toda forma de &#8230; <a title=\"Red Universitaria Bolviana\" class=\"read-more\" href=\"https:\/\/dipgis.umsa.bo\/interaccion_social\/programa-red-universitaria-bolviana\/\" aria-label=\"Read more about Red Universitaria Bolviana\">Read more<\/a><\/p>\n","protected":false},"author":1,"featured_media":0,"parent":0,"menu_order":0,"comment_status":"closed","ping_status":"closed","template":"","meta":{"footnotes":""},"class_list":["post-98","page","type-page","status-publish"],"_links":{"self":[{"href":"https:\/\/dipgis.umsa.bo\/interaccion_social\/wp-json\/wp\/v2\/pages\/98","targetHints":{"allow":["GET"]}}],"collection":[{"href":"https:\/\/dipgis.umsa.bo\/interaccion_social\/wp-json\/wp\/v2\/pages"}],"about":[{"href":"https:\/\/dipgis.umsa.bo\/interaccion_social\/wp-json\/wp\/v2\/types\/page"}],"author":[{"embeddable":true,"href":"https:\/\/dipgis.umsa.bo\/interaccion_social\/wp-json\/wp\/v2\/users\/1"}],"replies":[{"embeddable":true,"href":"https:\/\/dipgis.umsa.bo\/interaccion_social\/wp-json\/wp\/v2\/comments?post=98"}],"version-history":[{"count":4,"href":"https:\/\/dipgis.umsa.bo\/interaccion_social\/wp-json\/wp\/v2\/pages\/98\/revisions"}],"predecessor-version":[{"id":897,"href":"https:\/\/dipgis.umsa.bo\/interaccion_social\/wp-json\/wp\/v2\/pages\/98\/revisions\/897"}],"wp:attachment":[{"href":"https:\/\/dipgis.umsa.bo\/interaccion_social\/wp-json\/wp\/v2\/media?parent=98"}],"curies":[{"name":"wp","href":"https:\/\/api.w.org\/{rel}","templated":true}]}}