{"id":96,"date":"2025-07-03T13:52:45","date_gmt":"2025-07-03T13:52:45","guid":{"rendered":"https:\/\/dipgis.umsa.bo\/interaccion_social\/?page_id=96"},"modified":"2026-03-09T14:21:05","modified_gmt":"2026-03-09T14:21:05","slug":"programa-proagro","status":"publish","type":"page","link":"https:\/\/dipgis.umsa.bo\/interaccion_social\/programa-proagro\/","title":{"rendered":"PROAGRO UMSA &#8211; Programa de Vinculaci\u00f3n"},"content":{"rendered":"\n<section class=\"hero hero-banner fade-up\"\n        style=\"--hero-img:url('https:\/\/dipgis.umsa.bo\/interaccion_social\/wp-content\/uploads\/2026\/02\/WhatsApp-Image-2026-02-19-at-11.26.52-AM.jpeg');\">\n        <span class=\"hero-banner__overlay\" aria-hidden=\"true\"><\/span>\n        <div class=\"container\">\n            <h1 class=\"section-title\">\n                Programa de Vinculaci\u00f3n a las Unidades de Fomento al Sector Agropecuario<br>\n                PROAGRO UMSA\n            <\/h1>\n        <\/div>\n    <\/section>\n\n    <main id=\"interaction-social\">\n\n        <div class=\"banner-grid\" style=\"grid-template-columns: repeat(auto-fit, minmax(280px, 1fr));\">\n\n            <a href=\"https:\/\/dipgis.umsa.bo\/interaccion_social\/proyectos-proagro\/\" class=\"banner-btn\">\n                <img decoding=\"async\" src=\"https:\/\/dipgis.umsa.bo\/interaccion_social\/wp-content\/uploads\/2026\/02\/7-scaled.png\"\n                    alt=\"Proyectos\">\n            <\/a>\n\n            <a href=\"https:\/\/dipgis.umsa.bo\/interaccion_social\/videos-proagro\/\" class=\"banner-btn\">\n                <img decoding=\"async\" src=\"https:\/\/dipgis.umsa.bo\/interaccion_social\/wp-content\/uploads\/2026\/02\/8-scaled.png\"\n                    alt=\"Videos\">\n            <\/a>\n\n            <a href=\"https:\/\/dipgis.umsa.bo\/interaccion_social\/notas-de-prensa-proagro\/\" class=\"banner-btn\">\n                <img decoding=\"async\" src=\"https:\/\/dipgis.umsa.bo\/interaccion_social\/wp-content\/uploads\/2026\/02\/9-scaled.png\"\n                    alt=\"Notas de Prensa\">\n            <\/a>\n\n        <\/div>\n\n        <details id=\"sobre\" class=\"card\" open>\n            <summary>\n                <h2 class=\"section-subtitle\">Sobre el Programa<\/h2>\n            <\/summary>\n\n            <p>El Programa contribuye a la consecuci\u00f3n del objetivo general del Plan del Sector Agropecuario y Rural con\n                Desarrollo Integral del Estado Plurinacional de Bolivia, que busca incrementar el ingreso de los\n                productores agropecuarios y rurales priorizando a los que tienen mayor grado de vulnerabilidad,\n                dot\u00e1ndoles de conocimientos y medios para insertarse de manera sostenida y competitiva en los mercados,\n                en un marco de inclusi\u00f3n, equidad social, cultural y de g\u00e9nero, para mejorar la calidad de vida.<\/p>\n<\/details>\n\n<details id=\"sobre\" class=\"card\">\n<summary>\n                <h2 class=\"section-subtitle\">Objetivo<\/h2>\n            <\/summary>\n            <p>Vincular a las Unidades de Fomento al desarrollo agropecuario (UFA) dentro de la Universidad Mayor de San\n                Andr\u00e9s mediante el modelo de Cl\u00faster de Fomento para la identificaci\u00f3n y promoci\u00f3n de estrategias de\n                fomento al sector agropecuario en toda la cadena de valor de la Poblaci\u00f3n Meta.<\/p>\n        <\/details>\n\n        <details id=\"grupo-meta\" class=\"card\">\n            <summary>\n                <h2 class=\"section-subtitle\">Grupo Meta<\/h2>\n            <\/summary>\n\n            <p>El grupo meta o Poblaci\u00f3n Meta se encuentra estructurado en beneficiarios directos y beneficiarios\n                institucionales o agrupados.<\/p>\n\n            <h3>Beneficiarios Directos<\/h3>\n            <p>Hombres y mujeres, promotores rurales l\u00edderes, que desarrollan actividades agr\u00edcolas, pecuarias u otras,\n                particularmente vulnerables a los efectos del cambio clim\u00e1tico y a la inseguridad alimentaria,\n                localizados en el Altiplano y Valles Interandinos, Subtr\u00f3pico y Tr\u00f3pico.<\/p>\n\n            <h3>Beneficiarios Institucionales o Agrupados<\/h3>\n            <p>Dentro de este grupo meta se tienen beneficiarios directos caracterizados de la siguiente manera:<\/p>\n            <ul>\n                <li>Grupos de mujeres y j\u00f3venes organizados.<\/li>\n                <li>Productores Rurales (asociados).<\/li>\n                <li>Secretar\u00edas de Desarrollo Agropecuario \u2013 Gobiernos Aut\u00f3nomos Municipales.<\/li>\n                <li>Organizaciones Sociales relacionadas al rubro.<\/li>\n                <li>Asociaciones Municipales que trabajan en el rubro del sector Agropecuario y otros relacionados.<\/li>\n            <\/ul>\n        <\/details>\n\n        <details id=\"ejes\" class=\"card\">\n            <summary>\n                <h2 class=\"section-subtitle\">Ejes Tem\u00e1ticos<\/h2>\n            <\/summary>\n\n            <h3>Ejes Tem\u00e1ticos Centrales<\/h3>\n            <ul>\n                <li><strong>Pobreza en Bolivia:<\/strong> Concepto que se manejar\u00e1 desde la perspectiva de la pobreza\n                    multidimensional, por lo que la estrategia demanda adoptar la idea de un trabajo realizado por las\n                    UFAs del Cl\u00faster de Fomento en favor de la poblaci\u00f3n meta que vaya m\u00e1s all\u00e1 de la concepci\u00f3n b\u00e1sica\n                    de ausencia de dinero que produce privaciones econ\u00f3micas.<\/li>\n                <li><strong>Seguridad alimentaria e inserci\u00f3n competitiva en mercados:<\/strong> Se parte de la premisa\n                    de que la mejora de la gesti\u00f3n en cuanto a la producci\u00f3n y abastecimiento de los mercados locales en\n                    funci\u00f3n a la demanda y los requerimientos del mismo, de manera eficiente, proporcionando acceso\n                    f\u00edsico, social y econ\u00f3mico permanente a la poblaci\u00f3n, a alimentos seguros, nutritivos y en cantidad\n                    suficiente lo que promueva una vida activa y saludable.<\/li>\n                <li><strong>Gesti\u00f3n Sostenible del Medio Ambiente y los recursos naturales:<\/strong> Una gesti\u00f3n eficaz\n                    que permita un crecimiento sostenido, garantizar la seguridad alimentaria y la reducci\u00f3n de la\n                    pobreza.<\/li>\n                <li><strong>Territorialidad:<\/strong> Que promueve la consideraci\u00f3n de las diferencias que existen entre\n                    las poblaciones que habitan determinadas regiones o \u00e1reas geogr\u00e1ficas. Estas diferencias tambi\u00e9n se\n                    manifiestan en sus realidades culturales, sociales y sus expectativas y circunstancias econ\u00f3micas.\n                    Considerar estas diferencias permite promover el acceso de los miembros de la poblaci\u00f3n a los\n                    beneficios generados por el programa en igualdad de oportunidades.<\/li>\n            <\/ul>\n\n            <h3>Ejes Tem\u00e1ticos Transversales<\/h3>\n            <ul>\n                <li><strong>Enfoque de G\u00e9nero y empoderamiento de la mujer:<\/strong> Es importante considerar las\n                    desigualdades de g\u00e9nero en el sector agropecuario e identificar las tareas que llevan a cabo hombres\n                    y mujeres del \u00e1rea rural, asimetr\u00edas de poder que existan e inequidades. Las mujeres han ingresado\n                    masivamente en las actividades del sector agropecuario trabajando especialmente en el comercio y la\n                    prestaci\u00f3n de servicios. Sin embargo, su trabajo esta infravalorado y muchas veces venido a menos\n                    por lo que es imperativo trabajar en la equidad de g\u00e9nero y la igualdad de oportunidades, que\n                    permita reconocer y empoderar a la mujer en su rol protag\u00f3nico en el trabajo dentro el sector\n                    agropecuario.<\/li>\n                <li><strong>Interculturalidad:<\/strong> Entendida como la interacci\u00f3n entre dos o m\u00e1s culturas que\n                    buscan comunicarse y compartir sus formas de ser en todas las manifestaciones de la vida social y\n                    natural, el desaf\u00edo radica en mantener un equilibrio en el que ninguna de las partes se sienta por\n                    encima de la otra ya sea por tener poder pol\u00edtico, econ\u00f3mico o social. Al pertenecer la poblaci\u00f3n\n                    meta de PROAGRO UMSA a diferentes zonas de Bolivia: Altiplano y Valles Interandinos, Subtr\u00f3pico y\n                    Tr\u00f3pico, la tem\u00e1tica de interculturalidad debe ser abordada en las actividades de vinculaci\u00f3n\n                    promovidas entre la poblaci\u00f3n y los miembros del Cl\u00faster de Fomento.<\/li>\n            <\/ul>\n        <\/details>\n\n        <details id=\"pilares\" class=\"card\">\n            <summary>\n                <h2 class=\"section-subtitle\">Pilares PROAGRO UMSA<\/h2>\n            <\/summary>\n\n            <div style=\"text-align: center; margin-top: 1.5rem;\">\n                <img decoding=\"async\" src=\"https:\/\/dipgis.umsa.bo\/interaccion_social\/wp-content\/uploads\/2026\/02\/Gemini_Generated_Image_ybo3iiybo3iiybo3.png\"\n                    alt=\"Gr\u00e1fico de Pilares PROAGRO UMSA\"\n                    style=\"max-width: 90%; height: auto; border-radius: 12px; box-shadow: 0 4px 15px rgba(0,0,0,0.1); border: 1px solid #e0e0e0;\">\n            <\/div>\n        <\/details>\n\n        <details id=\"contacto\" class=\"card\">\n            <summary>\n                <h2 class=\"section-subtitle\">Contacto<\/h2>\n            <\/summary>\n\n            <p><strong>Departamento de Investigaci\u00f3n, Postgrado e Interacci\u00f3n Social &#8211; Unidad de Interacci\u00f3n\n                    Social.<\/strong><\/p>\n\n            <div class=\"callout\">\n                <p><strong>Lic. Elizabeth Guzm\u00e1n Aguilar<\/strong><br>\n                    Analista de Interacci\u00f3n Social \u2013 Coordinadora Programa PROAGRO UMSA.<\/p>\n                <p><strong>Cel.:<\/strong> 71239081<br>\n                    <strong>Email:<\/strong> <a href=\"mailto:eguzman@umsa.bo\">eguzman@umsa.bo<\/a>\n                <\/p>\n            <\/div>\n\n            <div class=\"callout\">\n                <p><strong>S\u00edguenos en nuestras Redes Sociales:<\/strong><\/p>\n                <p>\n                    <strong>Facebook:<\/strong> <a href=\"https:\/\/www.facebook.com\/proagroumsa?locale=es_LA\"\n                        target=\"_blank\" rel=\"noopener noreferrer\">P\u00e1gina Oficial de PROAGRO UMSA<\/a>\n                <\/p>\n            <\/div>\n        <\/details>\n\n    <\/main>\n\n    <script src=\"script.js\"><\/script>\n","protected":false},"excerpt":{"rendered":"<p>Programa de Vinculaci\u00f3n a las Unidades de Fomento al Sector Agropecuario PROAGRO UMSA Sobre el Programa El Programa contribuye a la consecuci\u00f3n del objetivo general del Plan del Sector Agropecuario y Rural con Desarrollo Integral del Estado Plurinacional de Bolivia, que busca incrementar el ingreso de los productores agropecuarios y rurales priorizando a los que &#8230; <a title=\"PROAGRO UMSA &#8211; Programa de Vinculaci\u00f3n\" class=\"read-more\" href=\"https:\/\/dipgis.umsa.bo\/interaccion_social\/programa-proagro\/\" aria-label=\"Read more about PROAGRO UMSA &#8211; Programa de Vinculaci\u00f3n\">Read more<\/a><\/p>\n","protected":false},"author":1,"featured_media":0,"parent":0,"menu_order":0,"comment_status":"closed","ping_status":"closed","template":"","meta":{"footnotes":""},"class_list":["post-96","page","type-page","status-publish"],"_links":{"self":[{"href":"https:\/\/dipgis.umsa.bo\/interaccion_social\/wp-json\/wp\/v2\/pages\/96","targetHints":{"allow":["GET"]}}],"collection":[{"href":"https:\/\/dipgis.umsa.bo\/interaccion_social\/wp-json\/wp\/v2\/pages"}],"about":[{"href":"https:\/\/dipgis.umsa.bo\/interaccion_social\/wp-json\/wp\/v2\/types\/page"}],"author":[{"embeddable":true,"href":"https:\/\/dipgis.umsa.bo\/interaccion_social\/wp-json\/wp\/v2\/users\/1"}],"replies":[{"embeddable":true,"href":"https:\/\/dipgis.umsa.bo\/interaccion_social\/wp-json\/wp\/v2\/comments?post=96"}],"version-history":[{"count":7,"href":"https:\/\/dipgis.umsa.bo\/interaccion_social\/wp-json\/wp\/v2\/pages\/96\/revisions"}],"predecessor-version":[{"id":878,"href":"https:\/\/dipgis.umsa.bo\/interaccion_social\/wp-json\/wp\/v2\/pages\/96\/revisions\/878"}],"wp:attachment":[{"href":"https:\/\/dipgis.umsa.bo\/interaccion_social\/wp-json\/wp\/v2\/media?parent=96"}],"curies":[{"name":"wp","href":"https:\/\/api.w.org\/{rel}","templated":true}]}}