{"id":266,"date":"2025-08-21T15:40:36","date_gmt":"2025-08-21T15:40:36","guid":{"rendered":"https:\/\/dipgis.umsa.bo\/interaccion_social\/?page_id=266"},"modified":"2026-03-06T15:19:20","modified_gmt":"2026-03-06T15:19:20","slug":"galeria-taller-de-induccion","status":"publish","type":"page","link":"https:\/\/dipgis.umsa.bo\/interaccion_social\/galeria-taller-de-induccion\/","title":{"rendered":"Galeria &#8211; Taller De Inducci\u00f3n -SLIM"},"content":{"rendered":"\n<main class=\"g-wrap\" data-active=\"dia1\">\n        <header class=\"g-header\">\n            <h1>Galer\u00eda \u2014 Taller De Inducci\u00f3n \u2014 5 D\u00edas<\/h1>\n            <p class=\"g-subtitle\">Im\u00e1genes Del Evento<\/p>\n\n            <!-- Navegaci\u00f3n por d\u00edas (sticky) -->\n            <nav class=\"g-nav\" aria-label=\"Navegaci\u00f3n por d\u00edas\">\n                <a class=\"pill is-active\" href=\"#dia1\" data-day=\"dia1\" aria-current=\"page\">D\u00eda 1 (6)<\/a>\n                <a class=\"pill\" href=\"#dia2\" data-day=\"dia2\">D\u00eda 2 (4)<\/a>\n                <a class=\"pill\" href=\"#dia3\" data-day=\"dia3\">D\u00eda 3 (9)<\/a>\n                <a class=\"pill\" href=\"#dia4\" data-day=\"dia4\">D\u00eda 4 (5)<\/a>\n                <a class=\"pill\" href=\"#dia5\" data-day=\"dia5\">D\u00eda 5 (18)<\/a>\n            <\/nav>\n        <\/header>\n\n        <div class=\"g-days\">\n            <!-- D\u00cdA 1 (6) -->\n            <section id=\"dia1\" class=\"day\">\n                <h2>D\u00eda 1<\/h2>\n                <div class=\"masonry\">\n                    <figure class=\"g-item\"><img decoding=\"async\"\n                            src=\"https:\/\/dipgis.umsa.bo\/interaccion_social\/wp-content\/uploads\/2025\/08\/foto-2-1.jpg\"\n                            alt=\"D\u00eda 1 \u2014 Foto 1\">\n                        <figcaption>Foto 1<\/figcaption>\n                    <\/figure>\n                    <figure class=\"g-item\"><img decoding=\"async\"\n                            src=\"https:\/\/dipgis.umsa.bo\/interaccion_social\/wp-content\/uploads\/2025\/08\/foto-3-1.jpg\"\n                            alt=\"D\u00eda 1 \u2014 Foto 2\">\n                        <figcaption>Foto 2<\/figcaption>\n                    <\/figure>\n                    <figure class=\"g-item\"><img decoding=\"async\"\n                            src=\"https:\/\/dipgis.umsa.bo\/interaccion_social\/wp-content\/uploads\/2025\/08\/foto-4-1.jpg\"\n                            alt=\"D\u00eda 1 \u2014 Foto 3\">\n                        <figcaption>Foto 3<\/figcaption>\n                    <\/figure>\n                    <figure class=\"g-item\"><img decoding=\"async\"\n                            src=\"https:\/\/dipgis.umsa.bo\/interaccion_social\/wp-content\/uploads\/2025\/08\/foto-5-1.jpg\"\n                            alt=\"D\u00eda 1 \u2014 Foto 4\">\n                        <figcaption>Foto 4<\/figcaption>\n                    <\/figure>\n                    <figure class=\"g-item\"><img decoding=\"async\"\n                            src=\"https:\/\/dipgis.umsa.bo\/interaccion_social\/wp-content\/uploads\/2025\/08\/foto-6-1.jpg\"\n                            alt=\"D\u00eda 1 \u2014 Foto 5\">\n                        <figcaption>Foto 5<\/figcaption>\n                    <\/figure>\n                    <figure class=\"g-item\"><img decoding=\"async\"\n                            src=\"https:\/\/dipgis.umsa.bo\/interaccion_social\/wp-content\/uploads\/2025\/08\/foto-8-1.jpg\"\n                            alt=\"D\u00eda 1 \u2014 Foto 6\">\n                        <figcaption>Foto 6<\/figcaption>\n                    <\/figure>\n                <\/div>\n            <\/section>\n\n            <!-- D\u00cdA 2 (4) -->\n            <section id=\"dia2\" class=\"day\" hidden>\n                <h2>D\u00eda 2<\/h2>\n                <div class=\"masonry\">\n                    <figure class=\"g-item\"><img decoding=\"async\"\n                            src=\"https:\/\/dipgis.umsa.bo\/interaccion_social\/wp-content\/uploads\/2025\/08\/foto-1-2.jpg\"\n                            alt=\"D\u00eda 2 \u2014 Foto 1\">\n                        <figcaption>Foto 1<\/figcaption>\n                    <\/figure>\n                    <figure class=\"g-item\"><img decoding=\"async\"\n                            src=\"https:\/\/dipgis.umsa.bo\/interaccion_social\/wp-content\/uploads\/2025\/08\/foto-2-2.jpg\"\n                            alt=\"D\u00eda 2 \u2014 Foto 2\">\n                        <figcaption>Foto 2<\/figcaption>\n                    <\/figure>\n                    <figure class=\"g-item\"><img decoding=\"async\"\n                            src=\"https:\/\/dipgis.umsa.bo\/interaccion_social\/wp-content\/uploads\/2025\/08\/foto-3-2.jpg\"\n                            alt=\"D\u00eda 2 \u2014 Foto 3\">\n                        <figcaption>Foto 3<\/figcaption>\n                    <\/figure>\n                    <figure class=\"g-item\"><img decoding=\"async\"\n                            src=\"https:\/\/dipgis.umsa.bo\/interaccion_social\/wp-content\/uploads\/2025\/08\/foto-4-2.jpg\"\n                            alt=\"D\u00eda 2 \u2014 Foto 4\">\n                        <figcaption>Foto 4<\/figcaption>\n                    <\/figure>\n                <\/div>\n            <\/section>\n\n            <!-- D\u00cdA 3 (9) -->\n            <section id=\"dia3\" class=\"day\" hidden>\n                <h2>D\u00eda 3<\/h2>\n                <div class=\"masonry\">\n                    <figure class=\"g-item\"><img decoding=\"async\"\n                            src=\"https:\/\/dipgis.umsa.bo\/interaccion_social\/wp-content\/uploads\/2025\/08\/foto-1-3.jpg\"\n                            alt=\"D\u00eda 3 \u2014 Foto 1\">\n                        <figcaption>Foto 1<\/figcaption>\n                    <\/figure>\n                    <figure class=\"g-item\"><img decoding=\"async\"\n                            src=\"https:\/\/dipgis.umsa.bo\/interaccion_social\/wp-content\/uploads\/2025\/08\/foto-2-3.jpg\"\n                            alt=\"D\u00eda 3 \u2014 Foto 2\">\n                        <figcaption>Foto 2<\/figcaption>\n                    <\/figure>\n                    <figure class=\"g-item\"><img decoding=\"async\"\n                            src=\"https:\/\/dipgis.umsa.bo\/interaccion_social\/wp-content\/uploads\/2025\/08\/foto-3-3.jpg\"\n                            alt=\"D\u00eda 3 \u2014 Foto 3\">\n                        <figcaption>Foto 3<\/figcaption>\n                    <\/figure>\n                    <figure class=\"g-item\"><img decoding=\"async\"\n                            src=\"https:\/\/dipgis.umsa.bo\/interaccion_social\/wp-content\/uploads\/2025\/08\/foto-4-3.jpg\"\n                            alt=\"D\u00eda 3 \u2014 Foto 4\">\n                        <figcaption>Foto 4<\/figcaption>\n                    <\/figure>\n                    <figure class=\"g-item\"><img decoding=\"async\"\n                            src=\"https:\/\/dipgis.umsa.bo\/interaccion_social\/wp-content\/uploads\/2025\/08\/foto-5-3.jpg\"\n                            alt=\"D\u00eda 3 \u2014 Foto 5\">\n                        <figcaption>Foto 5<\/figcaption>\n                    <\/figure>\n                    <figure class=\"g-item\"><img decoding=\"async\"\n                            src=\"https:\/\/dipgis.umsa.bo\/interaccion_social\/wp-content\/uploads\/2025\/08\/foto-6-3.jpg\"\n                            alt=\"D\u00eda 3 \u2014 Foto 6\">\n                        <figcaption>Foto 6<\/figcaption>\n                    <\/figure>\n                    <figure class=\"g-item\"><img decoding=\"async\"\n                            src=\"https:\/\/dipgis.umsa.bo\/interaccion_social\/wp-content\/uploads\/2025\/08\/foto-7-3.jpg\"\n                            alt=\"D\u00eda 3 \u2014 Foto 7\">\n                        <figcaption>Foto 7<\/figcaption>\n                    <\/figure>\n                    <figure class=\"g-item\"><img decoding=\"async\"\n                            src=\"https:\/\/dipgis.umsa.bo\/interaccion_social\/wp-content\/uploads\/2025\/08\/foto-8-3.jpg\"\n                            alt=\"D\u00eda 3 \u2014 Foto 8\">\n                        <figcaption>Foto 8<\/figcaption>\n                    <\/figure>\n                    <figure class=\"g-item\"><img decoding=\"async\"\n                            src=\"https:\/\/dipgis.umsa.bo\/interaccion_social\/wp-content\/uploads\/2025\/08\/foto-9-3.jpg\"\n                            alt=\"D\u00eda 3 \u2014 Foto 9\">\n                        <figcaption>Foto 9<\/figcaption>\n                    <\/figure>\n                <\/div>\n            <\/section>\n\n            <!-- D\u00cdA 4 (5) -->\n            <section id=\"dia4\" class=\"day\" hidden>\n                <h2>D\u00eda 4<\/h2>\n                <div class=\"masonry\">\n                    <figure class=\"g-item\"><img decoding=\"async\"\n                            src=\"https:\/\/dipgis.umsa.bo\/interaccion_social\/wp-content\/uploads\/2025\/08\/foto-2-4.jpg\"\n                            alt=\"D\u00eda 4 \u2014 Foto 1\">\n                        <figcaption>Foto 1<\/figcaption>\n                    <\/figure>\n                    <figure class=\"g-item\"><img decoding=\"async\"\n                            src=\"https:\/\/dipgis.umsa.bo\/interaccion_social\/wp-content\/uploads\/2025\/08\/foto-3-4.jpg\"\n                            alt=\"D\u00eda 4 \u2014 Foto 2\">\n                        <figcaption>Foto 2<\/figcaption>\n                    <\/figure>\n                    <figure class=\"g-item\"><img decoding=\"async\"\n                            src=\"https:\/\/dipgis.umsa.bo\/interaccion_social\/wp-content\/uploads\/2025\/08\/foto-4-4.jpg\"\n                            alt=\"D\u00eda 4 \u2014 Foto 3\">\n                        <figcaption>Foto 3<\/figcaption>\n                    <\/figure>\n                    <figure class=\"g-item\"><img decoding=\"async\"\n                            src=\"https:\/\/dipgis.umsa.bo\/interaccion_social\/wp-content\/uploads\/2025\/08\/foto-5-4.jpg\"\n                            alt=\"D\u00eda 4 \u2014 Foto 4\">\n                        <figcaption>Foto 4<\/figcaption>\n                    <\/figure>\n                    <figure class=\"g-item\"><img decoding=\"async\"\n                            src=\"https:\/\/dipgis.umsa.bo\/interaccion_social\/wp-content\/uploads\/2025\/08\/foto-9-4.jpg\"\n                            alt=\"D\u00eda 4 \u2014 Foto 5\">\n                        <figcaption>Foto 5<\/figcaption>\n                    <\/figure>\n                <\/div>\n            <\/section>\n\n            <!-- D\u00cdA 5 (18) -->\n            <section id=\"dia5\" class=\"day\" hidden>\n                <h2>D\u00eda 5<\/h2>\n                <div class=\"masonry\">\n                    <figure class=\"g-item\"><img decoding=\"async\"\n                            src=\"https:\/\/dipgis.umsa.bo\/interaccion_social\/wp-content\/uploads\/2025\/08\/foto-1-5.jpg\"\n                            alt=\"D\u00eda 5 \u2014 Foto 1\">\n                        <figcaption>Foto 1<\/figcaption>\n                    <\/figure>\n                    <figure class=\"g-item\"><img decoding=\"async\"\n                            src=\"https:\/\/dipgis.umsa.bo\/interaccion_social\/wp-content\/uploads\/2025\/08\/foto-2-5.jpg\"\n                            alt=\"D\u00eda 5 \u2014 Foto 2\">\n                        <figcaption>Foto 2<\/figcaption>\n                    <\/figure>\n                    <figure class=\"g-item\"><img decoding=\"async\"\n                            src=\"https:\/\/dipgis.umsa.bo\/interaccion_social\/wp-content\/uploads\/2025\/08\/foto-3-5.jpg\"\n                            alt=\"D\u00eda 5 \u2014 Foto 3\">\n                        <figcaption>Foto 3<\/figcaption>\n                    <\/figure>\n                    <figure class=\"g-item\"><img decoding=\"async\"\n                            src=\"https:\/\/dipgis.umsa.bo\/interaccion_social\/wp-content\/uploads\/2025\/08\/foto-4-5.jpg\"\n                            alt=\"D\u00eda 5 \u2014 Foto 4\">\n                        <figcaption>Foto 4<\/figcaption>\n                    <\/figure>\n                    <figure class=\"g-item\"><img decoding=\"async\"\n                            src=\"https:\/\/dipgis.umsa.bo\/interaccion_social\/wp-content\/uploads\/2025\/08\/foto-5-5.jpg\"\n                            alt=\"D\u00eda 5 \u2014 Foto 5\">\n                        <figcaption>Foto 5<\/figcaption>\n                    <\/figure>\n                    <figure class=\"g-item\"><img decoding=\"async\"\n                            src=\"https:\/\/dipgis.umsa.bo\/interaccion_social\/wp-content\/uploads\/2025\/08\/foto-6-5.jpg\"\n                            alt=\"D\u00eda 5 \u2014 Foto 6\">\n                        <figcaption>Foto 6<\/figcaption>\n                    <\/figure>\n                    <figure class=\"g-item\"><img decoding=\"async\"\n                            src=\"https:\/\/dipgis.umsa.bo\/interaccion_social\/wp-content\/uploads\/2025\/08\/foto-7-5.jpg\"\n                            alt=\"D\u00eda 5 \u2014 Foto 7\">\n                        <figcaption>Foto 7<\/figcaption>\n                    <\/figure>\n                    <figure class=\"g-item\"><img decoding=\"async\"\n                            src=\"https:\/\/dipgis.umsa.bo\/interaccion_social\/wp-content\/uploads\/2025\/08\/foto-8-5.jpg\"\n                            alt=\"D\u00eda 5 \u2014 Foto 8\">\n                        <figcaption>Foto 8<\/figcaption>\n                    <\/figure>\n                    <figure class=\"g-item\"><img decoding=\"async\"\n                            src=\"https:\/\/dipgis.umsa.bo\/interaccion_social\/wp-content\/uploads\/2025\/08\/foto-9-5.jpg\"\n                            alt=\"D\u00eda 5 \u2014 Foto 9\">\n                        <figcaption>Foto 9<\/figcaption>\n                    <\/figure>\n                    <figure class=\"g-item\"><img decoding=\"async\"\n                            src=\"https:\/\/dipgis.umsa.bo\/interaccion_social\/wp-content\/uploads\/2025\/08\/foto-10-5.jpg\"\n                            alt=\"D\u00eda 5 \u2014 Foto 10\">\n                        <figcaption>Foto 10<\/figcaption>\n                    <\/figure>\n                    <figure class=\"g-item\"><img decoding=\"async\"\n                            src=\"https:\/\/dipgis.umsa.bo\/interaccion_social\/wp-content\/uploads\/2025\/08\/foto-11-5.jpg\"\n                            alt=\"D\u00eda 5 \u2014 Foto 11\">\n                        <figcaption>Foto 11<\/figcaption>\n                    <\/figure>\n                    <figure class=\"g-item\"><img decoding=\"async\"\n                            src=\"https:\/\/dipgis.umsa.bo\/interaccion_social\/wp-content\/uploads\/2025\/08\/foto-12-5.jpg\"\n                            alt=\"D\u00eda 5 \u2014 Foto 12\">\n                        <figcaption>Foto 12<\/figcaption>\n                    <\/figure>\n                    <figure class=\"g-item\"><img decoding=\"async\"\n                            src=\"https:\/\/dipgis.umsa.bo\/interaccion_social\/wp-content\/uploads\/2025\/08\/foto-13-5.jpg\"\n                            alt=\"D\u00eda 5 \u2014 Foto 13\">\n                        <figcaption>Foto 13<\/figcaption>\n                    <\/figure>\n                    <figure class=\"g-item\"><img decoding=\"async\"\n                            src=\"https:\/\/dipgis.umsa.bo\/interaccion_social\/wp-content\/uploads\/2025\/08\/foto-14-5.jpg\"\n                            alt=\"D\u00eda 5 \u2014 Foto 14\">\n                        <figcaption>Foto 14<\/figcaption>\n                    <\/figure>\n                    <figure class=\"g-item\"><img decoding=\"async\"\n                            src=\"https:\/\/dipgis.umsa.bo\/interaccion_social\/wp-content\/uploads\/2025\/08\/foto-15-5.jpg\"\n                            alt=\"D\u00eda 5 \u2014 Foto 15\">\n                        <figcaption>Foto 15<\/figcaption>\n                    <\/figure>\n                    <figure class=\"g-item\"><img decoding=\"async\"\n                            src=\"https:\/\/dipgis.umsa.bo\/interaccion_social\/wp-content\/uploads\/2025\/08\/foto-16-5.jpg\"\n                            alt=\"D\u00eda 5 \u2014 Foto 16\">\n                        <figcaption>Foto 16<\/figcaption>\n                    <\/figure>\n                    <figure class=\"g-item\"><img decoding=\"async\"\n                            src=\"https:\/\/dipgis.umsa.bo\/interaccion_social\/wp-content\/uploads\/2025\/08\/foto-18-5.jpg\"\n                            alt=\"D\u00eda 5 \u2014 Foto 17\">\n                        <figcaption>Foto 17<\/figcaption>\n                    <\/figure>\n                    <figure class=\"g-item\"><img decoding=\"async\"\n                            src=\"https:\/\/dipgis.umsa.bo\/interaccion_social\/wp-content\/uploads\/2025\/08\/foto-19-5.jpg\"\n                            alt=\"D\u00eda 5 \u2014 Foto 18\">\n                        <figcaption>Foto 18<\/figcaption>\n                    <\/figure>\n                <\/div>\n            <\/section>\n        <\/div>\n    <\/main>\n\n    <script>\n        \/\/ Tabs de d\u00edas (sin recargar)\n        const wrap = document.querySelector('.g-wrap');\n        const pills = document.querySelectorAll('.g-nav .pill');\n        const days = document.querySelectorAll('.day');\n\n        function show(dayId) {\n            wrap.setAttribute('data-active', dayId);\n            days.forEach(s => s.hidden = (s.id !== dayId));\n            pills.forEach(p => p.classList.toggle('is-active', p.dataset.day === dayId));\n        }\n\n        pills.forEach(p => {\n            p.addEventListener('click', (e) => {\n                e.preventDefault();\n                show(p.dataset.day);\n                \/\/ En m\u00f3viles: scroll al inicio del bloque\n                document.getElementById(p.dataset.day).scrollIntoView({ behavior: 'smooth', block: 'start' });\n            });\n        });\n\n        \/\/ Si hay hash en la URL, abrir ese d\u00eda\n        if (location.hash && document.querySelector(location.hash)) {\n            show(location.hash.slice(1));\n        }\n    <\/script>\n","protected":false},"excerpt":{"rendered":"<p>Galer\u00eda \u2014 Taller De Inducci\u00f3n \u2014 5 D\u00edas Im\u00e1genes Del Evento D\u00eda 1 (6) D\u00eda 2 (4) D\u00eda 3 (9) D\u00eda 4 (5) D\u00eda 5 (18) D\u00eda 1 Foto 1 Foto 2 Foto 3 Foto 4 Foto 5 Foto 6 D\u00eda 2 Foto 1 Foto 2 Foto 3 Foto 4 D\u00eda 3 Foto 1 Foto &#8230; <a title=\"Galeria &#8211; Taller De Inducci\u00f3n -SLIM\" class=\"read-more\" href=\"https:\/\/dipgis.umsa.bo\/interaccion_social\/galeria-taller-de-induccion\/\" aria-label=\"Read more about Galeria &#8211; Taller De Inducci\u00f3n -SLIM\">Read more<\/a><\/p>\n","protected":false},"author":1,"featured_media":0,"parent":0,"menu_order":0,"comment_status":"closed","ping_status":"closed","template":"","meta":{"footnotes":""},"class_list":["post-266","page","type-page","status-publish"],"_links":{"self":[{"href":"https:\/\/dipgis.umsa.bo\/interaccion_social\/wp-json\/wp\/v2\/pages\/266","targetHints":{"allow":["GET"]}}],"collection":[{"href":"https:\/\/dipgis.umsa.bo\/interaccion_social\/wp-json\/wp\/v2\/pages"}],"about":[{"href":"https:\/\/dipgis.umsa.bo\/interaccion_social\/wp-json\/wp\/v2\/types\/page"}],"author":[{"embeddable":true,"href":"https:\/\/dipgis.umsa.bo\/interaccion_social\/wp-json\/wp\/v2\/users\/1"}],"replies":[{"embeddable":true,"href":"https:\/\/dipgis.umsa.bo\/interaccion_social\/wp-json\/wp\/v2\/comments?post=266"}],"version-history":[{"count":2,"href":"https:\/\/dipgis.umsa.bo\/interaccion_social\/wp-json\/wp\/v2\/pages\/266\/revisions"}],"predecessor-version":[{"id":849,"href":"https:\/\/dipgis.umsa.bo\/interaccion_social\/wp-json\/wp\/v2\/pages\/266\/revisions\/849"}],"wp:attachment":[{"href":"https:\/\/dipgis.umsa.bo\/interaccion_social\/wp-json\/wp\/v2\/media?parent=266"}],"curies":[{"name":"wp","href":"https:\/\/api.w.org\/{rel}","templated":true}]}}