{"id":208,"date":"2025-08-19T13:44:01","date_gmt":"2025-08-19T13:44:01","guid":{"rendered":"https:\/\/dipgis.umsa.bo\/interaccion_social\/?page_id=208"},"modified":"2026-03-06T15:19:35","modified_gmt":"2026-03-06T15:19:35","slug":"taller-de-induccion","status":"publish","type":"page","link":"https:\/\/dipgis.umsa.bo\/interaccion_social\/taller-de-induccion\/","title":{"rendered":"Taller de Inducci\u00f3n &#8211; SLIM"},"content":{"rendered":"\n<main id=\"interaction-social\">\n\n  <!-- Bot\u00f3n: Ver galeria -->\n  <div class=\"top-actions fade-up btn-galeria\" style=\"margin-bottom:1.5rem;\">\n    <a href=\"https:\/\/dipgis.umsa.bo\/interaccion_social\/galeria-taller-de-induccion\/\" class=\"btn-galeria\" aria-label=\"Ver galeria\">Ver galeria<\/a>\n  <\/div>\n\n  <h1 class=\"section-title\">Programa SLIM \u2013 Taller de Inducci\u00f3n<\/h1>\n\n  <!-- \ud83d\udc49  Cuadr\u00edcula de v\u00eddeos  ----------------------- -->\n  <div id=\"galeria\" class=\"video-grid\">\n\n    <!-- Tarjeta 1 -->\n    <figure class=\"video-card fade-up\">\n      <iframe src=\"https:\/\/www.youtube.com\/embed\/UVOkm0XwdQ8\" title=\"Introducci\u00f3n al Programa SLIM \u2013 UMSA\"\n        loading=\"lazy\" allowfullscreen><\/iframe>\n      <figcaption>Introducci\u00f3n al Programa&nbsp;SLIM \u2013 UMSA<\/figcaption>\n    <\/figure>\n\n    <!-- Tarjeta 2 -->\n    <figure class=\"video-card fade-up\">\n      <iframe src=\"https:\/\/www.youtube.com\/embed\/aATyMRoV-98\" title=\"Enfoque de soluciones\" loading=\"lazy\"\n        allowfullscreen><\/iframe>\n      <figcaption>Enfoque de Soluciones<\/figcaption>\n    <\/figure>\n\n    <!-- Tarjeta 3 -->\n    <figure class=\"video-card fade-up\">\n      <iframe src=\"https:\/\/www.youtube.com\/embed\/2fHFTLH_z4s\" title=\"Implementaci\u00f3n de los SLIM\" loading=\"lazy\"\n        allowfullscreen><\/iframe>\n      <figcaption>Implementaci\u00f3n de los SLIM (Ley 348)<\/figcaption>\n    <\/figure>\n\n    <!-- Tarjeta 4 -->\n    <figure class=\"video-card fade-up\">\n      <iframe src=\"https:\/\/www.youtube.com\/embed\/gdEXr_Qz4qU\" title=\"Violencia de g\u00e9nero\" loading=\"lazy\"\n        allowfullscreen><\/iframe>\n      <figcaption>Violencia de G\u00e9nero<\/figcaption>\n    <\/figure>\n\n    <!-- Tarjeta 5 -->\n    <figure class=\"video-card fade-up\">\n      <iframe src=\"https:\/\/www.youtube.com\/embed\/OK3VVt1inSM\" title=\"Violencia sexual NNA\" loading=\"lazy\"\n        allowfullscreen><\/iframe>\n      <figcaption>Violencia Sexual (N-N-A)<\/figcaption>\n    <\/figure>\n\n    <!-- Tarjeta 6 -->\n    <figure class=\"video-card fade-up\">\n      <iframe src=\"https:\/\/www.youtube.com\/embed\/R82Z0Gswdhs\" title=\"Rol de la FELCV\" loading=\"lazy\"\n        allowfullscreen><\/iframe>\n      <figcaption>Rol de la FELCV<\/figcaption>\n    <\/figure>\n\n    <!-- Tarjeta 7 -->\n    <figure class=\"video-card fade-up\">\n      <iframe src=\"https:\/\/www.youtube.com\/embed\/xA9teNM_sNI\" title=\"Manejo de redes\" loading=\"lazy\"\n        allowfullscreen><\/iframe>\n      <figcaption>Manejo de Redes y Revistas Radiales<\/figcaption>\n    <\/figure>\n\n    <!-- Tarjeta 8 -->\n    <figure class=\"video-card fade-up\">\n      <iframe src=\"https:\/\/www.youtube.com\/embed\/tzlfIw1XBAQ\" title=\"Intervenci\u00f3n en salud\" loading=\"lazy\"\n        allowfullscreen><\/iframe>\n      <figcaption>Intervenci\u00f3n del \u00c1rea de Salud<\/figcaption>\n    <\/figure>\n\n    <!-- Tarjeta 9 -->\n    <figure class=\"video-card fade-up\">\n      <iframe src=\"https:\/\/www.youtube.com\/embed\/phhJvnR1fnQ\" title=\"Experiencias de estudiantes\" loading=\"lazy\"\n        allowfullscreen><\/iframe>\n      <figcaption>Experiencias de Estudiantes<\/figcaption>\n    <\/figure>\n\n    <!-- Tarjeta 10 -->\n    <figure class=\"video-card fade-up\">\n      <iframe src=\"https:\/\/www.youtube.com\/embed\/fMOy4fGZoeA\" title=\"Planificaci\u00f3n por mesas\" loading=\"lazy\"\n        allowfullscreen><\/iframe>\n      <figcaption>Planificaci\u00f3n por Mesas<\/figcaption>\n    <\/figure>\n\n    <!-- Tarjeta 11 -->\n    <figure class=\"video-card fade-up\">\n      <iframe loading=\"lazy\" width=\"560\" height=\"315\" src=\"https:\/\/www.youtube.com\/embed\/rQA2LsNjdWk?si=oEeNn8ke46Ke4LAV\"\n        title=\"YouTube video player\" frameborder=\"0\"\n        allow=\"accelerometer; autoplay; clipboard-write; encrypted-media; gyroscope; picture-in-picture; web-share\"\n        referrerpolicy=\"strict-origin-when-cross-origin\" allowfullscreen><\/iframe>\n      <figcaption>Respuesta m\u00e9dica ante la violencia<\/figcaption>\n    <\/figure>\n\n  <\/div><!-- \/.video-grid -->\n\n<\/main>\n\n<!-- Animaci\u00f3n aparecer -->\n<script>\n  const io = new IntersectionObserver(e => e.forEach(x => {\n    if (x.isIntersecting) x.target.classList.add('in');\n  }), { threshold: .15 });\n\n  document.querySelectorAll('.fade-up').forEach(el => io.observe(el));\n<\/script>\n","protected":false},"excerpt":{"rendered":"<p>Ver galeria Programa SLIM \u2013 Taller de Inducci\u00f3n Introducci\u00f3n al Programa&nbsp;SLIM \u2013 UMSA Enfoque de Soluciones Implementaci\u00f3n de los SLIM (Ley 348) Violencia de G\u00e9nero Violencia Sexual (N-N-A) Rol de la FELCV Manejo de Redes y Revistas Radiales Intervenci\u00f3n del \u00c1rea de Salud Experiencias de Estudiantes Planificaci\u00f3n por Mesas Respuesta m\u00e9dica ante la violencia<\/p>\n","protected":false},"author":1,"featured_media":0,"parent":0,"menu_order":0,"comment_status":"closed","ping_status":"closed","template":"","meta":{"footnotes":""},"class_list":["post-208","page","type-page","status-publish"],"_links":{"self":[{"href":"https:\/\/dipgis.umsa.bo\/interaccion_social\/wp-json\/wp\/v2\/pages\/208","targetHints":{"allow":["GET"]}}],"collection":[{"href":"https:\/\/dipgis.umsa.bo\/interaccion_social\/wp-json\/wp\/v2\/pages"}],"about":[{"href":"https:\/\/dipgis.umsa.bo\/interaccion_social\/wp-json\/wp\/v2\/types\/page"}],"author":[{"embeddable":true,"href":"https:\/\/dipgis.umsa.bo\/interaccion_social\/wp-json\/wp\/v2\/users\/1"}],"replies":[{"embeddable":true,"href":"https:\/\/dipgis.umsa.bo\/interaccion_social\/wp-json\/wp\/v2\/comments?post=208"}],"version-history":[{"count":6,"href":"https:\/\/dipgis.umsa.bo\/interaccion_social\/wp-json\/wp\/v2\/pages\/208\/revisions"}],"predecessor-version":[{"id":850,"href":"https:\/\/dipgis.umsa.bo\/interaccion_social\/wp-json\/wp\/v2\/pages\/208\/revisions\/850"}],"wp:attachment":[{"href":"https:\/\/dipgis.umsa.bo\/interaccion_social\/wp-json\/wp\/v2\/media?parent=208"}],"curies":[{"name":"wp","href":"https:\/\/api.w.org\/{rel}","templated":true}]}}