{"id":4671,"date":"2025-02-27T16:00:26","date_gmt":"2025-02-27T16:00:26","guid":{"rendered":"https:\/\/dipgis.umsa.bo\/?page_id=4671"},"modified":"2025-05-12T22:16:14","modified_gmt":"2025-05-12T22:16:14","slug":"programa-slim-taller-de-induccion","status":"publish","type":"page","link":"https:\/\/dipgis.umsa.bo\/?page_id=4671","title":{"rendered":"PROGRAMA SLIM &#8211; TALLER DE INDUCCI\u00d3N"},"content":{"rendered":"\n<div style=\"height:20px\" aria-hidden=\"true\" class=\"wp-block-spacer\"><\/div>\n\n\n\n<h2>PROGRAMA SLIM &#8211; TALLER DE INDUCCI\u00d3N<\/h2>\n\n\n\n<div style=\"height:20px\" aria-hidden=\"true\" class=\"wp-block-spacer\"><\/div>\n\n\n\n<div class=\"wp-block-columns is-layout-flex wp-container-core-columns-is-layout-9d6595d7 wp-block-columns-is-layout-flex\">\n<div class=\"wp-block-column is-layout-flow wp-block-column-is-layout-flow\">\n<figure class=\"wp-block-embed is-type-video is-provider-youtube wp-block-embed-youtube wp-embed-aspect-16-9 wp-has-aspect-ratio\"><div class=\"wp-block-embed__wrapper\">\n<p class=\"responsive-video-wrap clr\"><iframe title=\"TALLER DE INDUCCI\u00d3N SLIM 2023 - INTRODUCCI\u00d3N AL PROGRAMA SLIM - UMSA\" width=\"1200\" height=\"675\" data-src=\"https:\/\/www.youtube.com\/embed\/UVOkm0XwdQ8?feature=oembed\" frameborder=\"0\" allow=\"accelerometer; autoplay; clipboard-write; encrypted-media; gyroscope; picture-in-picture; web-share\" referrerpolicy=\"strict-origin-when-cross-origin\" allowfullscreen src=\"data:image\/svg+xml;base64,PHN2ZyB3aWR0aD0iMSIgaGVpZ2h0PSIxIiB4bWxucz0iaHR0cDovL3d3dy53My5vcmcvMjAwMC9zdmciPjwvc3ZnPg==\" class=\"lazyload\" data-load-mode=\"1\"><\/iframe><\/p>\n<\/div><\/figure>\n\n\n\n<h4 style=\"text-align: center;\">INTRODUCCI\u00d3N AL PROGRAMA SLIM &#8211; UMSA<\/h4>\n<\/div>\n\n\n\n<div class=\"wp-block-column is-layout-flow wp-block-column-is-layout-flow\">\n<figure class=\"wp-block-embed is-type-video is-provider-youtube wp-block-embed-youtube wp-embed-aspect-16-9 wp-has-aspect-ratio\"><div class=\"wp-block-embed__wrapper\">\n<p class=\"responsive-video-wrap clr\"><iframe title=\"TALLER SLIM 2023 - ENFOQUE DE SOLUCIONES PARA APOYAR A SOBREVIVIENTES DE SITUACIONES DE VIOLENCIA\" width=\"1200\" height=\"675\" data-src=\"https:\/\/www.youtube.com\/embed\/aATyMRoV-98?feature=oembed\" frameborder=\"0\" allow=\"accelerometer; autoplay; clipboard-write; encrypted-media; gyroscope; picture-in-picture; web-share\" referrerpolicy=\"strict-origin-when-cross-origin\" allowfullscreen src=\"data:image\/svg+xml;base64,PHN2ZyB3aWR0aD0iMSIgaGVpZ2h0PSIxIiB4bWxucz0iaHR0cDovL3d3dy53My5vcmcvMjAwMC9zdmciPjwvc3ZnPg==\" class=\"lazyload\" data-load-mode=\"1\"><\/iframe><\/p>\n<\/div><\/figure>\n\n\n\n<h4 class=\"wp-block-heading has-text-align-center\">ENFOQUE DE SOLUCIONES PARA APOYAR A SOBREVIVIENTES DE SITUACIONES DE VIOLENCIA<\/h4>\n<\/div>\n\n\n\n<div class=\"wp-block-column is-layout-flow wp-block-column-is-layout-flow\">\n<figure class=\"wp-block-embed is-type-video is-provider-youtube wp-block-embed-youtube wp-embed-aspect-16-9 wp-has-aspect-ratio\"><div class=\"wp-block-embed__wrapper\">\n<p class=\"responsive-video-wrap clr\"><iframe title=\"TALLER SLIM 2023 - IMPLEMENTACI\u00d3N DE LOS SLIM BAJO EL MARCO DE LA LEY 348 Y PROTOCOLOS DE ATENCI\u00d3N\" width=\"1200\" height=\"675\" data-src=\"https:\/\/www.youtube.com\/embed\/2fHFTLH_z4s?feature=oembed\" frameborder=\"0\" allow=\"accelerometer; autoplay; clipboard-write; encrypted-media; gyroscope; picture-in-picture; web-share\" referrerpolicy=\"strict-origin-when-cross-origin\" allowfullscreen src=\"data:image\/svg+xml;base64,PHN2ZyB3aWR0aD0iMSIgaGVpZ2h0PSIxIiB4bWxucz0iaHR0cDovL3d3dy53My5vcmcvMjAwMC9zdmciPjwvc3ZnPg==\" class=\"lazyload\" data-load-mode=\"1\"><\/iframe><\/p>\n<\/div><\/figure>\n\n\n\n<h4 class=\"wp-block-heading has-text-align-center\">IMPLEMENTACI\u00d3N DE LOS SLIM BAJO EL MARCO DE LA LEY 348 Y PROTOCOLOS DE ATENCI\u00d3N<\/h4>\n<\/div>\n<\/div>\n\n\n\n<div class=\"wp-block-columns is-layout-flex wp-container-core-columns-is-layout-9d6595d7 wp-block-columns-is-layout-flex\">\n<div class=\"wp-block-column is-layout-flow wp-block-column-is-layout-flow\">\n<figure class=\"wp-block-embed is-type-video is-provider-youtube wp-block-embed-youtube wp-embed-aspect-16-9 wp-has-aspect-ratio\"><div class=\"wp-block-embed__wrapper\">\n<p class=\"responsive-video-wrap clr\"><iframe title=\"TALLER DE INDUCCI\u00d3N SLIM 2023 - VIOLENCIA DE G\u00c9NERO\" width=\"1200\" height=\"675\" data-src=\"https:\/\/www.youtube.com\/embed\/gdEXr_Qz4qU?feature=oembed\" frameborder=\"0\" allow=\"accelerometer; autoplay; clipboard-write; encrypted-media; gyroscope; picture-in-picture; web-share\" referrerpolicy=\"strict-origin-when-cross-origin\" allowfullscreen src=\"data:image\/svg+xml;base64,PHN2ZyB3aWR0aD0iMSIgaGVpZ2h0PSIxIiB4bWxucz0iaHR0cDovL3d3dy53My5vcmcvMjAwMC9zdmciPjwvc3ZnPg==\" class=\"lazyload\" data-load-mode=\"1\"><\/iframe><\/p>\n<\/div><\/figure>\n\n\n\n<h4 class=\"wp-block-heading has-text-align-center\">VIOLENCIA DE G\u00c9NERO<\/h4>\n<\/div>\n\n\n\n<div class=\"wp-block-column is-layout-flow wp-block-column-is-layout-flow\">\n<figure class=\"wp-block-embed is-type-video is-provider-youtube wp-block-embed-youtube wp-embed-aspect-16-9 wp-has-aspect-ratio\"><div class=\"wp-block-embed__wrapper\">\n<p class=\"responsive-video-wrap clr\"><iframe title=\"TALLER DE INDUCCI\u00d3N 2023 - VIOLENCIA SEXUAL NI\u00d1O, NI\u00d1A ADOLESCENTE\" width=\"1200\" height=\"675\" data-src=\"https:\/\/www.youtube.com\/embed\/9K_6HB4sTak?feature=oembed\" frameborder=\"0\" allow=\"accelerometer; autoplay; clipboard-write; encrypted-media; gyroscope; picture-in-picture; web-share\" referrerpolicy=\"strict-origin-when-cross-origin\" allowfullscreen src=\"data:image\/svg+xml;base64,PHN2ZyB3aWR0aD0iMSIgaGVpZ2h0PSIxIiB4bWxucz0iaHR0cDovL3d3dy53My5vcmcvMjAwMC9zdmciPjwvc3ZnPg==\" class=\"lazyload\" data-load-mode=\"1\"><\/iframe><\/p>\n<\/div><\/figure>\n\n\n\n<h4 class=\"wp-block-heading has-text-align-center\">VIOLENCIA SEXUAL NI\u00d1O, NI\u00d1A ADOLESCENTE<\/h4>\n<\/div>\n\n\n\n<div class=\"wp-block-column is-layout-flow wp-block-column-is-layout-flow\">\n<figure class=\"wp-block-embed is-type-video is-provider-youtube wp-block-embed-youtube wp-embed-aspect-16-9 wp-has-aspect-ratio\"><div class=\"wp-block-embed__wrapper\">\n<p class=\"responsive-video-wrap clr\"><iframe title=\"TALLER INDUCCI\u00d3N - ROL DE LA FELCV EN LA LUCHA CONTRA LA VIOLENCIA A LA MUJER Y TRABAJO CON LOS SLIM\" width=\"1200\" height=\"675\" data-src=\"https:\/\/www.youtube.com\/embed\/E7xBZOWEiYU?feature=oembed\" frameborder=\"0\" allow=\"accelerometer; autoplay; clipboard-write; encrypted-media; gyroscope; picture-in-picture; web-share\" referrerpolicy=\"strict-origin-when-cross-origin\" allowfullscreen src=\"data:image\/svg+xml;base64,PHN2ZyB3aWR0aD0iMSIgaGVpZ2h0PSIxIiB4bWxucz0iaHR0cDovL3d3dy53My5vcmcvMjAwMC9zdmciPjwvc3ZnPg==\" class=\"lazyload\" data-load-mode=\"1\"><\/iframe><\/p>\n<\/div><\/figure>\n\n\n\n<h4 class=\"wp-block-heading has-text-align-center\">EL ROL DE LA FELCV, EN LA LUCHA CONTRA LA VIOLENCIA A LA MUJER Y EL TRABAJO CON LOS SLIMS<\/h4>\n<\/div>\n<\/div>\n\n\n\n<div class=\"wp-block-columns is-layout-flex wp-container-core-columns-is-layout-9d6595d7 wp-block-columns-is-layout-flex\">\n<div class=\"wp-block-column is-layout-flow wp-block-column-is-layout-flow\">\n<iframe width=\"560\" height=\"315\" data-src=\"https:\/\/www.youtube.com\/embed\/xA9teNM_sNI?si=72yKE96ung6AED3y\" title=\"YouTube video player\" frameborder=\"0\" allow=\"accelerometer; autoplay; clipboard-write; encrypted-media; gyroscope; picture-in-picture; web-share\" referrerpolicy=\"strict-origin-when-cross-origin\" allowfullscreen src=\"data:image\/svg+xml;base64,PHN2ZyB3aWR0aD0iMSIgaGVpZ2h0PSIxIiB4bWxucz0iaHR0cDovL3d3dy53My5vcmcvMjAwMC9zdmciPjwvc3ZnPg==\" class=\"lazyload\" data-load-mode=\"1\"><\/iframe>\n\n\n\n<h4 class=\"wp-block-heading has-text-align-center\">MANEJO DE P\u00c0GINAS DE FACEBOOK Y ORGANIZACI\u00d3N DE REVISTAS RADIALES<\/h4>\n<\/div>\n\n\n\n<div class=\"wp-block-column is-layout-flow wp-block-column-is-layout-flow\">\n<iframe width=\"560\" height=\"315\" data-src=\"https:\/\/www.youtube.com\/embed\/lt0QL2vRh98?si=1h_-gBVEYLsagTPX\" title=\"YouTube video player\" frameborder=\"0\" allow=\"accelerometer; autoplay; clipboard-write; encrypted-media; gyroscope; picture-in-picture; web-share\" referrerpolicy=\"strict-origin-when-cross-origin\" allowfullscreen src=\"data:image\/svg+xml;base64,PHN2ZyB3aWR0aD0iMSIgaGVpZ2h0PSIxIiB4bWxucz0iaHR0cDovL3d3dy53My5vcmcvMjAwMC9zdmciPjwvc3ZnPg==\" class=\"lazyload\" data-load-mode=\"1\"><\/iframe>\n\n\n\n<h4 class=\"wp-block-heading has-text-align-center\">INTERVENCI\u00d3N DEL AREA DE SALUD<\/h4>\n<\/div>\n\n\n\n<div class=\"wp-block-column is-layout-flow wp-block-column-is-layout-flow\">\n<iframe width=\"560\" height=\"315\" data-src=\"https:\/\/www.youtube.com\/embed\/phhJvnR1fnQ?si=KqUqFmiv62M0jWMp\" title=\"YouTube video player\" frameborder=\"0\" allow=\"accelerometer; autoplay; clipboard-write; encrypted-media; gyroscope; picture-in-picture; web-share\" referrerpolicy=\"strict-origin-when-cross-origin\" allowfullscreen src=\"data:image\/svg+xml;base64,PHN2ZyB3aWR0aD0iMSIgaGVpZ2h0PSIxIiB4bWxucz0iaHR0cDovL3d3dy53My5vcmcvMjAwMC9zdmciPjwvc3ZnPg==\" class=\"lazyload\" data-load-mode=\"1\"><\/iframe>\n\n\n\n<h4 class=\"wp-block-heading has-text-align-center\">COMPARTIENDO EXPERIENCIAS DE LOS ESTUDIANTES DE LAS DISTINTAS CARRERAS DEL PROGRAMA SLIM UMSA DURANTE 8 MESES EN MUNICIPIOS<\/h4>\n<\/div>\n<\/div>\n\n\n\n<div class=\"wp-block-columns is-layout-flex wp-container-core-columns-is-layout-9d6595d7 wp-block-columns-is-layout-flex\">\n<div class=\"wp-block-column is-layout-flow wp-block-column-is-layout-flow\">\n<iframe width=\"560\" height=\"315\" s<iframe width=\"560\" height=\"315\" data-src=\"https:\/\/www.youtube.com\/embed\/rQA2LsNjdWk?si=AtU-9wBWiH7Sqh3J\" title=\"YouTube video player\" frameborder=\"0\" allow=\"accelerometer; autoplay; clipboard-write; encrypted-media; gyroscope; picture-in-picture; web-share\" referrerpolicy=\"strict-origin-when-cross-origin\" allowfullscreen src=\"data:image\/svg+xml;base64,PHN2ZyB3aWR0aD0iMSIgaGVpZ2h0PSIxIiB4bWxucz0iaHR0cDovL3d3dy53My5vcmcvMjAwMC9zdmciPjwvc3ZnPg==\" class=\"lazyload\" data-load-mode=\"1\"><\/iframe>\n\n\n\n<h4 class=\"wp-block-heading has-text-align-center\">\u00bfQU\u00c9 HACER Y QU\u00c9 NO HACER EN UNA SITUACI\u00d3N DE VIOLENCIA? DESDE EL ENFOQUE DE LA MEDICINA<\/h4>\n<\/div>\n\n\n\n<div class=\"wp-block-column is-layout-flow wp-block-column-is-layout-flow\">\n<iframe width=\"560\" height=\"315\" data-src=\"https:\/\/www.youtube.com\/embed\/tzlfIw1XBAQ?si=YTQJAYBMkuKfrMrN\" title=\"YouTube video player\" frameborder=\"0\" allow=\"accelerometer; autoplay; clipboard-write; encrypted-media; gyroscope; picture-in-picture; web-share\" referrerpolicy=\"strict-origin-when-cross-origin\" allowfullscreen src=\"data:image\/svg+xml;base64,PHN2ZyB3aWR0aD0iMSIgaGVpZ2h0PSIxIiB4bWxucz0iaHR0cDovL3d3dy53My5vcmcvMjAwMC9zdmciPjwvc3ZnPg==\" class=\"lazyload\" data-load-mode=\"1\"><\/iframe>\n\n\n\n<h4 class=\"wp-block-heading has-text-align-center\">TRABAJO DE PLANIFICACI\u00d3N POR MESAS EN\u00a0MUNICIPIOS<\/h4>\n<\/div>\n\n\n\n<div class=\"wp-block-column is-layout-flow wp-block-column-is-layout-flow\"><\/div>\n<\/div>\n\n\n\n\n","protected":false},"excerpt":{"rendered":"<p>ENFOQUE DE SOLUCIONES PARA APOYAR A SOBREVIVIENTES DE SITUACIONES DE VIOLENCIA IMPLEMENTACI\u00d3N DE LOS SLIM BAJO EL MARCO DE LA LEY 348 Y PROTOCOLOS DE ATENCI\u00d3N VIOLENCIA DE G\u00c9NERO VIOLENCIA SEXUAL NI\u00d1O, NI\u00d1A ADOLESCENTE EL ROL DE LA FELCV, EN LA LUCHA CONTRA LA VIOLENCIA A LA MUJER Y EL TRABAJO CON LOS SLIMS MANEJO [&hellip;]<\/p>\n","protected":false},"author":1,"featured_media":0,"parent":0,"menu_order":0,"comment_status":"closed","ping_status":"closed","template":"","meta":{"_editorskit_title_hidden":false,"_editorskit_reading_time":0,"_editorskit_is_block_options_detached":false,"_editorskit_block_options_position":"{}","advgb_blocks_editor_width":"","advgb_blocks_columns_visual_guide":"","_sitemap_exclude":false,"_sitemap_priority":"","_sitemap_frequency":"","ocean_post_layout":"","ocean_both_sidebars_style":"","ocean_both_sidebars_content_width":0,"ocean_both_sidebars_sidebars_width":0,"ocean_sidebar":"","ocean_second_sidebar":"","ocean_disable_margins":"enable","ocean_add_body_class":"","ocean_shortcode_before_top_bar":"","ocean_shortcode_after_top_bar":"","ocean_shortcode_before_header":"","ocean_shortcode_after_header":"","ocean_has_shortcode":"","ocean_shortcode_after_title":"","ocean_shortcode_before_footer_widgets":"","ocean_shortcode_after_footer_widgets":"","ocean_shortcode_before_footer_bottom":"","ocean_shortcode_after_footer_bottom":"","ocean_display_top_bar":"default","ocean_display_header":"default","ocean_header_style":"","ocean_center_header_left_menu":"","ocean_custom_header_template":"","ocean_custom_logo":0,"ocean_custom_retina_logo":0,"ocean_custom_logo_max_width":0,"ocean_custom_logo_tablet_max_width":0,"ocean_custom_logo_mobile_max_width":0,"ocean_custom_logo_max_height":0,"ocean_custom_logo_tablet_max_height":0,"ocean_custom_logo_mobile_max_height":0,"ocean_header_custom_menu":"","ocean_menu_typo_font_family":"","ocean_menu_typo_font_subset":"","ocean_menu_typo_font_size":0,"ocean_menu_typo_font_size_tablet":0,"ocean_menu_typo_font_size_mobile":0,"ocean_menu_typo_font_size_unit":"px","ocean_menu_typo_font_weight":"","ocean_menu_typo_font_weight_tablet":"","ocean_menu_typo_font_weight_mobile":"","ocean_menu_typo_transform":"","ocean_menu_typo_transform_tablet":"","ocean_menu_typo_transform_mobile":"","ocean_menu_typo_line_height":0,"ocean_menu_typo_line_height_tablet":0,"ocean_menu_typo_line_height_mobile":0,"ocean_menu_typo_line_height_unit":"","ocean_menu_typo_spacing":0,"ocean_menu_typo_spacing_tablet":0,"ocean_menu_typo_spacing_mobile":0,"ocean_menu_typo_spacing_unit":"","ocean_menu_link_color":"","ocean_menu_link_color_hover":"","ocean_menu_link_color_active":"","ocean_menu_link_background":"","ocean_menu_link_hover_background":"","ocean_menu_link_active_background":"","ocean_menu_social_links_bg":"","ocean_menu_social_hover_links_bg":"","ocean_menu_social_links_color":"","ocean_menu_social_hover_links_color":"","ocean_disable_title":"default","ocean_disable_heading":"default","ocean_post_title":"","ocean_post_subheading":"","ocean_post_title_style":"","ocean_post_title_background_color":"","ocean_post_title_background":0,"ocean_post_title_bg_image_position":"","ocean_post_title_bg_image_attachment":"","ocean_post_title_bg_image_repeat":"","ocean_post_title_bg_image_size":"","ocean_post_title_height":0,"ocean_post_title_bg_overlay":0.5,"ocean_post_title_bg_overlay_color":"","ocean_disable_breadcrumbs":"default","ocean_breadcrumbs_color":"","ocean_breadcrumbs_separator_color":"","ocean_breadcrumbs_links_color":"","ocean_breadcrumbs_links_hover_color":"","ocean_display_footer_widgets":"default","ocean_display_footer_bottom":"default","ocean_custom_footer_template":"","cybocfi_hide_featured_image":"","footnotes":""},"class_list":["post-4671","page","type-page","status-publish","hentry","entry"],"coauthors":[],"author_meta":{"author_link":"https:\/\/dipgis.umsa.bo\/?author=1","display_name":"srv_auth_7000"},"relative_dates":{"created":"Publicado 1 a\u00f1o hace","modified":"Actualizado 1 a\u00f1o hace"},"absolute_dates":{"created":"Publicado el 27 de febrero de 2025","modified":"Actualizado el 12 de mayo de 2025"},"absolute_dates_time":{"created":"Publicado el 27 de febrero de 2025 16:00","modified":"Actualizado el 12 de mayo de 2025 22:16"},"featured_img_caption":"","featured_img":false,"series_order":"","_links":{"self":[{"href":"https:\/\/dipgis.umsa.bo\/index.php?rest_route=\/wp\/v2\/pages\/4671","targetHints":{"allow":["GET"]}}],"collection":[{"href":"https:\/\/dipgis.umsa.bo\/index.php?rest_route=\/wp\/v2\/pages"}],"about":[{"href":"https:\/\/dipgis.umsa.bo\/index.php?rest_route=\/wp\/v2\/types\/page"}],"author":[{"embeddable":true,"href":"https:\/\/dipgis.umsa.bo\/index.php?rest_route=\/wp\/v2\/users\/1"}],"replies":[{"embeddable":true,"href":"https:\/\/dipgis.umsa.bo\/index.php?rest_route=%2Fwp%2Fv2%2Fcomments&post=4671"}],"version-history":[{"count":6,"href":"https:\/\/dipgis.umsa.bo\/index.php?rest_route=\/wp\/v2\/pages\/4671\/revisions"}],"predecessor-version":[{"id":4903,"href":"https:\/\/dipgis.umsa.bo\/index.php?rest_route=\/wp\/v2\/pages\/4671\/revisions\/4903"}],"wp:attachment":[{"href":"https:\/\/dipgis.umsa.bo\/index.php?rest_route=%2Fwp%2Fv2%2Fmedia&parent=4671"}],"curies":[{"name":"wp","href":"https:\/\/api.w.org\/{rel}","templated":true}]}}