{"id":4055,"date":"2024-11-14T15:55:11","date_gmt":"2024-11-14T15:55:11","guid":{"rendered":"https:\/\/dipgis.umsa.bo\/?page_id=4055"},"modified":"2026-04-27T19:52:41","modified_gmt":"2026-04-27T19:52:41","slug":"formularios-de-postgrado","status":"publish","type":"page","link":"https:\/\/dipgis.umsa.bo\/?page_id=4055","title":{"rendered":"FORMULARIOS DE POSTGRADO"},"content":{"rendered":"\n<div style=\"height:20px\" aria-hidden=\"true\" class=\"wp-block-spacer\"><\/div>\n\n\n\n<h2 class=\"wp-block-heading alignwide\" style=\"font-size:17px\"><strong>En cumplimiento al Reglamento General de Estudios de Postgrado del Sistema de la Univeridad Boliviana, aprobado en el XIII Congreso de Universidades, se dispone la aplicaci\u00f3n de los siguientes nuevos formatos.<\/strong><\/h2>\n\n\n\n<h2 class=\"wp-block-heading has-white-color has-text-color has-background has-link-color has-medium-font-size wp-elements-424a00809828236003c2adf7ebb5f565\" style=\"background-color:#4566af\"><a href=\"https:\/\/dipgis.umsa.bo\/wp-content\/uploads\/2026\/04\/1.1-FORMATO-DEL-INFORME-DE-CUMPLIMIENTO-DE-REQUISITOS-PARA-PROGRAMAS-DE-POSTGRADO-2026-C-1.xls\" data-type=\"link\" data-id=\"https:\/\/dipgis.umsa.bo\/wp-content\/uploads\/2026\/04\/1.1-FORMATO-DEL-INFORME-DE-CUMPLIMIENTO-DE-REQUISITOS-PARA-PROGRAMAS-DE-POSTGRADO-2026-C-1.xls\">1. <strong>NUEVO FORMATO DEL INFORME DE CUMPLIMIENTO DE REQUISITOS PARA APROBAR PROGRAMAS DE POSTGRADO<\/strong><\/a><\/h2>\n\n\n\n<h2 class=\"wp-block-heading alignwide\" style=\"font-size:17px\"><strong>(A continuaci\u00f3n se detalla los documentos anexos que ayudar\u00e1n a registrar la informaci\u00f3n correspondiente al informe de cumplimiento de requisitos para aprobar programas de postgrado)<\/strong>.<\/h2>\n\n\n\n<ul class=\"wp-block-list\">\n<li class=\"has-text-color has-link-color wp-elements-39a9c5eff0bbcc7e5cd8db5b6330e096\" style=\"color:#2c3f90;font-size:15px\"><a href=\"https:\/\/dipgis.umsa.bo\/wp-content\/uploads\/2025\/02\/FORMAS-ORGANIZATIVAS-DE-UN-PROGRAMA-DE-POSGRADO.docx\" data-type=\"link\" data-id=\"https:\/\/dipgis.umsa.bo\/wp-content\/uploads\/2025\/02\/FORMAS-ORGANIZATIVAS-DE-UN-PROGRAMA-DE-POSGRADO.docx\"><strong>ANEXO A. FORMAS ORGANIZATIVAS DE UN PROGRAMA DE POSGRADO<\/strong><\/a><\/li>\n\n\n\n<li class=\"has-text-color has-link-color wp-elements-41f8aea6f998f2c154952a714589e912\" style=\"color:#2c3f90;font-size:15px\"><a href=\"https:\/\/dipgis.umsa.bo\/wp-content\/uploads\/2025\/02\/METODOS-DE-ENSENANZA.docx\" data-type=\"link\" data-id=\"https:\/\/dipgis.umsa.bo\/wp-content\/uploads\/2025\/02\/METODOS-DE-ENSENANZA.docx\"><strong>ANEXO B. METODOS DE ENSENANZA<\/strong><\/a><\/li>\n\n\n\n<li class=\"has-text-color has-link-color wp-elements-94435681d3ea3b3778c75b4365e4d0b1\" style=\"color:#2c3f90\"><a href=\"https:\/\/dipgis.umsa.bo\/wp-content\/uploads\/2025\/02\/MEDIOS-DE-ENSENANZA.docx\" data-type=\"link\" data-id=\"https:\/\/dipgis.umsa.bo\/wp-content\/uploads\/2025\/02\/MEDIOS-DE-ENSENANZA.docx\"><strong>ANEXO C. MEDIOS DE ENSENANZA<\/strong><\/a><\/li>\n<\/ul>\n\n\n\n<h2 class=\"wp-block-heading has-white-color has-text-color has-background has-link-color has-medium-font-size wp-elements-29e8659a463c3cd4002c20633e46b3d3\" style=\"background-color:#4566af\">2. <a href=\"https:\/\/dipgis.umsa.bo\/wp-content\/uploads\/2026\/03\/5.14.1.-FORMATO-DE-DOCUMENTO-CURRICULAR-DEL-PROGRAMA-B-1.docx\" data-type=\"link\" data-id=\"https:\/\/dipgis.umsa.bo\/wp-content\/uploads\/2026\/03\/5.14.1.-FORMATO-DE-DOCUMENTO-CURRICULAR-DEL-PROGRAMA-B-1.docx\">DOCUMENTO CURRICULAR EN WORD (Hacer click para descargar)<\/a><\/h2>\n\n\n\n<p class=\"has-text-color has-link-color wp-elements-3c1ac99dc340c27cf4943ba6bf3a3643\" style=\"color:#cb2424\"><strong>Se podr\u00e1 obtener de la numeraci\u00f3n e incisos que se encuentran en el documento principal, seg\u00fan el INFORME DE CUMPLIMIENTO DE REQUISITOS PARA APROBAR PROGRAMAS DE POSTGRADO<\/strong><\/p>\n\n\n\n<h3 class=\"wp-block-heading alignwide\" style=\"font-size:17px\"><strong>A continuaci\u00f3n se detalla los anexos para lograr el REGISTRO del programa en el CEUB <\/strong>:<\/h3>\n\n\n\n<ul class=\"wp-block-list\">\n<li class=\"has-text-color has-link-color wp-elements-6297a2a3629b2d948e2632c289043ae9\" style=\"color:#2c3f90;font-size:15px\"><strong>ANEXO 1. FOTOCOPIA EN PDF del t\u00edtulo del coordinador del programa<\/strong><\/li>\n\n\n\n<li class=\"has-text-color has-link-color wp-elements-b23f48cb1ef67f2717bf4259852c44a3\" style=\"color:#2c3f90\"><strong>ANEXO 2. FOTOCOPIA EN PDF de la resoluci\u00f3n facultativa que aprueba el programa<\/strong><\/li>\n<\/ul>\n\n\n\n<h2 class=\"wp-block-heading has-white-color has-text-color has-background has-link-color wp-elements-9b3ceb703d30a46bf590a903deaa82e4\" style=\"background-color:#4566af;font-size:20px\">3. <a href=\"https:\/\/dipgis.umsa.bo\/wp-content\/uploads\/2024\/11\/NUEV-O-FORMATO-PARA-OFERTA-DE-PG-2025-1-1.doc\" data-type=\"link\" data-id=\"https:\/\/dipgis.umsa.bo\/wp-content\/uploads\/2024\/11\/NUEV-O-FORMATO-PARA-OFERTA-DE-PG-2025-1-1.doc\"><strong>NUEVO FORMATO PARA OFERTA DE POSTGRADO 2025<\/strong><\/a><\/h2>\n\n\n\n<p class=\"has-black-color has-text-color has-link-color wp-elements-9ac00cf961d1ea846fe5a532228b76c6\"><\/p>\n\n\n\n<p><\/p>\n","protected":false},"excerpt":{"rendered":"<p>En cumplimiento al Reglamento General de Estudios de Postgrado del Sistema de la Univeridad Boliviana, aprobado en el XIII Congreso de Universidades, se dispone la aplicaci\u00f3n de los siguientes nuevos formatos. 1. NUEVO FORMATO DEL INFORME DE CUMPLIMIENTO DE REQUISITOS PARA APROBAR PROGRAMAS DE POSTGRADO (A continuaci\u00f3n se detalla los documentos anexos que ayudar\u00e1n a [&hellip;]<\/p>\n","protected":false},"author":1,"featured_media":0,"parent":0,"menu_order":0,"comment_status":"closed","ping_status":"closed","template":"","meta":{"_editorskit_title_hidden":false,"_editorskit_reading_time":0,"_editorskit_is_block_options_detached":false,"_editorskit_block_options_position":"{}","advgb_blocks_editor_width":"","advgb_blocks_columns_visual_guide":"","_sitemap_exclude":false,"_sitemap_priority":"","_sitemap_frequency":"","ocean_post_layout":"","ocean_both_sidebars_style":"","ocean_both_sidebars_content_width":0,"ocean_both_sidebars_sidebars_width":0,"ocean_sidebar":"","ocean_second_sidebar":"","ocean_disable_margins":"enable","ocean_add_body_class":"","ocean_shortcode_before_top_bar":"","ocean_shortcode_after_top_bar":"","ocean_shortcode_before_header":"","ocean_shortcode_after_header":"","ocean_has_shortcode":"","ocean_shortcode_after_title":"","ocean_shortcode_before_footer_widgets":"","ocean_shortcode_after_footer_widgets":"","ocean_shortcode_before_footer_bottom":"","ocean_shortcode_after_footer_bottom":"","ocean_display_top_bar":"default","ocean_display_header":"default","ocean_header_style":"","ocean_center_header_left_menu":"","ocean_custom_header_template":"","ocean_custom_logo":0,"ocean_custom_retina_logo":0,"ocean_custom_logo_max_width":0,"ocean_custom_logo_tablet_max_width":0,"ocean_custom_logo_mobile_max_width":0,"ocean_custom_logo_max_height":0,"ocean_custom_logo_tablet_max_height":0,"ocean_custom_logo_mobile_max_height":0,"ocean_header_custom_menu":"","ocean_menu_typo_font_family":"","ocean_menu_typo_font_subset":"","ocean_menu_typo_font_size":0,"ocean_menu_typo_font_size_tablet":0,"ocean_menu_typo_font_size_mobile":0,"ocean_menu_typo_font_size_unit":"px","ocean_menu_typo_font_weight":"","ocean_menu_typo_font_weight_tablet":"","ocean_menu_typo_font_weight_mobile":"","ocean_menu_typo_transform":"","ocean_menu_typo_transform_tablet":"","ocean_menu_typo_transform_mobile":"","ocean_menu_typo_line_height":0,"ocean_menu_typo_line_height_tablet":0,"ocean_menu_typo_line_height_mobile":0,"ocean_menu_typo_line_height_unit":"","ocean_menu_typo_spacing":0,"ocean_menu_typo_spacing_tablet":0,"ocean_menu_typo_spacing_mobile":0,"ocean_menu_typo_spacing_unit":"","ocean_menu_link_color":"","ocean_menu_link_color_hover":"","ocean_menu_link_color_active":"","ocean_menu_link_background":"","ocean_menu_link_hover_background":"","ocean_menu_link_active_background":"","ocean_menu_social_links_bg":"","ocean_menu_social_hover_links_bg":"","ocean_menu_social_links_color":"","ocean_menu_social_hover_links_color":"","ocean_disable_title":"default","ocean_disable_heading":"default","ocean_post_title":"","ocean_post_subheading":"","ocean_post_title_style":"","ocean_post_title_background_color":"","ocean_post_title_background":0,"ocean_post_title_bg_image_position":"","ocean_post_title_bg_image_attachment":"","ocean_post_title_bg_image_repeat":"","ocean_post_title_bg_image_size":"","ocean_post_title_height":0,"ocean_post_title_bg_overlay":0.5,"ocean_post_title_bg_overlay_color":"","ocean_disable_breadcrumbs":"default","ocean_breadcrumbs_color":"","ocean_breadcrumbs_separator_color":"","ocean_breadcrumbs_links_color":"","ocean_breadcrumbs_links_hover_color":"","ocean_display_footer_widgets":"default","ocean_display_footer_bottom":"default","ocean_custom_footer_template":"","cybocfi_hide_featured_image":"","footnotes":""},"class_list":["post-4055","page","type-page","status-publish","hentry","entry"],"coauthors":[],"author_meta":{"author_link":"https:\/\/dipgis.umsa.bo\/?author=1","display_name":"srv_auth_7000"},"relative_dates":{"created":"Publicado 1 a\u00f1o hace","modified":"Actualizado 2 semanas hace"},"absolute_dates":{"created":"Publicado el 14 de noviembre de 2024","modified":"Actualizado el 27 de abril de 2026"},"absolute_dates_time":{"created":"Publicado el 14 de noviembre de 2024 15:55","modified":"Actualizado el 27 de abril de 2026 19:52"},"featured_img_caption":"","featured_img":false,"series_order":"","_links":{"self":[{"href":"https:\/\/dipgis.umsa.bo\/index.php?rest_route=\/wp\/v2\/pages\/4055","targetHints":{"allow":["GET"]}}],"collection":[{"href":"https:\/\/dipgis.umsa.bo\/index.php?rest_route=\/wp\/v2\/pages"}],"about":[{"href":"https:\/\/dipgis.umsa.bo\/index.php?rest_route=\/wp\/v2\/types\/page"}],"author":[{"embeddable":true,"href":"https:\/\/dipgis.umsa.bo\/index.php?rest_route=\/wp\/v2\/users\/1"}],"replies":[{"embeddable":true,"href":"https:\/\/dipgis.umsa.bo\/index.php?rest_route=%2Fwp%2Fv2%2Fcomments&post=4055"}],"version-history":[{"count":79,"href":"https:\/\/dipgis.umsa.bo\/index.php?rest_route=\/wp\/v2\/pages\/4055\/revisions"}],"predecessor-version":[{"id":7962,"href":"https:\/\/dipgis.umsa.bo\/index.php?rest_route=\/wp\/v2\/pages\/4055\/revisions\/7962"}],"wp:attachment":[{"href":"https:\/\/dipgis.umsa.bo\/index.php?rest_route=%2Fwp%2Fv2%2Fmedia&parent=4055"}],"curies":[{"name":"wp","href":"https:\/\/api.w.org\/{rel}","templated":true}]}}