{"id":4001,"date":"2024-11-01T15:07:41","date_gmt":"2024-11-01T15:07:41","guid":{"rendered":"https:\/\/dipgis.umsa.bo\/?page_id=4001"},"modified":"2024-11-20T16:46:17","modified_gmt":"2024-11-20T16:46:17","slug":"invetiga-umsa-2024","status":"publish","type":"page","link":"https:\/\/dipgis.umsa.bo\/?page_id=4001","title":{"rendered":"INVESTIGA UMSA 2024"},"content":{"rendered":"<div class=\"_df_book df-lite\" id=\"df_4029\"  _slug=\"4029\" data-title=\"convocatoria-investiga-umsa-2024\" wpoptions=\"true\" thumbtype=\"\" ><\/div><script class=\"df-shortcode-script\" nowprocket type=\"application\/javascript\">window.option_df_4029 = {\"outline\":[],\"autoEnableOutline\":\"false\",\"autoEnableThumbnail\":\"false\",\"overwritePDFOutline\":\"false\",\"direction\":\"1\",\"pageSize\":\"0\",\"source\":\"https:\\\/\\\/dipgis.umsa.bo\\\/wp-content\\\/uploads\\\/2024\\\/11\\\/CONVOCATORIA-INVESTIGA-UMSA-2024.para-publicacion.pdf\",\"wpOptions\":\"true\"}; if(window.DFLIP && window.DFLIP.parseBooks){window.DFLIP.parseBooks();}<\/script>\n\n\n\n<p><\/p>\n\n\n\n<h2 class=\"wp-block-heading\">ANEXOS<\/h2>\n\n\n\n<p class=\"has-medium-font-size\"><a href=\"https:\/\/dipgis.umsa.bo\/wp-content\/uploads\/2024\/11\/Anexo-1.-Carta-Presentacion.docx\"><strong>Anexo 1. Carta de Presentaci\u00f3n<\/strong><\/a><\/p>\n\n\n\n<p class=\"has-medium-font-size\"><a href=\"https:\/\/dipgis.umsa.bo\/wp-content\/uploads\/2024\/11\/Anexo-2.-PLANTILLA-REGISTRO-DE-PARTICIPANTES-INVESTIGA-UMSA2024.xlsx\"><strong>Anexo 2. Plantilla de registro de participantes por proyecto<\/strong><\/a><\/p>\n\n\n\n<p class=\"has-medium-font-size\"><a href=\"https:\/\/dipgis.umsa.bo\/wp-content\/uploads\/2024\/11\/Anexo-3.-Formato-articulo-cientifico.docx\"><strong>Anexo 3. Formato art\u00edculo cient\u00edfico<\/strong><\/a><\/p>\n\n\n\n<p class=\"has-medium-font-size\"><a href=\"https:\/\/dipgis.umsa.bo\/wp-content\/uploads\/2024\/11\/Anexo-Especificaciones-tecnicas-presentacion-de-videos.pdf\" data-type=\"link\" data-id=\"https:\/\/dipgis.umsa.bo\/wp-content\/uploads\/2024\/11\/Anexo-Especificaciones-tecnicas-presentacion-de-videos.pdf\"><strong>Anexo 4. Especificaciones para presentaci\u00f3n de v\u00eddeos<\/strong><\/a><\/p>\n\n\n\n<p class=\"has-medium-font-size\"><a href=\"https:\/\/dipgis.umsa.bo\/wp-content\/uploads\/2024\/11\/Anexo-5.-INSTRUCTIVO-PARA-PRESENTAR-DIAPOSITIVAS.docx\"><strong>Anexo 5. Instructivo para presentar diapositivas<\/strong><\/a><\/p>\n\n\n\n<p class=\"has-medium-font-size\"><strong><a href=\"https:\/\/dipgis.umsa.bo\/wp-content\/uploads\/2024\/11\/CONVOCATORIA-INVESTIGA-UMSA-2024.para-publicacion.pdf\" data-type=\"link\" data-id=\"https:\/\/dipgis.umsa.bo\/wp-content\/uploads\/2024\/11\/CONVOCATORIA-INVESTIGA-UMSA-2024.para-publicacion.pdf\">Anexo 6. Convocatoria INVESTIGA UMSA 2024<\/a><\/strong><\/p>\n\n\n\n<p class=\"has-medium-font-size\"><a href=\"https:\/\/dipgis.umsa.bo\/wp-content\/uploads\/2024\/11\/Poster-divulgativo-120x90-formato.pdf\"><strong>Anexo 7. Poster divulgativo formato 120&#215;90<\/strong><\/a><\/p>\n\n\n\n<h2 class=\"wp-block-heading has-vivid-red-color has-text-color has-link-color wp-elements-c28336ab0723a46a4f2885201e436212\">Archivos pre elaborados para realizaci\u00f3n de v\u00eddeos:<\/h2>\n\n\n\n<p class=\"has-medium-font-size\"><a href=\"https:\/\/bit.ly\/MaterialPREelaborado\"><strong>https:\/\/bit.ly\/MaterialPREelaborado<\/strong><\/a><\/p>\n\n\n\n<p><\/p>\n\n\n\n<div class=\"wp-block-advgb-button aligncenter\"><a class=\"wp-block-advgb-button_link advgbbtn-cbe65504-3b82-4eb8-842a-d75931b1c0b0\" href=\"https:\/\/docs.google.com\/forms\/d\/e\/1FAIpQLSed7neMNkvzs8JDDDZ0_SJzZe8shJYZjHesY0SZVa9-gaTLvw\/viewform?usp=sf_link\" target=\"_blank\" rel=\"noopener noreferrer\"><span>REG\u00cdSTRATE AQU\u00cd<\/span><\/a><\/div>\n<style class=\"advgb-styles-renderer\">.advgbbtn-cbe65504-3b82-4eb8-842a-d75931b1c0b0{font-size:18px;color:#fff !important;background-color:#2196f3 !important;margin:0px 0px 0px 0px !important;padding:10px 30px 10px 30px;border-width:1px !important;border-style:none;border-radius:50px !important;}.advgbbtn-cbe65504-3b82-4eb8-842a-d75931b1c0b0:hover{box-shadow:1px 1px 12px 0px #ccc;opacity:1;transition:all 0.2s ease;}.advgbbtn-cbe65504-3b82-4eb8-842a-d75931b1c0b0 > i {display: none !important;}<\/style>","protected":false},"excerpt":{"rendered":"<p>ANEXOS Anexo 1. Carta de Presentaci\u00f3n Anexo 2. Plantilla de registro de participantes por proyecto Anexo 3. Formato art\u00edculo cient\u00edfico Anexo 4. Especificaciones para presentaci\u00f3n de v\u00eddeos Anexo 5. Instructivo para presentar diapositivas Anexo 6. Convocatoria INVESTIGA UMSA 2024 Anexo 7. Poster divulgativo formato 120&#215;90 Archivos pre elaborados para realizaci\u00f3n de v\u00eddeos: https:\/\/bit.ly\/MaterialPREelaborado<\/p>\n","protected":false},"author":1,"featured_media":0,"parent":0,"menu_order":0,"comment_status":"closed","ping_status":"closed","template":"","meta":{"_editorskit_title_hidden":false,"_editorskit_reading_time":0,"_editorskit_is_block_options_detached":false,"_editorskit_block_options_position":"{}","advgb_blocks_editor_width":"","advgb_blocks_columns_visual_guide":"","_sitemap_exclude":false,"_sitemap_priority":"","_sitemap_frequency":"","ocean_post_layout":"","ocean_both_sidebars_style":"","ocean_both_sidebars_content_width":0,"ocean_both_sidebars_sidebars_width":0,"ocean_sidebar":"","ocean_second_sidebar":"","ocean_disable_margins":"enable","ocean_add_body_class":"","ocean_shortcode_before_top_bar":"","ocean_shortcode_after_top_bar":"","ocean_shortcode_before_header":"","ocean_shortcode_after_header":"","ocean_has_shortcode":"","ocean_shortcode_after_title":"","ocean_shortcode_before_footer_widgets":"","ocean_shortcode_after_footer_widgets":"","ocean_shortcode_before_footer_bottom":"","ocean_shortcode_after_footer_bottom":"","ocean_display_top_bar":"default","ocean_display_header":"default","ocean_header_style":"","ocean_center_header_left_menu":"","ocean_custom_header_template":"","ocean_custom_logo":0,"ocean_custom_retina_logo":0,"ocean_custom_logo_max_width":0,"ocean_custom_logo_tablet_max_width":0,"ocean_custom_logo_mobile_max_width":0,"ocean_custom_logo_max_height":0,"ocean_custom_logo_tablet_max_height":0,"ocean_custom_logo_mobile_max_height":0,"ocean_header_custom_menu":"","ocean_menu_typo_font_family":"","ocean_menu_typo_font_subset":"","ocean_menu_typo_font_size":0,"ocean_menu_typo_font_size_tablet":0,"ocean_menu_typo_font_size_mobile":0,"ocean_menu_typo_font_size_unit":"px","ocean_menu_typo_font_weight":"","ocean_menu_typo_font_weight_tablet":"","ocean_menu_typo_font_weight_mobile":"","ocean_menu_typo_transform":"","ocean_menu_typo_transform_tablet":"","ocean_menu_typo_transform_mobile":"","ocean_menu_typo_line_height":0,"ocean_menu_typo_line_height_tablet":0,"ocean_menu_typo_line_height_mobile":0,"ocean_menu_typo_line_height_unit":"","ocean_menu_typo_spacing":0,"ocean_menu_typo_spacing_tablet":0,"ocean_menu_typo_spacing_mobile":0,"ocean_menu_typo_spacing_unit":"","ocean_menu_link_color":"","ocean_menu_link_color_hover":"","ocean_menu_link_color_active":"","ocean_menu_link_background":"","ocean_menu_link_hover_background":"","ocean_menu_link_active_background":"","ocean_menu_social_links_bg":"","ocean_menu_social_hover_links_bg":"","ocean_menu_social_links_color":"","ocean_menu_social_hover_links_color":"","ocean_disable_title":"default","ocean_disable_heading":"default","ocean_post_title":"","ocean_post_subheading":"","ocean_post_title_style":"","ocean_post_title_background_color":"","ocean_post_title_background":0,"ocean_post_title_bg_image_position":"","ocean_post_title_bg_image_attachment":"","ocean_post_title_bg_image_repeat":"","ocean_post_title_bg_image_size":"","ocean_post_title_height":0,"ocean_post_title_bg_overlay":0.5,"ocean_post_title_bg_overlay_color":"","ocean_disable_breadcrumbs":"default","ocean_breadcrumbs_color":"","ocean_breadcrumbs_separator_color":"","ocean_breadcrumbs_links_color":"","ocean_breadcrumbs_links_hover_color":"","ocean_display_footer_widgets":"default","ocean_display_footer_bottom":"default","ocean_custom_footer_template":"","cybocfi_hide_featured_image":"","footnotes":""},"class_list":["post-4001","page","type-page","status-publish","hentry","entry"],"coauthors":[],"author_meta":{"author_link":"https:\/\/dipgis.umsa.bo\/?author=1","display_name":"srv_auth_7000"},"relative_dates":{"created":"Publicado 2 a\u00f1os hace","modified":"Actualizado 1 a\u00f1o hace"},"absolute_dates":{"created":"Publicado el 1 de noviembre de 2024","modified":"Actualizado el 20 de noviembre de 2024"},"absolute_dates_time":{"created":"Publicado el 1 de noviembre de 2024 15:07","modified":"Actualizado el 20 de noviembre de 2024 16:46"},"featured_img_caption":"","featured_img":false,"series_order":"","_links":{"self":[{"href":"https:\/\/dipgis.umsa.bo\/index.php?rest_route=\/wp\/v2\/pages\/4001","targetHints":{"allow":["GET"]}}],"collection":[{"href":"https:\/\/dipgis.umsa.bo\/index.php?rest_route=\/wp\/v2\/pages"}],"about":[{"href":"https:\/\/dipgis.umsa.bo\/index.php?rest_route=\/wp\/v2\/types\/page"}],"author":[{"embeddable":true,"href":"https:\/\/dipgis.umsa.bo\/index.php?rest_route=\/wp\/v2\/users\/1"}],"replies":[{"embeddable":true,"href":"https:\/\/dipgis.umsa.bo\/index.php?rest_route=%2Fwp%2Fv2%2Fcomments&post=4001"}],"version-history":[{"count":9,"href":"https:\/\/dipgis.umsa.bo\/index.php?rest_route=\/wp\/v2\/pages\/4001\/revisions"}],"predecessor-version":[{"id":4109,"href":"https:\/\/dipgis.umsa.bo\/index.php?rest_route=\/wp\/v2\/pages\/4001\/revisions\/4109"}],"wp:attachment":[{"href":"https:\/\/dipgis.umsa.bo\/index.php?rest_route=%2Fwp%2Fv2%2Fmedia&parent=4001"}],"curies":[{"name":"wp","href":"https:\/\/api.w.org\/{rel}","templated":true}]}}