{"id":3865,"date":"2024-09-30T21:35:21","date_gmt":"2024-09-30T21:35:21","guid":{"rendered":"https:\/\/dipgis.umsa.bo\/?page_id=3865"},"modified":"2024-10-01T21:26:29","modified_gmt":"2024-10-01T21:26:29","slug":"proyecto-multiproposito-basado-en-la-comunidad","status":"publish","type":"page","link":"https:\/\/dipgis.umsa.bo\/?page_id=3865","title":{"rendered":"PROYECTO MULTIPROP\u00d3SITO BASADO EN LA COMUNIDAD"},"content":{"rendered":"\n<div style=\"height:30px\" aria-hidden=\"true\" class=\"wp-block-spacer\"><\/div>\n\n\n\n<h3 class=\"wp-block-heading has-text-align-center\" style=\"font-size:28px\">\u201cPROYECTO MULTIPROP\u00d3SITO BASADO EN LA COMUNIDAD\u201d<\/h3>\n\n\n\n<h2 class=\"wp-block-heading has-text-align-center\" style=\"font-size:28px\"><strong>UNIVERSIDAD MAYOR DE SAN ANDR\u00c9S &#8211; \u00a0ASOCIACI\u00d3N DE PADRES Y MADRES DE FAMILIA \u201cJACHA URU\u201d CONFORMADO POR NI\u00d1OS, NI\u00d1AS Y J\u00d3VENES CON DISCAPACIDAD<\/strong><\/h2>\n\n\n\n<h2 class=\"wp-block-heading\"><strong>Qu\u00e9 hacemos<\/strong><\/h2>\n\n\n\n<p>Implementamos habilidades cognitivas, sociales y deportivas en ni\u00f1os, ni\u00f1as y j\u00f3venes con discapacidad para que adquieran mayores espacios y oportunidades que favorezcan su desarrollo emocional, social y f\u00edsico a trav\u00e9s de la neuro rehabilitaci\u00f3n basada en la comunidad, la estructura del esquema corporal, la implementaci\u00f3n de la medicina preventiva, una alimentaci\u00f3n saludable y la estructuraci\u00f3n de los principios psicomotrices, a trav\u00e9s del deporte, el juego y el disfrute.<\/p>\n\n\n\n<h2 class=\"wp-block-heading\"><strong>Aliados<\/strong><\/h2>\n\n\n\n<ul class=\"wp-block-list\">\n<li>Universidad Mayor de San Andr\u00e9s<\/li>\n\n\n\n<li>Asociaci\u00f3n de Padres y Madres de familia \u201cJacha Uru\u201d<\/li>\n\n\n\n<li>Departamento de Investigaci\u00f3n Posgrado e Interacci\u00f3n Social<\/li>\n<\/ul>\n\n\n\n<p><strong>La Universidad Mayor de San Andr\u00e9s<\/strong> fundada en 1830 tiene su sede en la ciudad de La Paz es la segunda universidad m\u00e1s antigua de Bolivia cumple con las funciones de formaci\u00f3n de talento humano y generaci\u00f3n de nuevos conocimientos mediante sus Facultades, Carreras e Institutos de Investigaci\u00f3n y Programas de Postgrado.<\/p>\n\n\n\n<p><strong>El Departamento de Investigaci\u00f3n Posgrado e Interacci\u00f3n Social,<\/strong> como parte de la estructura organizacional de la Universidad Mayor de San Andr\u00e9s, promueve la gesti\u00f3n de la investigaci\u00f3n, el posgrado y la interacci\u00f3n social transversal izando la innovaci\u00f3n.<\/p>\n\n\n\n<p><strong>La Asociaci\u00f3n de Padres y Madres de familia \u201cJacha Uru\u201d de j\u00f3venes y ni\u00f1os y ni\u00f1as con discapacidad <\/strong>esuna agrupaci\u00f3n constituida para crear conciencia sobre los derechos de las personas con discapacidad abogando por programas y pol\u00edticas que incorporen estrategias de rehabilitaci\u00f3n basadas en la comunidad para mejorar la salud, el bienestar y la inclusi\u00f3n.<\/p>\n\n\n\n<div style=\"height:20px\" aria-hidden=\"true\" class=\"wp-block-spacer\"><\/div>\n\n\n<div class=\"wp-block-image\">\n<figure class=\"aligncenter size-large\"><img decoding=\"async\" width=\"1024\" height=\"576\" data-src=\"https:\/\/dipgis.umsa.bo\/wp-content\/uploads\/2024\/09\/jachauru-1-1024x576.jpeg\" alt=\"\" class=\"wp-image-3874 lazyload\" data-srcset=\"https:\/\/dipgis.umsa.bo\/wp-content\/uploads\/2024\/09\/jachauru-1-1024x576.jpeg 1024w, https:\/\/dipgis.umsa.bo\/wp-content\/uploads\/2024\/09\/jachauru-1-300x169.jpeg 300w, https:\/\/dipgis.umsa.bo\/wp-content\/uploads\/2024\/09\/jachauru-1-768x432.jpeg 768w, https:\/\/dipgis.umsa.bo\/wp-content\/uploads\/2024\/09\/jachauru-1-800x450.jpeg 800w, https:\/\/dipgis.umsa.bo\/wp-content\/uploads\/2024\/09\/jachauru-1.jpeg 1032w\" data-sizes=\"(max-width: 1024px) 100vw, 1024px\" src=\"data:image\/svg+xml;base64,PHN2ZyB3aWR0aD0iMSIgaGVpZ2h0PSIxIiB4bWxucz0iaHR0cDovL3d3dy53My5vcmcvMjAwMC9zdmciPjwvc3ZnPg==\" style=\"--smush-placeholder-width: 1024px; --smush-placeholder-aspect-ratio: 1024\/576;\" \/><\/figure>\n<\/div>\n\n\n<div style=\"height:20px\" aria-hidden=\"true\" class=\"wp-block-spacer\"><\/div>\n\n\n\n<h2 class=\"wp-block-heading\"><strong>Asociados<\/strong><\/h2>\n\n\n\n<ul class=\"wp-block-list\">\n<li>Facultad de Medicina, Enfermer\u00eda, Nutrici\u00f3n y Tecnolog\u00eda M\u00e9dica, a trav\u00e9s de las Carreras de Tecnolog\u00eda M\u00e9dica en la menci\u00f3n de Fisioterapia<\/li>\n\n\n\n<li>Facultad de Humanidades y Ciencias de la Educaci\u00f3n con las Carreras de Psicolog\u00eda y Ciencias de Educaci\u00f3n.<\/li>\n<\/ul>\n\n\n\n<h2 class=\"wp-block-heading\"><strong>\u00c1reas de intervenci\u00f3n<\/strong><\/h2>\n\n\n\n<p>Ni\u00f1os, ni\u00f1as y j\u00f3venes con S\u00edndrome de Dow, Trastorno de Atenci\u00f3n, Hiperactividad, Autismo, Problemas con el habla, Hidrocefalia, Discapacidad Intelectual. A cargo de especialistas, docentes universitarios.<\/p>\n\n\n\n<p><strong>Padres y madres de familia, Dimensiones del Proyecto de Vida:<\/strong><\/p>\n\n\n\n<p><strong>\u00c1reas:<\/strong><\/p>\n\n\n\n<ul class=\"wp-block-list\">\n<li>Personal y Emocional<\/li>\n\n\n\n<li>Familiar<\/li>\n\n\n\n<li>Profesional<\/li>\n\n\n\n<li>Financiera<\/li>\n\n\n\n<li>Salud F\u00edsica<\/li>\n\n\n\n<li>Espiritual, entendiendo el establecimiento de metas, planificaci\u00f3n y acci\u00f3n, seguimiento y revisi\u00f3n.<\/li>\n<\/ul>\n\n\n\n<h2 class=\"wp-block-heading\"><strong>Poblaci\u00f3n beneficiada<\/strong><\/h2>\n\n\n\n<p>25 ni\u00f1os con discapacidad<\/p>\n\n\n\n<h2 class=\"wp-block-heading\"><strong>Actividades de intervenci\u00f3n<\/strong><\/h2>\n\n\n\n<ul class=\"wp-block-list\">\n<li>Talleresde psicolog\u00eda<\/li>\n\n\n\n<li>Un taller por mes<\/li>\n\n\n\n<li>Auditorio Geolog\u00eda<\/li>\n<\/ul>\n\n\n\n<h2 class=\"wp-block-heading\">Actividades de fisioterapia<\/h2>\n\n\n\n<ul class=\"wp-block-list\">\n<li>Dos s\u00e1bados por mes&nbsp;<\/li>\n\n\n\n<li>Especialistas en fisioterapia y estudiantes de 4to. a\u00f1o de la menci\u00f3n Fisioterapia<\/li>\n\n\n\n<li>Coliseo Universitario UMSA<\/li>\n<\/ul>\n\n\n\n<h2 class=\"wp-block-heading\">GALER\u00cdA DE FOTOS<\/h2>\n\n\n\n<figure class=\"wp-block-gallery has-nested-images columns-2 is-cropped wp-block-gallery-1 is-layout-flex wp-block-gallery-is-layout-flex\">\n<figure class=\"wp-block-image size-large\"><a href=\"https:\/\/dipgis.umsa.bo\/wp-content\/uploads\/2024\/10\/jachauru-11.jpeg\"><img decoding=\"async\" width=\"1024\" height=\"576\" data-id=\"3888\" data-src=\"https:\/\/dipgis.umsa.bo\/wp-content\/uploads\/2024\/10\/jachauru-11-1024x576.jpeg\" alt=\"\" class=\"wp-image-3888 lazyload\" data-srcset=\"https:\/\/dipgis.umsa.bo\/wp-content\/uploads\/2024\/10\/jachauru-11-1024x576.jpeg 1024w, https:\/\/dipgis.umsa.bo\/wp-content\/uploads\/2024\/10\/jachauru-11-300x169.jpeg 300w, https:\/\/dipgis.umsa.bo\/wp-content\/uploads\/2024\/10\/jachauru-11-768x432.jpeg 768w, https:\/\/dipgis.umsa.bo\/wp-content\/uploads\/2024\/10\/jachauru-11-1536x864.jpeg 1536w, https:\/\/dipgis.umsa.bo\/wp-content\/uploads\/2024\/10\/jachauru-11-800x450.jpeg 800w, https:\/\/dipgis.umsa.bo\/wp-content\/uploads\/2024\/10\/jachauru-11.jpeg 1599w\" data-sizes=\"(max-width: 1024px) 100vw, 1024px\" src=\"data:image\/svg+xml;base64,PHN2ZyB3aWR0aD0iMSIgaGVpZ2h0PSIxIiB4bWxucz0iaHR0cDovL3d3dy53My5vcmcvMjAwMC9zdmciPjwvc3ZnPg==\" style=\"--smush-placeholder-width: 1024px; --smush-placeholder-aspect-ratio: 1024\/576;\" \/><\/a><\/figure>\n\n\n\n<figure class=\"wp-block-image size-large\"><a href=\"https:\/\/dipgis.umsa.bo\/wp-content\/uploads\/2024\/10\/jachauru-10.jpeg\"><img decoding=\"async\" width=\"1024\" height=\"576\" data-id=\"3887\" data-src=\"https:\/\/dipgis.umsa.bo\/wp-content\/uploads\/2024\/10\/jachauru-10-1024x576.jpeg\" alt=\"\" class=\"wp-image-3887 lazyload\" data-srcset=\"https:\/\/dipgis.umsa.bo\/wp-content\/uploads\/2024\/10\/jachauru-10-1024x576.jpeg 1024w, https:\/\/dipgis.umsa.bo\/wp-content\/uploads\/2024\/10\/jachauru-10-300x169.jpeg 300w, https:\/\/dipgis.umsa.bo\/wp-content\/uploads\/2024\/10\/jachauru-10-768x432.jpeg 768w, https:\/\/dipgis.umsa.bo\/wp-content\/uploads\/2024\/10\/jachauru-10-1536x864.jpeg 1536w, https:\/\/dipgis.umsa.bo\/wp-content\/uploads\/2024\/10\/jachauru-10-800x450.jpeg 800w, https:\/\/dipgis.umsa.bo\/wp-content\/uploads\/2024\/10\/jachauru-10.jpeg 1599w\" data-sizes=\"(max-width: 1024px) 100vw, 1024px\" src=\"data:image\/svg+xml;base64,PHN2ZyB3aWR0aD0iMSIgaGVpZ2h0PSIxIiB4bWxucz0iaHR0cDovL3d3dy53My5vcmcvMjAwMC9zdmciPjwvc3ZnPg==\" style=\"--smush-placeholder-width: 1024px; --smush-placeholder-aspect-ratio: 1024\/576;\" \/><\/a><\/figure>\n\n\n\n<figure class=\"wp-block-image size-large\"><a href=\"https:\/\/dipgis.umsa.bo\/wp-content\/uploads\/2024\/10\/jachauru-9.jpeg\"><img decoding=\"async\" width=\"675\" height=\"720\" data-id=\"3886\" data-src=\"https:\/\/dipgis.umsa.bo\/wp-content\/uploads\/2024\/10\/jachauru-9.jpeg\" alt=\"\" class=\"wp-image-3886 lazyload\" data-srcset=\"https:\/\/dipgis.umsa.bo\/wp-content\/uploads\/2024\/10\/jachauru-9.jpeg 675w, https:\/\/dipgis.umsa.bo\/wp-content\/uploads\/2024\/10\/jachauru-9-281x300.jpeg 281w\" data-sizes=\"(max-width: 675px) 100vw, 675px\" src=\"data:image\/svg+xml;base64,PHN2ZyB3aWR0aD0iMSIgaGVpZ2h0PSIxIiB4bWxucz0iaHR0cDovL3d3dy53My5vcmcvMjAwMC9zdmciPjwvc3ZnPg==\" style=\"--smush-placeholder-width: 675px; --smush-placeholder-aspect-ratio: 675\/720;\" \/><\/a><figcaption class=\"wp-element-caption\">Dr. Marcelo Pacheco Camacho y Ms.C. Mariana Yahiara El\u00edas Carraza en la entrevista del canal universitario TVU, en el programa La UMSA en movimiento, exponiendo el proyecto multiprop\u00f3sito basado en la comunidad, informando sobre los seminarios taller en los que se aborda el tema \u00abPsicoeducaci\u00f3n relacionada con herramientas de resilencia y sentido de agencia para padres y madres con ni\u00f1os neurodivergentes\u00bb<\/figcaption><\/figure>\n\n\n\n<figure class=\"wp-block-image size-large\"><a href=\"https:\/\/dipgis.umsa.bo\/wp-content\/uploads\/2024\/09\/jachauru-3.jpeg\"><img decoding=\"async\" width=\"1024\" height=\"576\" data-id=\"3872\" data-src=\"https:\/\/dipgis.umsa.bo\/wp-content\/uploads\/2024\/09\/jachauru-3-1024x576.jpeg\" alt=\"\" class=\"wp-image-3872 lazyload\" data-srcset=\"https:\/\/dipgis.umsa.bo\/wp-content\/uploads\/2024\/09\/jachauru-3-1024x576.jpeg 1024w, https:\/\/dipgis.umsa.bo\/wp-content\/uploads\/2024\/09\/jachauru-3-300x169.jpeg 300w, https:\/\/dipgis.umsa.bo\/wp-content\/uploads\/2024\/09\/jachauru-3-768x432.jpeg 768w, https:\/\/dipgis.umsa.bo\/wp-content\/uploads\/2024\/09\/jachauru-3-800x450.jpeg 800w, https:\/\/dipgis.umsa.bo\/wp-content\/uploads\/2024\/09\/jachauru-3.jpeg 1032w\" data-sizes=\"(max-width: 1024px) 100vw, 1024px\" src=\"data:image\/svg+xml;base64,PHN2ZyB3aWR0aD0iMSIgaGVpZ2h0PSIxIiB4bWxucz0iaHR0cDovL3d3dy53My5vcmcvMjAwMC9zdmciPjwvc3ZnPg==\" style=\"--smush-placeholder-width: 1024px; --smush-placeholder-aspect-ratio: 1024\/576;\" \/><\/a><\/figure>\n\n\n\n<figure class=\"wp-block-image size-large\"><a href=\"https:\/\/dipgis.umsa.bo\/wp-content\/uploads\/2024\/09\/jachauru-2.jpeg\"><img decoding=\"async\" width=\"1024\" height=\"576\" data-id=\"3873\" data-src=\"https:\/\/dipgis.umsa.bo\/wp-content\/uploads\/2024\/09\/jachauru-2-1024x576.jpeg\" alt=\"\" class=\"wp-image-3873 lazyload\" data-srcset=\"https:\/\/dipgis.umsa.bo\/wp-content\/uploads\/2024\/09\/jachauru-2-1024x576.jpeg 1024w, https:\/\/dipgis.umsa.bo\/wp-content\/uploads\/2024\/09\/jachauru-2-300x169.jpeg 300w, https:\/\/dipgis.umsa.bo\/wp-content\/uploads\/2024\/09\/jachauru-2-768x432.jpeg 768w, https:\/\/dipgis.umsa.bo\/wp-content\/uploads\/2024\/09\/jachauru-2-800x450.jpeg 800w, https:\/\/dipgis.umsa.bo\/wp-content\/uploads\/2024\/09\/jachauru-2.jpeg 1032w\" data-sizes=\"(max-width: 1024px) 100vw, 1024px\" src=\"data:image\/svg+xml;base64,PHN2ZyB3aWR0aD0iMSIgaGVpZ2h0PSIxIiB4bWxucz0iaHR0cDovL3d3dy53My5vcmcvMjAwMC9zdmciPjwvc3ZnPg==\" style=\"--smush-placeholder-width: 1024px; --smush-placeholder-aspect-ratio: 1024\/576;\" \/><\/a><\/figure>\n\n\n\n<figure class=\"wp-block-image size-large\"><a href=\"https:\/\/dipgis.umsa.bo\/wp-content\/uploads\/2024\/09\/jachauru-1.jpeg\"><img decoding=\"async\" width=\"1024\" height=\"576\" data-id=\"3874\" data-src=\"https:\/\/dipgis.umsa.bo\/wp-content\/uploads\/2024\/09\/jachauru-1-1024x576.jpeg\" alt=\"\" class=\"wp-image-3874 lazyload\" data-srcset=\"https:\/\/dipgis.umsa.bo\/wp-content\/uploads\/2024\/09\/jachauru-1-1024x576.jpeg 1024w, https:\/\/dipgis.umsa.bo\/wp-content\/uploads\/2024\/09\/jachauru-1-300x169.jpeg 300w, https:\/\/dipgis.umsa.bo\/wp-content\/uploads\/2024\/09\/jachauru-1-768x432.jpeg 768w, https:\/\/dipgis.umsa.bo\/wp-content\/uploads\/2024\/09\/jachauru-1-800x450.jpeg 800w, https:\/\/dipgis.umsa.bo\/wp-content\/uploads\/2024\/09\/jachauru-1.jpeg 1032w\" data-sizes=\"(max-width: 1024px) 100vw, 1024px\" src=\"data:image\/svg+xml;base64,PHN2ZyB3aWR0aD0iMSIgaGVpZ2h0PSIxIiB4bWxucz0iaHR0cDovL3d3dy53My5vcmcvMjAwMC9zdmciPjwvc3ZnPg==\" style=\"--smush-placeholder-width: 1024px; --smush-placeholder-aspect-ratio: 1024\/576;\" \/><\/a><figcaption class=\"wp-element-caption\">Lic. Erick Laime Pally, docente de la carrera de Tecnolog\u00eda M\u00e9dica, menci\u00f3n fisioterapia y estudiantes de tercer a\u00f1o, realizando el taller de juegos de interacci\u00f3n con los ni\u00f1os y ni\u00f1as con discapacidad, en instalaciones del coliseo universitario.<\/figcaption><\/figure>\n\n\n\n<figure class=\"wp-block-image size-large\"><a href=\"https:\/\/dipgis.umsa.bo\/wp-content\/uploads\/2024\/10\/jachauru-8.jpeg\"><img decoding=\"async\" width=\"1024\" height=\"1004\" data-id=\"3885\" data-src=\"https:\/\/dipgis.umsa.bo\/wp-content\/uploads\/2024\/10\/jachauru-8-1024x1004.jpeg\" alt=\"\" class=\"wp-image-3885 lazyload\" data-srcset=\"https:\/\/dipgis.umsa.bo\/wp-content\/uploads\/2024\/10\/jachauru-8-1024x1004.jpeg 1024w, https:\/\/dipgis.umsa.bo\/wp-content\/uploads\/2024\/10\/jachauru-8-300x294.jpeg 300w, https:\/\/dipgis.umsa.bo\/wp-content\/uploads\/2024\/10\/jachauru-8-768x753.jpeg 768w, https:\/\/dipgis.umsa.bo\/wp-content\/uploads\/2024\/10\/jachauru-8.jpeg 1200w\" data-sizes=\"(max-width: 1024px) 100vw, 1024px\" src=\"data:image\/svg+xml;base64,PHN2ZyB3aWR0aD0iMSIgaGVpZ2h0PSIxIiB4bWxucz0iaHR0cDovL3d3dy53My5vcmcvMjAwMC9zdmciPjwvc3ZnPg==\" style=\"--smush-placeholder-width: 1024px; --smush-placeholder-aspect-ratio: 1024\/1004;\" \/><\/a><figcaption class=\"wp-element-caption\">Lic. Erick Laime Pally docente de la menci\u00f3n fisioterapia de la carrera de Tecnolog\u00eda M\u00e9dica y responsable del Proyecto entre la UMSA y Jachauru con ni\u00f1os y ni\u00f1as con discapacidad en el momento de la entrega a la Lic. Ofelia Bustillos, Responsable de la Instituci\u00f3n Jacha Uru, una copia del convenio multiproposito basado en la comunidad, en instalaciones de la Facultad de Ciencias Geol\u00f3gicas.<\/figcaption><\/figure>\n\n\n\n<figure class=\"wp-block-image size-large\"><a href=\"https:\/\/dipgis.umsa.bo\/wp-content\/uploads\/2024\/10\/jachauru-7.jpeg\"><img decoding=\"async\" width=\"899\" height=\"824\" data-id=\"3884\" data-src=\"https:\/\/dipgis.umsa.bo\/wp-content\/uploads\/2024\/10\/jachauru-7.jpeg\" alt=\"\" class=\"wp-image-3884 lazyload\" data-srcset=\"https:\/\/dipgis.umsa.bo\/wp-content\/uploads\/2024\/10\/jachauru-7.jpeg 899w, https:\/\/dipgis.umsa.bo\/wp-content\/uploads\/2024\/10\/jachauru-7-300x275.jpeg 300w, https:\/\/dipgis.umsa.bo\/wp-content\/uploads\/2024\/10\/jachauru-7-768x704.jpeg 768w\" data-sizes=\"(max-width: 899px) 100vw, 899px\" src=\"data:image\/svg+xml;base64,PHN2ZyB3aWR0aD0iMSIgaGVpZ2h0PSIxIiB4bWxucz0iaHR0cDovL3d3dy53My5vcmcvMjAwMC9zdmciPjwvc3ZnPg==\" style=\"--smush-placeholder-width: 899px; --smush-placeholder-aspect-ratio: 899\/824;\" \/><\/a><figcaption class=\"wp-element-caption\">El Dr. Marcelo Pacheco Camacho, docente de la carrera de Psicolog\u00eda, en uno de los talleres con las madres de los ni\u00f1os con discapacidad, en el auditorium de la Facultad de Ciencias Geol\u00f3gicas<\/figcaption><\/figure>\n\n\n\n<figure class=\"wp-block-image size-large\"><a href=\"https:\/\/dipgis.umsa.bo\/wp-content\/uploads\/2024\/10\/jachauru-6.jpeg\"><img decoding=\"async\" width=\"1024\" height=\"576\" data-id=\"3883\" data-src=\"https:\/\/dipgis.umsa.bo\/wp-content\/uploads\/2024\/10\/jachauru-6-1024x576.jpeg\" alt=\"\" class=\"wp-image-3883 lazyload\" data-srcset=\"https:\/\/dipgis.umsa.bo\/wp-content\/uploads\/2024\/10\/jachauru-6-1024x576.jpeg 1024w, https:\/\/dipgis.umsa.bo\/wp-content\/uploads\/2024\/10\/jachauru-6-300x169.jpeg 300w, https:\/\/dipgis.umsa.bo\/wp-content\/uploads\/2024\/10\/jachauru-6-768x432.jpeg 768w, https:\/\/dipgis.umsa.bo\/wp-content\/uploads\/2024\/10\/jachauru-6-1536x864.jpeg 1536w, https:\/\/dipgis.umsa.bo\/wp-content\/uploads\/2024\/10\/jachauru-6-800x450.jpeg 800w, https:\/\/dipgis.umsa.bo\/wp-content\/uploads\/2024\/10\/jachauru-6.jpeg 1599w\" data-sizes=\"(max-width: 1024px) 100vw, 1024px\" src=\"data:image\/svg+xml;base64,PHN2ZyB3aWR0aD0iMSIgaGVpZ2h0PSIxIiB4bWxucz0iaHR0cDovL3d3dy53My5vcmcvMjAwMC9zdmciPjwvc3ZnPg==\" style=\"--smush-placeholder-width: 1024px; --smush-placeholder-aspect-ratio: 1024\/576;\" \/><\/a><\/figure>\n\n\n\n<figure class=\"wp-block-image size-large\"><a href=\"https:\/\/dipgis.umsa.bo\/wp-content\/uploads\/2024\/10\/jachauru-5.jpeg\"><img decoding=\"async\" width=\"1013\" height=\"561\" data-id=\"3882\" data-src=\"https:\/\/dipgis.umsa.bo\/wp-content\/uploads\/2024\/10\/jachauru-5.jpeg\" alt=\"\" class=\"wp-image-3882 lazyload\" data-srcset=\"https:\/\/dipgis.umsa.bo\/wp-content\/uploads\/2024\/10\/jachauru-5.jpeg 1013w, https:\/\/dipgis.umsa.bo\/wp-content\/uploads\/2024\/10\/jachauru-5-300x166.jpeg 300w, https:\/\/dipgis.umsa.bo\/wp-content\/uploads\/2024\/10\/jachauru-5-768x425.jpeg 768w\" data-sizes=\"(max-width: 1013px) 100vw, 1013px\" src=\"data:image\/svg+xml;base64,PHN2ZyB3aWR0aD0iMSIgaGVpZ2h0PSIxIiB4bWxucz0iaHR0cDovL3d3dy53My5vcmcvMjAwMC9zdmciPjwvc3ZnPg==\" style=\"--smush-placeholder-width: 1013px; --smush-placeholder-aspect-ratio: 1013\/561;\" \/><\/a><\/figure>\n\n\n\n<figure class=\"wp-block-image size-large\"><a href=\"https:\/\/dipgis.umsa.bo\/wp-content\/uploads\/2024\/10\/jachauru-4.jpeg\"><img decoding=\"async\" width=\"1024\" height=\"577\" data-id=\"3881\" data-src=\"https:\/\/dipgis.umsa.bo\/wp-content\/uploads\/2024\/10\/jachauru-4-1024x577.jpeg\" alt=\"\" class=\"wp-image-3881 lazyload\" data-srcset=\"https:\/\/dipgis.umsa.bo\/wp-content\/uploads\/2024\/10\/jachauru-4-1024x577.jpeg 1024w, https:\/\/dipgis.umsa.bo\/wp-content\/uploads\/2024\/10\/jachauru-4-300x169.jpeg 300w, https:\/\/dipgis.umsa.bo\/wp-content\/uploads\/2024\/10\/jachauru-4-768x433.jpeg 768w, https:\/\/dipgis.umsa.bo\/wp-content\/uploads\/2024\/10\/jachauru-4-800x450.jpeg 800w, https:\/\/dipgis.umsa.bo\/wp-content\/uploads\/2024\/10\/jachauru-4.jpeg 1179w\" data-sizes=\"(max-width: 1024px) 100vw, 1024px\" src=\"data:image\/svg+xml;base64,PHN2ZyB3aWR0aD0iMSIgaGVpZ2h0PSIxIiB4bWxucz0iaHR0cDovL3d3dy53My5vcmcvMjAwMC9zdmciPjwvc3ZnPg==\" style=\"--smush-placeholder-width: 1024px; --smush-placeholder-aspect-ratio: 1024\/577;\" \/><\/a><\/figure>\n\n\n\n<figure class=\"wp-block-image size-large\"><img decoding=\"async\" width=\"661\" height=\"580\" data-id=\"3903\" data-src=\"https:\/\/dipgis.umsa.bo\/wp-content\/uploads\/2024\/10\/jachauru-12.jpg\" alt=\"\" class=\"wp-image-3903 lazyload\" data-srcset=\"https:\/\/dipgis.umsa.bo\/wp-content\/uploads\/2024\/10\/jachauru-12.jpg 661w, https:\/\/dipgis.umsa.bo\/wp-content\/uploads\/2024\/10\/jachauru-12-300x263.jpg 300w\" data-sizes=\"(max-width: 661px) 100vw, 661px\" src=\"data:image\/svg+xml;base64,PHN2ZyB3aWR0aD0iMSIgaGVpZ2h0PSIxIiB4bWxucz0iaHR0cDovL3d3dy53My5vcmcvMjAwMC9zdmciPjwvc3ZnPg==\" style=\"--smush-placeholder-width: 661px; --smush-placeholder-aspect-ratio: 661\/580;\" \/><figcaption class=\"wp-element-caption\">Lic. Wara Sotomayor Marquez en el taller de psicolog\u00eda, con las madres de Jacha Uru en instalaciones de la Facultad de Geolog\u00eda<\/figcaption><\/figure>\n\n\n\n<figure class=\"wp-block-image size-large\"><img decoding=\"async\" width=\"621\" height=\"1021\" data-id=\"3905\" data-src=\"https:\/\/dipgis.umsa.bo\/wp-content\/uploads\/2024\/10\/jachauru-13.jpg\" alt=\"\" class=\"wp-image-3905 lazyload\" data-srcset=\"https:\/\/dipgis.umsa.bo\/wp-content\/uploads\/2024\/10\/jachauru-13.jpg 621w, https:\/\/dipgis.umsa.bo\/wp-content\/uploads\/2024\/10\/jachauru-13-182x300.jpg 182w\" data-sizes=\"(max-width: 621px) 100vw, 621px\" src=\"data:image\/svg+xml;base64,PHN2ZyB3aWR0aD0iMSIgaGVpZ2h0PSIxIiB4bWxucz0iaHR0cDovL3d3dy53My5vcmcvMjAwMC9zdmciPjwvc3ZnPg==\" style=\"--smush-placeholder-width: 621px; --smush-placeholder-aspect-ratio: 621\/1021;\" \/><figcaption class=\"wp-element-caption\">El Dr. Mauro Costantino, Jefe del Depto de Investigaci\u00f3n, Postgrado e Interacci\u00f3n Social, participando del acto organizado por la instituci\u00f3n Jacha Uru en la realizaci\u00f3n del acto denominado \u00abContando mi historia\u00bb. Con la participaci\u00f3n de las familias de Jacha Uru en instalaciones del C\u00edrculo Japon\u00e9s<\/figcaption><\/figure>\n\n\n\n<figure class=\"wp-block-image size-large\"><img decoding=\"async\" width=\"607\" height=\"844\" data-id=\"3907\" data-src=\"https:\/\/dipgis.umsa.bo\/wp-content\/uploads\/2024\/10\/jachauru-14.jpg\" alt=\"\" class=\"wp-image-3907 lazyload\" data-srcset=\"https:\/\/dipgis.umsa.bo\/wp-content\/uploads\/2024\/10\/jachauru-14.jpg 607w, https:\/\/dipgis.umsa.bo\/wp-content\/uploads\/2024\/10\/jachauru-14-216x300.jpg 216w\" data-sizes=\"(max-width: 607px) 100vw, 607px\" src=\"data:image\/svg+xml;base64,PHN2ZyB3aWR0aD0iMSIgaGVpZ2h0PSIxIiB4bWxucz0iaHR0cDovL3d3dy53My5vcmcvMjAwMC9zdmciPjwvc3ZnPg==\" style=\"--smush-placeholder-width: 607px; --smush-placeholder-aspect-ratio: 607\/844;\" \/><\/figure>\n\n\n<\/figure>\n","protected":false},"excerpt":{"rendered":"<p>\u201cPROYECTO MULTIPROP\u00d3SITO BASADO EN LA COMUNIDAD\u201d UNIVERSIDAD MAYOR DE SAN ANDR\u00c9S &#8211; \u00a0ASOCIACI\u00d3N DE PADRES Y MADRES DE FAMILIA \u201cJACHA URU\u201d CONFORMADO POR NI\u00d1OS, NI\u00d1AS Y J\u00d3VENES CON DISCAPACIDAD Qu\u00e9 hacemos Implementamos habilidades cognitivas, sociales y deportivas en ni\u00f1os, ni\u00f1as y j\u00f3venes con discapacidad para que adquieran mayores espacios y oportunidades que favorezcan su desarrollo [&hellip;]<\/p>\n","protected":false},"author":1,"featured_media":0,"parent":0,"menu_order":0,"comment_status":"closed","ping_status":"closed","template":"","meta":{"_editorskit_title_hidden":false,"_editorskit_reading_time":0,"_editorskit_is_block_options_detached":false,"_editorskit_block_options_position":"{}","advgb_blocks_editor_width":"","advgb_blocks_columns_visual_guide":"","_sitemap_exclude":false,"_sitemap_priority":"","_sitemap_frequency":"","ocean_post_layout":"","ocean_both_sidebars_style":"","ocean_both_sidebars_content_width":0,"ocean_both_sidebars_sidebars_width":0,"ocean_sidebar":"","ocean_second_sidebar":"","ocean_disable_margins":"enable","ocean_add_body_class":"","ocean_shortcode_before_top_bar":"","ocean_shortcode_after_top_bar":"","ocean_shortcode_before_header":"","ocean_shortcode_after_header":"","ocean_has_shortcode":"","ocean_shortcode_after_title":"","ocean_shortcode_before_footer_widgets":"","ocean_shortcode_after_footer_widgets":"","ocean_shortcode_before_footer_bottom":"","ocean_shortcode_after_footer_bottom":"","ocean_display_top_bar":"default","ocean_display_header":"default","ocean_header_style":"","ocean_center_header_left_menu":"","ocean_custom_header_template":"","ocean_custom_logo":0,"ocean_custom_retina_logo":0,"ocean_custom_logo_max_width":0,"ocean_custom_logo_tablet_max_width":0,"ocean_custom_logo_mobile_max_width":0,"ocean_custom_logo_max_height":0,"ocean_custom_logo_tablet_max_height":0,"ocean_custom_logo_mobile_max_height":0,"ocean_header_custom_menu":"","ocean_menu_typo_font_family":"","ocean_menu_typo_font_subset":"","ocean_menu_typo_font_size":0,"ocean_menu_typo_font_size_tablet":0,"ocean_menu_typo_font_size_mobile":0,"ocean_menu_typo_font_size_unit":"px","ocean_menu_typo_font_weight":"","ocean_menu_typo_font_weight_tablet":"","ocean_menu_typo_font_weight_mobile":"","ocean_menu_typo_transform":"","ocean_menu_typo_transform_tablet":"","ocean_menu_typo_transform_mobile":"","ocean_menu_typo_line_height":0,"ocean_menu_typo_line_height_tablet":0,"ocean_menu_typo_line_height_mobile":0,"ocean_menu_typo_line_height_unit":"","ocean_menu_typo_spacing":0,"ocean_menu_typo_spacing_tablet":0,"ocean_menu_typo_spacing_mobile":0,"ocean_menu_typo_spacing_unit":"","ocean_menu_link_color":"","ocean_menu_link_color_hover":"","ocean_menu_link_color_active":"","ocean_menu_link_background":"","ocean_menu_link_hover_background":"","ocean_menu_link_active_background":"","ocean_menu_social_links_bg":"","ocean_menu_social_hover_links_bg":"","ocean_menu_social_links_color":"","ocean_menu_social_hover_links_color":"","ocean_disable_title":"default","ocean_disable_heading":"default","ocean_post_title":"","ocean_post_subheading":"","ocean_post_title_style":"","ocean_post_title_background_color":"","ocean_post_title_background":0,"ocean_post_title_bg_image_position":"","ocean_post_title_bg_image_attachment":"","ocean_post_title_bg_image_repeat":"","ocean_post_title_bg_image_size":"","ocean_post_title_height":0,"ocean_post_title_bg_overlay":0.5,"ocean_post_title_bg_overlay_color":"","ocean_disable_breadcrumbs":"default","ocean_breadcrumbs_color":"","ocean_breadcrumbs_separator_color":"","ocean_breadcrumbs_links_color":"","ocean_breadcrumbs_links_hover_color":"","ocean_display_footer_widgets":"default","ocean_display_footer_bottom":"default","ocean_custom_footer_template":"","cybocfi_hide_featured_image":"","footnotes":""},"class_list":["post-3865","page","type-page","status-publish","hentry","entry"],"coauthors":[],"author_meta":{"author_link":"https:\/\/dipgis.umsa.bo\/?author=1","display_name":"srv_auth_7000"},"relative_dates":{"created":"Publicado 2 a\u00f1os hace","modified":"Actualizado 2 a\u00f1os hace"},"absolute_dates":{"created":"Publicado el 30 de septiembre de 2024","modified":"Actualizado el 1 de octubre de 2024"},"absolute_dates_time":{"created":"Publicado el 30 de septiembre de 2024 21:35","modified":"Actualizado el 1 de octubre de 2024 21:26"},"featured_img_caption":"","featured_img":false,"series_order":"","_links":{"self":[{"href":"https:\/\/dipgis.umsa.bo\/index.php?rest_route=\/wp\/v2\/pages\/3865","targetHints":{"allow":["GET"]}}],"collection":[{"href":"https:\/\/dipgis.umsa.bo\/index.php?rest_route=\/wp\/v2\/pages"}],"about":[{"href":"https:\/\/dipgis.umsa.bo\/index.php?rest_route=\/wp\/v2\/types\/page"}],"author":[{"embeddable":true,"href":"https:\/\/dipgis.umsa.bo\/index.php?rest_route=\/wp\/v2\/users\/1"}],"replies":[{"embeddable":true,"href":"https:\/\/dipgis.umsa.bo\/index.php?rest_route=%2Fwp%2Fv2%2Fcomments&post=3865"}],"version-history":[{"count":14,"href":"https:\/\/dipgis.umsa.bo\/index.php?rest_route=\/wp\/v2\/pages\/3865\/revisions"}],"predecessor-version":[{"id":3908,"href":"https:\/\/dipgis.umsa.bo\/index.php?rest_route=\/wp\/v2\/pages\/3865\/revisions\/3908"}],"wp:attachment":[{"href":"https:\/\/dipgis.umsa.bo\/index.php?rest_route=%2Fwp%2Fv2%2Fmedia&parent=3865"}],"curies":[{"name":"wp","href":"https:\/\/api.w.org\/{rel}","templated":true}]}}