{"id":3851,"date":"2024-09-30T21:03:16","date_gmt":"2024-09-30T21:03:16","guid":{"rendered":"https:\/\/dipgis.umsa.bo\/?page_id=3851"},"modified":"2025-02-27T16:15:17","modified_gmt":"2025-02-27T16:15:17","slug":"programa-slim-umsa","status":"publish","type":"page","link":"https:\/\/dipgis.umsa.bo\/?page_id=3851","title":{"rendered":"PROGRAMA SLIM UMSA"},"content":{"rendered":"\n<div style=\"height:30px\" aria-hidden=\"true\" class=\"wp-block-spacer\"><\/div>\n\n\n\n<h2 class=\"wp-block-heading\"><strong>Programa de Vinculaci\u00f3n y Fortalecimiento a los Servicios Legales Integrales Municipales SLIM \u2013 UMSA<\/strong><\/h2>\n\n\n\n\n\n<figure class=\"wp-block-image size-large\"><img decoding=\"async\" width=\"2560\" height=\"1439\" data-src=\"https:\/\/dipgis.umsa.bo\/wp-content\/uploads\/2025\/02\/banner-SLIM-PORTADA-edited-scaled.jpg\" alt=\"\" class=\"wp-image-4506 lazyload\" style=\"--smush-placeholder-width: 2560px; --smush-placeholder-aspect-ratio: 2560\/1439;aspect-ratio:16\/9;object-fit:cover\" data-srcset=\"https:\/\/dipgis.umsa.bo\/wp-content\/uploads\/2025\/02\/banner-SLIM-PORTADA-edited-scaled.jpg 2560w, https:\/\/dipgis.umsa.bo\/wp-content\/uploads\/2025\/02\/banner-SLIM-PORTADA-edited-300x169.jpg 300w, https:\/\/dipgis.umsa.bo\/wp-content\/uploads\/2025\/02\/banner-SLIM-PORTADA-edited-1024x576.jpg 1024w, https:\/\/dipgis.umsa.bo\/wp-content\/uploads\/2025\/02\/banner-SLIM-PORTADA-edited-768x432.jpg 768w, https:\/\/dipgis.umsa.bo\/wp-content\/uploads\/2025\/02\/banner-SLIM-PORTADA-edited-1536x863.jpg 1536w, https:\/\/dipgis.umsa.bo\/wp-content\/uploads\/2025\/02\/banner-SLIM-PORTADA-edited-2048x1151.jpg 2048w, https:\/\/dipgis.umsa.bo\/wp-content\/uploads\/2025\/02\/banner-SLIM-PORTADA-edited-800x450.jpg 800w\" data-sizes=\"(max-width: 2560px) 100vw, 2560px\" src=\"data:image\/svg+xml;base64,PHN2ZyB3aWR0aD0iMSIgaGVpZ2h0PSIxIiB4bWxucz0iaHR0cDovL3d3dy53My5vcmcvMjAwMC9zdmciPjwvc3ZnPg==\" \/><\/figure>\n\n\n\n<div style=\"height:20px\" aria-hidden=\"true\" class=\"wp-block-spacer\"><\/div>\n\n\n\n<h2 class=\"wp-block-heading\"><strong>Sobre el Programa<\/strong><\/h2>\n\n\n\n<div class=\"wp-block-columns is-layout-flex wp-container-core-columns-is-layout-9d6595d7 wp-block-columns-is-layout-flex\">\n<div class=\"wp-block-column is-layout-flow wp-block-column-is-layout-flow\">\n<h2><strong>\u00bfQu\u00e9 es el SLIM?<\/strong><\/h2>\n\n\n\n<p>Los Servicios Legales Integrales Municipales (SLIM) son las instancias especializadas en la atenci\u00f3n de casos de <strong>Violencia en Raz\u00f3n de G\u00e9nero<\/strong> en los Gobiernos Aut\u00f3nomos Municipales, prestando servicios de protecci\u00f3n y atenci\u00f3n, en las \u00e1reas de: Derecho, Psicolog\u00eda y Trabajo Social, ante hechos de violencia, para lograr la sanci\u00f3n de los delitos denunciados patrocinando procesos en forma gratuita.<\/p>\n\n\n\n<p>&nbsp;Adem\u00e1s de promover acciones para la prevenci\u00f3n de la <strong>Violencia en Raz\u00f3n de G\u00e9nero<\/strong><\/p>\n<\/div>\n\n\n\n<div class=\"wp-block-column is-layout-flow wp-block-column-is-layout-flow\">\n<iframe width=\"560\" height=\"315\" data-src=\"https:\/\/www.youtube.com\/embed\/afthHTothZE?si=JXO-XzPfzQ6GW9g7\" title=\"YouTube video player\" frameborder=\"0\" allow=\"accelerometer; autoplay; clipboard-write; encrypted-media; gyroscope; picture-in-picture; web-share\" referrerpolicy=\"strict-origin-when-cross-origin\" allowfullscreen src=\"data:image\/svg+xml;base64,PHN2ZyB3aWR0aD0iMSIgaGVpZ2h0PSIxIiB4bWxucz0iaHR0cDovL3d3dy53My5vcmcvMjAwMC9zdmciPjwvc3ZnPg==\" class=\"lazyload\" data-load-mode=\"1\"><\/iframe>\n<\/div>\n<\/div>\n\n\n\n<div style=\"height:20px\" aria-hidden=\"true\" class=\"wp-block-spacer\"><\/div>\n\n\n\n<h2 class=\"wp-block-heading\"><strong>\u00bfQu\u00e9 es el programa SLIM-UMSA?<\/strong><\/h2>\n\n\n\n<p>El objetivo del programa SLIM &#8211; UMSA es fortalecer, los Servicios Legales Integrales Municipales (SLIM) a trav\u00e9s de la articulaci\u00f3n de la universidad con los gobiernos aut\u00f3nomos departamentales y municipales.<\/p>\n\n\n\n<p>Las carreras que intervienen son: Derecho, Psicolog\u00eda y Trabajo Social, bajo la coordinaci\u00f3n del Departamento de Investigaci\u00f3n, Postgrado e Interacci\u00f3n Social (DIPGIS) a trav\u00e9s de la Unidad de Interacci\u00f3n Social.<\/p>\n\n\n\n<p>La Universidad Mayor de San Andr\u00e9s, tiene como uno de sus mandatos rectores la lucha contra la \u00abviolencia de g\u00e9nero\u00bb, por este motivo el Programa de Vinculaci\u00f3n y Fortalecimiento a los Servicios Legales Integrales Municipales SLIM &#8211; UMSA fue Homologado mediante Resoluci\u00f3n del Comit\u00e9 Ejecutivo del Honorable Concejo Universitario N\u00b0 634\/2019.<\/p>\n\n\n\n<p>Este Programa es impulsado por la Cooperaci\u00f3n Sueca y Cooperaci\u00f3n Suiza a trav\u00e9s del Proyecto Mercados Inclusivos implementado por Swisscontact en Bolivia.<\/p>\n\n\n\n<div style=\"height:20px\" aria-hidden=\"true\" class=\"wp-block-spacer\"><\/div>\n\n\n\n<div class=\"wp-block-columns is-layout-flex wp-container-core-columns-is-layout-9d6595d7 wp-block-columns-is-layout-flex\">\n<div class=\"wp-block-column is-layout-flow wp-block-column-is-layout-flow\">\n<div class=\"wp-block-columns is-layout-flex wp-container-core-columns-is-layout-9d6595d7 wp-block-columns-is-layout-flex\">\n<div class=\"wp-block-column is-layout-flow wp-block-column-is-layout-flow\">\n<figure class=\"wp-block-image size-large hvr-pulse\"><a href=\"https:\/\/dipgis.umsa.bo\/?page_id=4671\"><img decoding=\"async\" width=\"1024\" height=\"303\" data-src=\"https:\/\/dipgis.umsa.bo\/wp-content\/uploads\/2025\/02\/SLIM-TALLER-DE-INDUCCION-1024x303.png\" alt=\"\" class=\"wp-image-4457 lazyload\" data-srcset=\"https:\/\/dipgis.umsa.bo\/wp-content\/uploads\/2025\/02\/SLIM-TALLER-DE-INDUCCION-1024x303.png 1024w, https:\/\/dipgis.umsa.bo\/wp-content\/uploads\/2025\/02\/SLIM-TALLER-DE-INDUCCION-300x89.png 300w, https:\/\/dipgis.umsa.bo\/wp-content\/uploads\/2025\/02\/SLIM-TALLER-DE-INDUCCION-768x228.png 768w, https:\/\/dipgis.umsa.bo\/wp-content\/uploads\/2025\/02\/SLIM-TALLER-DE-INDUCCION-1536x455.png 1536w, https:\/\/dipgis.umsa.bo\/wp-content\/uploads\/2025\/02\/SLIM-TALLER-DE-INDUCCION-2048x607.png 2048w\" data-sizes=\"(max-width: 1024px) 100vw, 1024px\" src=\"data:image\/svg+xml;base64,PHN2ZyB3aWR0aD0iMSIgaGVpZ2h0PSIxIiB4bWxucz0iaHR0cDovL3d3dy53My5vcmcvMjAwMC9zdmciPjwvc3ZnPg==\" style=\"--smush-placeholder-width: 1024px; --smush-placeholder-aspect-ratio: 1024\/303;\" \/><\/a><\/figure>\n<\/div>\n\n\n\n<div class=\"wp-block-column is-layout-flow wp-block-column-is-layout-flow\">\n<figure class=\"wp-block-image size-large hvr-pulse\"><a href=\"https:\/\/dipgis.umsa.bo\/?page_id=4646\"><img decoding=\"async\" width=\"1024\" height=\"323\" data-src=\"https:\/\/dipgis.umsa.bo\/wp-content\/uploads\/2025\/02\/SLIM-NOTAS-DE-PRENSA-1024x323.png\" alt=\"\" class=\"wp-image-4456 lazyload\" data-srcset=\"https:\/\/dipgis.umsa.bo\/wp-content\/uploads\/2025\/02\/SLIM-NOTAS-DE-PRENSA-1024x323.png 1024w, https:\/\/dipgis.umsa.bo\/wp-content\/uploads\/2025\/02\/SLIM-NOTAS-DE-PRENSA-300x95.png 300w, https:\/\/dipgis.umsa.bo\/wp-content\/uploads\/2025\/02\/SLIM-NOTAS-DE-PRENSA-768x242.png 768w, https:\/\/dipgis.umsa.bo\/wp-content\/uploads\/2025\/02\/SLIM-NOTAS-DE-PRENSA-1536x484.png 1536w, https:\/\/dipgis.umsa.bo\/wp-content\/uploads\/2025\/02\/SLIM-NOTAS-DE-PRENSA-2048x645.png 2048w\" data-sizes=\"(max-width: 1024px) 100vw, 1024px\" src=\"data:image\/svg+xml;base64,PHN2ZyB3aWR0aD0iMSIgaGVpZ2h0PSIxIiB4bWxucz0iaHR0cDovL3d3dy53My5vcmcvMjAwMC9zdmciPjwvc3ZnPg==\" style=\"--smush-placeholder-width: 1024px; --smush-placeholder-aspect-ratio: 1024\/323;\" \/><\/a><\/figure>\n<\/div>\n<\/div>\n<\/div>\n\n\n\n<div class=\"wp-block-column is-layout-flow wp-block-column-is-layout-flow\">\n<div class=\"wp-block-columns is-layout-flex wp-container-core-columns-is-layout-9d6595d7 wp-block-columns-is-layout-flex\">\n<div class=\"wp-block-column is-layout-flow wp-block-column-is-layout-flow\">\n<figure class=\"wp-block-image size-large hvr-pulse\"><a href=\"https:\/\/dipgis.umsa.bo\/?page_id=4477\"><img decoding=\"async\" width=\"1024\" height=\"288\" data-src=\"https:\/\/dipgis.umsa.bo\/wp-content\/uploads\/2025\/02\/SLIM-MUNICIPIOS-1024x288.png\" alt=\"\" class=\"wp-image-4455 lazyload\" data-srcset=\"https:\/\/dipgis.umsa.bo\/wp-content\/uploads\/2025\/02\/SLIM-MUNICIPIOS-1024x288.png 1024w, https:\/\/dipgis.umsa.bo\/wp-content\/uploads\/2025\/02\/SLIM-MUNICIPIOS-300x84.png 300w, https:\/\/dipgis.umsa.bo\/wp-content\/uploads\/2025\/02\/SLIM-MUNICIPIOS-768x216.png 768w, https:\/\/dipgis.umsa.bo\/wp-content\/uploads\/2025\/02\/SLIM-MUNICIPIOS-1536x433.png 1536w, https:\/\/dipgis.umsa.bo\/wp-content\/uploads\/2025\/02\/SLIM-MUNICIPIOS-2048x577.png 2048w\" data-sizes=\"(max-width: 1024px) 100vw, 1024px\" src=\"data:image\/svg+xml;base64,PHN2ZyB3aWR0aD0iMSIgaGVpZ2h0PSIxIiB4bWxucz0iaHR0cDovL3d3dy53My5vcmcvMjAwMC9zdmciPjwvc3ZnPg==\" style=\"--smush-placeholder-width: 1024px; --smush-placeholder-aspect-ratio: 1024\/288;\" \/><\/a><\/figure>\n<\/div>\n\n\n\n<div class=\"wp-block-column is-layout-flow wp-block-column-is-layout-flow\">\n<figure class=\"wp-block-image size-large hvr-pulse\"><img decoding=\"async\" width=\"1024\" height=\"299\" data-src=\"https:\/\/dipgis.umsa.bo\/wp-content\/uploads\/2025\/02\/SLIM-MATERIALES-DE-PREVENCION-1024x299.png\" alt=\"\" class=\"wp-image-4454 lazyload\" data-srcset=\"https:\/\/dipgis.umsa.bo\/wp-content\/uploads\/2025\/02\/SLIM-MATERIALES-DE-PREVENCION-1024x299.png 1024w, https:\/\/dipgis.umsa.bo\/wp-content\/uploads\/2025\/02\/SLIM-MATERIALES-DE-PREVENCION-300x88.png 300w, https:\/\/dipgis.umsa.bo\/wp-content\/uploads\/2025\/02\/SLIM-MATERIALES-DE-PREVENCION-768x224.png 768w, https:\/\/dipgis.umsa.bo\/wp-content\/uploads\/2025\/02\/SLIM-MATERIALES-DE-PREVENCION-1536x449.png 1536w, https:\/\/dipgis.umsa.bo\/wp-content\/uploads\/2025\/02\/SLIM-MATERIALES-DE-PREVENCION-2048x598.png 2048w\" data-sizes=\"(max-width: 1024px) 100vw, 1024px\" src=\"data:image\/svg+xml;base64,PHN2ZyB3aWR0aD0iMSIgaGVpZ2h0PSIxIiB4bWxucz0iaHR0cDovL3d3dy53My5vcmcvMjAwMC9zdmciPjwvc3ZnPg==\" style=\"--smush-placeholder-width: 1024px; --smush-placeholder-aspect-ratio: 1024\/299;\" \/><\/figure>\n<\/div>\n<\/div>\n<\/div>\n<\/div>\n\n\n\n<div style=\"height:20px\" aria-hidden=\"true\" class=\"wp-block-spacer\"><\/div>\n\n\n\n<h2><strong>BENEFICIOS DEL PROGRAMA<\/strong><\/h2>\n<h2><strong>SLIM &#8211; UMSA<\/strong><\/h2>\n<p style=\"text-align: justify;\">Ampliar la cobertura y calidad de atenci\u00f3n, prevenci\u00f3n y protecci\u00f3n de los SLIMS a trav\u00e9s del apoyo de estudiantes de \u00faltimo grado de las carreras de Derecho, Psicolog\u00eda y Trabajo Social, supervisados por sus docentes universitarios, bajo la coordinaci\u00f3n del personal profesional multidisciplinario de los SLIMS, y potenciar la interacci\u00f3n social de la universidad con las problem\u00e1ticas reales del contexto rural.<\/p>\n<h2><strong>\u00bfC\u00f3mo ser parte del programa?<\/strong><\/h2>\n<h2><strong>GOBIERNOS DEPARTAMENTALES \/ MUNICIPALES<\/strong><\/h2>\n<p style=\"text-align: justify;\">Este trabajo es realizado a partir de la firma de convenios Interinstitucionales Alianzas Estrategicas entre los Gobiernos Departamentales o Municipales y las carreras de Derecho, Psicolog\u00eda y Trabajo Social; bajo la coordinaci\u00f3n de la Unidad de Interacci\u00f3n Social del Departamento de Investigaci\u00f3n, Postgrado e Interacci\u00f3n Social.<\/p>\n<h2><strong>UNIVERSITARIOS\/ AS<\/strong><\/h2>\n<p style=\"text-align: justify;\">La vinculaci\u00f3n entre la universidad y los SLIM se efect\u00faa a trav\u00e9s de la incorporaci\u00f3n de estudiantes de las carreras de Derecho, Psicolog\u00eda y Trabajo Social; con el objetivo de brindar a los estudiantes a que realicen su pr\u00e1ctica pre profesional en modalidad de graduaci\u00f3n trabajo dirigido. En ambos casos los interesados en participar del programa podr\u00e1n acudir a las oficinas de la Unidad de Interacci\u00f3n Social del Departamento de Investigaci\u00f3n Postgrado e Interacci\u00f3n Social de la UMSA y recabar los requisitos.<\/p>\n<h2><strong>Nuestros Aliados<\/strong><\/h2>\n<h2>Cooperaci\u00f3n Internacional<\/h2>\n<ul>\n<li>Cooperaci\u00f3n Suiza y Cooperaci\u00f3n Sueca a trav\u00e9s del Proyecto Mercados Inclusivos, Ejecutado en Bolivia por SWISSCONTACT<\/li>\n<li>Universidad Mayor de San Andr\u00e9s<\/li>\n<li>Carrera de Derecho<\/li>\n<li>Carrera de Psicolog\u00eda<\/li>\n<li>Carrera de Trabajo Social<\/li>\n<li>Carrera de Medicina<\/li>\n<li>Carrera de Ciencias de la Comunicaci\u00f3n Social<\/li>\n<li>Carrera de Inform\u00e1tica<\/li>\n<\/ul>\n<h2>Gobiernos Municipales<\/h2>\n<ul>\n<li>Gobierno Aut\u00f3nomo Municipal Ecol\u00f3gico Productivo de Achocalla<\/li>\n<li>Gobierno Aut\u00f3nomo Municipal de Patacamaya<\/li>\n<li>Gobierno Aut\u00f3nomo Municipal de Umala<\/li>\n<li>Gobierno Aut\u00f3nomo Municipal de Tihuanacu<\/li>\n<li>Gobierno Aut\u00f3nomo Municipal de Laja<\/li>\n<li>Gobierno Aut\u00f3nomo Municipal de Sapahaqui<\/li>\n<li>Gobierno Aut\u00f3nomo Municipal de Viacha<\/li>\n<li>Gobierno Aut\u00f3nomo Municipal de Coripata<\/li>\n<li>Gobierno Aut\u00f3nomo Municipal de Palca<\/li>\n<li>Gobierno Aut\u00f3nomo Municipal de Santiago de Huata<\/li>\n<\/ul>\n<h2>Universidades Bolivianas<\/h2>\n<ul>\n<li>Universidad Aut\u00f3noma Juan Misael Saracho (Tarija)<\/li>\n<li>Universidad T\u00e9cnica de Oruro (Oruro)<\/li>\n<li>Universidad Aut\u00f3noma Tom\u00e1s Fr\u00edas (Potos\u00ed)<\/li>\n<li>Universidad Nacional del Siglo XX (Oruro)<\/li>\n<li>Universidad Aut\u00f3noma Gabriel Ren\u00e9 Moreno (Santa Cruz)<\/li>\n<li>Universidad Mayor San Francisco Xavier de Chuquisaca (Sucre)<\/li>\n<\/ul>\n<h2>Instituciones<\/h2>\n<ul>\n<li>SWISSCONTACT<\/li>\n<li>Fundaci\u00f3n Suyana<\/li>\n<li>Misi\u00f3n Internacional de Justicia (IJM)<\/li>\n<li>Ministerio de Justicia<\/li>\n<li>Acci\u00f3n por los Derechos Humanos<\/li>\n<li>Centro de Promoci\u00f3n de la Salud Integral (CEPROSI)<\/li>\n<li>Fundaci\u00f3n PROFIN<\/li>\n<\/ul>\n<p><strong><u>PILARES DEL PROGRAMA SLIM UMA<\/u><\/strong><\/p>\n<p><strong><u>\u00c1reas de Trabajo<\/u><\/strong><\/p>\n<p><strong>Fortalecimiento<\/strong><\/p>\n<p style=\"text-align: justify;\">Mediante la incorporaci\u00f3n de equipos multidisciplinarios de estudiantes de las Carreras de Derecho, Trabajo Social y Psicolog\u00eda de la Universidad Mayor de San Andr\u00e9s.<\/p>\n<p><strong>Mejora<\/strong><\/p>\n<p style=\"text-align: justify;\">A partir de actividades de investigaci\u00f3n y ejecuci\u00f3n de proyectos con enfoque social y multidisciplinarios.<\/p>\n<p><strong>Asesoramiento<\/strong><\/p>\n<p style=\"text-align: justify;\">En la conformaci\u00f3n de los Servicios Legales Integrales Municipales (SLIM) para fortalecer la gesti\u00f3n social y el desarrollo de las competencias t\u00e9cnicas del personal para una mejor atenci\u00f3n.<\/p>\n<p style=\"text-align: justify;\"><strong>Contacto:<\/strong> \u00c1rea de Interacci\u00f3n Social del Departamento de Investigaci\u00f3n, Postgrado e Interacci\u00f3n Social de la Universidad Mayor de San Andr\u00e9s &#8211; Elizabeth Guzm\u00e1n cel. 71239081 \u2013 email p.slimumsa@gmail.com<\/p>\n\n\n\n<p><\/p>\n\n\n\n<p><\/p>\n\n\n\n<div style=\"height:20px\" aria-hidden=\"true\" class=\"wp-block-spacer\"><\/div>\n\n\n\n<div style=\"height:20px\" aria-hidden=\"true\" class=\"wp-block-spacer\"><\/div>\n\n\n\n\n","protected":false},"excerpt":{"rendered":"<p>Programa de Vinculaci\u00f3n y Fortalecimiento a los Servicios Legales Integrales Municipales SLIM \u2013 UMSA Sobre el Programa Los Servicios Legales Integrales Municipales (SLIM) son las instancias especializadas en la atenci\u00f3n de casos de Violencia en Raz\u00f3n de G\u00e9nero en los Gobiernos Aut\u00f3nomos Municipales, prestando servicios de protecci\u00f3n y atenci\u00f3n, en las \u00e1reas de: Derecho, Psicolog\u00eda [&hellip;]<\/p>\n","protected":false},"author":1,"featured_media":0,"parent":0,"menu_order":0,"comment_status":"closed","ping_status":"closed","template":"","meta":{"_editorskit_title_hidden":false,"_editorskit_reading_time":0,"_editorskit_is_block_options_detached":false,"_editorskit_block_options_position":"{}","advgb_blocks_editor_width":"","advgb_blocks_columns_visual_guide":"","_sitemap_exclude":false,"_sitemap_priority":"","_sitemap_frequency":"","ocean_post_layout":"","ocean_both_sidebars_style":"","ocean_both_sidebars_content_width":0,"ocean_both_sidebars_sidebars_width":0,"ocean_sidebar":"","ocean_second_sidebar":"","ocean_disable_margins":"enable","ocean_add_body_class":"","ocean_shortcode_before_top_bar":"","ocean_shortcode_after_top_bar":"","ocean_shortcode_before_header":"","ocean_shortcode_after_header":"","ocean_has_shortcode":"","ocean_shortcode_after_title":"","ocean_shortcode_before_footer_widgets":"","ocean_shortcode_after_footer_widgets":"","ocean_shortcode_before_footer_bottom":"","ocean_shortcode_after_footer_bottom":"","ocean_display_top_bar":"default","ocean_display_header":"default","ocean_header_style":"","ocean_center_header_left_menu":"","ocean_custom_header_template":"","ocean_custom_logo":0,"ocean_custom_retina_logo":0,"ocean_custom_logo_max_width":0,"ocean_custom_logo_tablet_max_width":0,"ocean_custom_logo_mobile_max_width":0,"ocean_custom_logo_max_height":0,"ocean_custom_logo_tablet_max_height":0,"ocean_custom_logo_mobile_max_height":0,"ocean_header_custom_menu":"","ocean_menu_typo_font_family":"","ocean_menu_typo_font_subset":"","ocean_menu_typo_font_size":0,"ocean_menu_typo_font_size_tablet":0,"ocean_menu_typo_font_size_mobile":0,"ocean_menu_typo_font_size_unit":"px","ocean_menu_typo_font_weight":"","ocean_menu_typo_font_weight_tablet":"","ocean_menu_typo_font_weight_mobile":"","ocean_menu_typo_transform":"","ocean_menu_typo_transform_tablet":"","ocean_menu_typo_transform_mobile":"","ocean_menu_typo_line_height":0,"ocean_menu_typo_line_height_tablet":0,"ocean_menu_typo_line_height_mobile":0,"ocean_menu_typo_line_height_unit":"","ocean_menu_typo_spacing":0,"ocean_menu_typo_spacing_tablet":0,"ocean_menu_typo_spacing_mobile":0,"ocean_menu_typo_spacing_unit":"","ocean_menu_link_color":"","ocean_menu_link_color_hover":"","ocean_menu_link_color_active":"","ocean_menu_link_background":"","ocean_menu_link_hover_background":"","ocean_menu_link_active_background":"","ocean_menu_social_links_bg":"","ocean_menu_social_hover_links_bg":"","ocean_menu_social_links_color":"","ocean_menu_social_hover_links_color":"","ocean_disable_title":"default","ocean_disable_heading":"default","ocean_post_title":"","ocean_post_subheading":"","ocean_post_title_style":"","ocean_post_title_background_color":"","ocean_post_title_background":0,"ocean_post_title_bg_image_position":"","ocean_post_title_bg_image_attachment":"","ocean_post_title_bg_image_repeat":"","ocean_post_title_bg_image_size":"","ocean_post_title_height":0,"ocean_post_title_bg_overlay":0.5,"ocean_post_title_bg_overlay_color":"","ocean_disable_breadcrumbs":"default","ocean_breadcrumbs_color":"","ocean_breadcrumbs_separator_color":"","ocean_breadcrumbs_links_color":"","ocean_breadcrumbs_links_hover_color":"","ocean_display_footer_widgets":"default","ocean_display_footer_bottom":"default","ocean_custom_footer_template":"","cybocfi_hide_featured_image":"","footnotes":""},"class_list":["post-3851","page","type-page","status-publish","hentry","entry"],"coauthors":[],"author_meta":{"author_link":"https:\/\/dipgis.umsa.bo\/?author=1","display_name":"srv_auth_7000"},"relative_dates":{"created":"Publicado 2 a\u00f1os hace","modified":"Actualizado 1 a\u00f1o hace"},"absolute_dates":{"created":"Publicado el 30 de septiembre de 2024","modified":"Actualizado el 27 de febrero de 2025"},"absolute_dates_time":{"created":"Publicado el 30 de septiembre de 2024 21:03","modified":"Actualizado el 27 de febrero de 2025 16:15"},"featured_img_caption":"","featured_img":false,"series_order":"","_links":{"self":[{"href":"https:\/\/dipgis.umsa.bo\/index.php?rest_route=\/wp\/v2\/pages\/3851","targetHints":{"allow":["GET"]}}],"collection":[{"href":"https:\/\/dipgis.umsa.bo\/index.php?rest_route=\/wp\/v2\/pages"}],"about":[{"href":"https:\/\/dipgis.umsa.bo\/index.php?rest_route=\/wp\/v2\/types\/page"}],"author":[{"embeddable":true,"href":"https:\/\/dipgis.umsa.bo\/index.php?rest_route=\/wp\/v2\/users\/1"}],"replies":[{"embeddable":true,"href":"https:\/\/dipgis.umsa.bo\/index.php?rest_route=%2Fwp%2Fv2%2Fcomments&post=3851"}],"version-history":[{"count":16,"href":"https:\/\/dipgis.umsa.bo\/index.php?rest_route=\/wp\/v2\/pages\/3851\/revisions"}],"predecessor-version":[{"id":4675,"href":"https:\/\/dipgis.umsa.bo\/index.php?rest_route=\/wp\/v2\/pages\/3851\/revisions\/4675"}],"wp:attachment":[{"href":"https:\/\/dipgis.umsa.bo\/index.php?rest_route=%2Fwp%2Fv2%2Fmedia&parent=3851"}],"curies":[{"name":"wp","href":"https:\/\/api.w.org\/{rel}","templated":true}]}}