{"id":3526,"date":"2024-08-02T14:38:35","date_gmt":"2024-08-02T14:38:35","guid":{"rendered":"https:\/\/dipgis.umsa.bo\/?page_id=3526"},"modified":"2024-08-02T15:03:45","modified_gmt":"2024-08-02T15:03:45","slug":"centro-de-informacion-y-documentacion-del-medicamento","status":"publish","type":"page","link":"https:\/\/dipgis.umsa.bo\/?page_id=3526","title":{"rendered":"CENTRO DE INFORMACI\u00d3N Y DOCUMENTACI\u00d3N DEL MEDICAMENTO"},"content":{"rendered":"\n<div style=\"height:20px\" aria-hidden=\"true\" class=\"wp-block-spacer\"><\/div>\n\n\n\n<p class=\"has-medium-font-size\"><strong>CENTRO DE INFORMACI\u00d3N Y DOCUMENTACI\u00d3N DEL MEDICAMENTO<\/strong><\/p>\n\n\n\n<div style=\"height:20px\" aria-hidden=\"true\" class=\"wp-block-spacer\"><\/div>\n\n\n\n<div class=\"wp-block-columns is-layout-flex wp-container-core-columns-is-layout-9d6595d7 wp-block-columns-is-layout-flex\">\n<div class=\"wp-block-column is-layout-flow wp-block-column-is-layout-flow\">\n<div class=\"wp-block-columns is-layout-flex wp-container-core-columns-is-layout-9d6595d7 wp-block-columns-is-layout-flex\">\n<div class=\"wp-block-column is-layout-flow wp-block-column-is-layout-flow\" style=\"flex-basis:33.33%\">\n<figure class=\"wp-block-image size-full\"><img decoding=\"async\" width=\"840\" height=\"663\" data-src=\"https:\/\/dipgis.umsa.bo\/wp-content\/uploads\/2023\/05\/PROFILE-LOGO-PERSONA-2.png\" alt=\"\" class=\"wp-image-1151 lazyload\" data-srcset=\"https:\/\/dipgis.umsa.bo\/wp-content\/uploads\/2023\/05\/PROFILE-LOGO-PERSONA-2.png 840w, https:\/\/dipgis.umsa.bo\/wp-content\/uploads\/2023\/05\/PROFILE-LOGO-PERSONA-2-300x237.png 300w, https:\/\/dipgis.umsa.bo\/wp-content\/uploads\/2023\/05\/PROFILE-LOGO-PERSONA-2-768x606.png 768w\" data-sizes=\"(max-width: 840px) 100vw, 840px\" src=\"data:image\/svg+xml;base64,PHN2ZyB3aWR0aD0iMSIgaGVpZ2h0PSIxIiB4bWxucz0iaHR0cDovL3d3dy53My5vcmcvMjAwMC9zdmciPjwvc3ZnPg==\" style=\"--smush-placeholder-width: 840px; --smush-placeholder-aspect-ratio: 840\/663;\" \/><\/figure>\n<\/div>\n\n\n\n<div class=\"wp-block-column is-layout-flow wp-block-column-is-layout-flow\" style=\"flex-basis:66.66%\">\n<p><strong>TERESA RESCALA NEMTALA<\/strong><\/p>\n\n\n\n<p>teresarescalanemtala@gmail.com   <\/p>\n\n\n\n<p>Bioqu\u00edmica Farmac\u00e9utica<\/p>\n\n\n\n<p>Farmacia Cl\u00ednica y Gesti\u00f3n Farmac\u00e9utica<\/p>\n<\/div>\n<\/div>\n<\/div>\n\n\n\n<div class=\"wp-block-column is-layout-flow wp-block-column-is-layout-flow\">\n<div class=\"wp-block-columns is-layout-flex wp-container-core-columns-is-layout-9d6595d7 wp-block-columns-is-layout-flex\">\n<div class=\"wp-block-column is-layout-flow wp-block-column-is-layout-flow\" style=\"flex-basis:33.33%\">\n<figure class=\"wp-block-image size-full\"><img decoding=\"async\" width=\"840\" height=\"663\" data-src=\"https:\/\/dipgis.umsa.bo\/wp-content\/uploads\/2023\/05\/PROFILE-LOGO-PERSONA-2.png\" alt=\"\" class=\"wp-image-1151 lazyload\" data-srcset=\"https:\/\/dipgis.umsa.bo\/wp-content\/uploads\/2023\/05\/PROFILE-LOGO-PERSONA-2.png 840w, https:\/\/dipgis.umsa.bo\/wp-content\/uploads\/2023\/05\/PROFILE-LOGO-PERSONA-2-300x237.png 300w, https:\/\/dipgis.umsa.bo\/wp-content\/uploads\/2023\/05\/PROFILE-LOGO-PERSONA-2-768x606.png 768w\" data-sizes=\"(max-width: 840px) 100vw, 840px\" src=\"data:image\/svg+xml;base64,PHN2ZyB3aWR0aD0iMSIgaGVpZ2h0PSIxIiB4bWxucz0iaHR0cDovL3d3dy53My5vcmcvMjAwMC9zdmciPjwvc3ZnPg==\" style=\"--smush-placeholder-width: 840px; --smush-placeholder-aspect-ratio: 840\/663;\" \/><\/figure>\n<\/div>\n\n\n\n<div class=\"wp-block-column is-layout-flow wp-block-column-is-layout-flow\" style=\"flex-basis:66.66%\">\n<p><strong>SANDRA RITA LIMA PATZI<\/strong><\/p>\n\n\n\n<p>srlima5@umsa.bo     <\/p>\n\n\n\n<p>Qu\u00edmica Farmac\u00e9utica<\/p>\n\n\n\n<p>Farmacia Cl\u00ednica<\/p>\n<\/div>\n<\/div>\n<\/div>\n<\/div>\n\n\n\n<div style=\"height:20px\" aria-hidden=\"true\" class=\"wp-block-spacer\"><\/div>\n\n\n\n<div class=\"wp-block-columns is-layout-flex wp-container-core-columns-is-layout-9d6595d7 wp-block-columns-is-layout-flex\">\n<div class=\"wp-block-column is-layout-flow wp-block-column-is-layout-flow\">\n<div class=\"wp-block-columns is-layout-flex wp-container-core-columns-is-layout-9d6595d7 wp-block-columns-is-layout-flex\">\n<div class=\"wp-block-column is-layout-flow wp-block-column-is-layout-flow\" style=\"flex-basis:33.33%\">\n<figure class=\"wp-block-image size-full\"><img decoding=\"async\" width=\"840\" height=\"663\" data-src=\"https:\/\/dipgis.umsa.bo\/wp-content\/uploads\/2023\/05\/PROFILE-LOGO-PERSONA-2.png\" alt=\"\" class=\"wp-image-1151 lazyload\" data-srcset=\"https:\/\/dipgis.umsa.bo\/wp-content\/uploads\/2023\/05\/PROFILE-LOGO-PERSONA-2.png 840w, https:\/\/dipgis.umsa.bo\/wp-content\/uploads\/2023\/05\/PROFILE-LOGO-PERSONA-2-300x237.png 300w, https:\/\/dipgis.umsa.bo\/wp-content\/uploads\/2023\/05\/PROFILE-LOGO-PERSONA-2-768x606.png 768w\" data-sizes=\"(max-width: 840px) 100vw, 840px\" src=\"data:image\/svg+xml;base64,PHN2ZyB3aWR0aD0iMSIgaGVpZ2h0PSIxIiB4bWxucz0iaHR0cDovL3d3dy53My5vcmcvMjAwMC9zdmciPjwvc3ZnPg==\" style=\"--smush-placeholder-width: 840px; --smush-placeholder-aspect-ratio: 840\/663;\" \/><\/figure>\n<\/div>\n\n\n\n<div class=\"wp-block-column is-layout-flow wp-block-column-is-layout-flow\" style=\"flex-basis:66.66%\">\n<p><strong>MAR\u00cdA BEATRIZ REQUENA RODRIGO<\/strong><\/p>\n\n\n\n<p>mbrequena@umsa.bo<\/p>\n\n\n\n<p>Qu\u00edmica Farmac\u00e9utica<\/p>\n\n\n\n<p>Farmacia cl\u00ednica<\/p>\n<\/div>\n<\/div>\n<\/div>\n\n\n\n<div class=\"wp-block-column is-layout-flow wp-block-column-is-layout-flow\"><\/div>\n<\/div>\n","protected":false},"excerpt":{"rendered":"<p>CENTRO DE INFORMACI\u00d3N Y DOCUMENTACI\u00d3N DEL MEDICAMENTO TERESA RESCALA NEMTALA teresarescalanemtala@gmail.com Bioqu\u00edmica Farmac\u00e9utica Farmacia Cl\u00ednica y Gesti\u00f3n Farmac\u00e9utica SANDRA RITA LIMA PATZI srlima5@umsa.bo Qu\u00edmica Farmac\u00e9utica Farmacia Cl\u00ednica MAR\u00cdA BEATRIZ REQUENA RODRIGO mbrequena@umsa.bo Qu\u00edmica Farmac\u00e9utica Farmacia cl\u00ednica<\/p>\n","protected":false},"author":1,"featured_media":0,"parent":0,"menu_order":0,"comment_status":"closed","ping_status":"closed","template":"","meta":{"_editorskit_title_hidden":false,"_editorskit_reading_time":0,"_editorskit_is_block_options_detached":false,"_editorskit_block_options_position":"{}","advgb_blocks_editor_width":"","advgb_blocks_columns_visual_guide":"","_sitemap_exclude":false,"_sitemap_priority":"","_sitemap_frequency":"","ocean_post_layout":"","ocean_both_sidebars_style":"","ocean_both_sidebars_content_width":0,"ocean_both_sidebars_sidebars_width":0,"ocean_sidebar":"","ocean_second_sidebar":"","ocean_disable_margins":"enable","ocean_add_body_class":"","ocean_shortcode_before_top_bar":"","ocean_shortcode_after_top_bar":"","ocean_shortcode_before_header":"","ocean_shortcode_after_header":"","ocean_has_shortcode":"","ocean_shortcode_after_title":"","ocean_shortcode_before_footer_widgets":"","ocean_shortcode_after_footer_widgets":"","ocean_shortcode_before_footer_bottom":"","ocean_shortcode_after_footer_bottom":"","ocean_display_top_bar":"default","ocean_display_header":"default","ocean_header_style":"","ocean_center_header_left_menu":"","ocean_custom_header_template":"","ocean_custom_logo":0,"ocean_custom_retina_logo":0,"ocean_custom_logo_max_width":0,"ocean_custom_logo_tablet_max_width":0,"ocean_custom_logo_mobile_max_width":0,"ocean_custom_logo_max_height":0,"ocean_custom_logo_tablet_max_height":0,"ocean_custom_logo_mobile_max_height":0,"ocean_header_custom_menu":"","ocean_menu_typo_font_family":"","ocean_menu_typo_font_subset":"","ocean_menu_typo_font_size":0,"ocean_menu_typo_font_size_tablet":0,"ocean_menu_typo_font_size_mobile":0,"ocean_menu_typo_font_size_unit":"px","ocean_menu_typo_font_weight":"","ocean_menu_typo_font_weight_tablet":"","ocean_menu_typo_font_weight_mobile":"","ocean_menu_typo_transform":"","ocean_menu_typo_transform_tablet":"","ocean_menu_typo_transform_mobile":"","ocean_menu_typo_line_height":0,"ocean_menu_typo_line_height_tablet":0,"ocean_menu_typo_line_height_mobile":0,"ocean_menu_typo_line_height_unit":"","ocean_menu_typo_spacing":0,"ocean_menu_typo_spacing_tablet":0,"ocean_menu_typo_spacing_mobile":0,"ocean_menu_typo_spacing_unit":"","ocean_menu_link_color":"","ocean_menu_link_color_hover":"","ocean_menu_link_color_active":"","ocean_menu_link_background":"","ocean_menu_link_hover_background":"","ocean_menu_link_active_background":"","ocean_menu_social_links_bg":"","ocean_menu_social_hover_links_bg":"","ocean_menu_social_links_color":"","ocean_menu_social_hover_links_color":"","ocean_disable_title":"default","ocean_disable_heading":"default","ocean_post_title":"","ocean_post_subheading":"","ocean_post_title_style":"","ocean_post_title_background_color":"","ocean_post_title_background":0,"ocean_post_title_bg_image_position":"","ocean_post_title_bg_image_attachment":"","ocean_post_title_bg_image_repeat":"","ocean_post_title_bg_image_size":"","ocean_post_title_height":0,"ocean_post_title_bg_overlay":0.5,"ocean_post_title_bg_overlay_color":"","ocean_disable_breadcrumbs":"default","ocean_breadcrumbs_color":"","ocean_breadcrumbs_separator_color":"","ocean_breadcrumbs_links_color":"","ocean_breadcrumbs_links_hover_color":"","ocean_display_footer_widgets":"default","ocean_display_footer_bottom":"default","ocean_custom_footer_template":"","cybocfi_hide_featured_image":"","footnotes":""},"class_list":["post-3526","page","type-page","status-publish","hentry","entry"],"coauthors":[],"author_meta":{"author_link":"https:\/\/dipgis.umsa.bo\/?author=1","display_name":"srv_auth_7000"},"relative_dates":{"created":"Publicado 2 a\u00f1os hace","modified":"Actualizado 2 a\u00f1os hace"},"absolute_dates":{"created":"Publicado el 2 de agosto de 2024","modified":"Actualizado el 2 de agosto de 2024"},"absolute_dates_time":{"created":"Publicado el 2 de agosto de 2024 14:38","modified":"Actualizado el 2 de agosto de 2024 15:03"},"featured_img_caption":"","featured_img":false,"series_order":"","_links":{"self":[{"href":"https:\/\/dipgis.umsa.bo\/index.php?rest_route=\/wp\/v2\/pages\/3526","targetHints":{"allow":["GET"]}}],"collection":[{"href":"https:\/\/dipgis.umsa.bo\/index.php?rest_route=\/wp\/v2\/pages"}],"about":[{"href":"https:\/\/dipgis.umsa.bo\/index.php?rest_route=\/wp\/v2\/types\/page"}],"author":[{"embeddable":true,"href":"https:\/\/dipgis.umsa.bo\/index.php?rest_route=\/wp\/v2\/users\/1"}],"replies":[{"embeddable":true,"href":"https:\/\/dipgis.umsa.bo\/index.php?rest_route=%2Fwp%2Fv2%2Fcomments&post=3526"}],"version-history":[{"count":3,"href":"https:\/\/dipgis.umsa.bo\/index.php?rest_route=\/wp\/v2\/pages\/3526\/revisions"}],"predecessor-version":[{"id":3530,"href":"https:\/\/dipgis.umsa.bo\/index.php?rest_route=\/wp\/v2\/pages\/3526\/revisions\/3530"}],"wp:attachment":[{"href":"https:\/\/dipgis.umsa.bo\/index.php?rest_route=%2Fwp%2Fv2%2Fmedia&parent=3526"}],"curies":[{"name":"wp","href":"https:\/\/api.w.org\/{rel}","templated":true}]}}