{"id":2822,"date":"2024-02-28T21:40:42","date_gmt":"2024-02-28T21:40:42","guid":{"rendered":"https:\/\/dipgis.umsa.bo\/?page_id=2822"},"modified":"2024-02-28T21:40:42","modified_gmt":"2024-02-28T21:40:42","slug":"proyectos-idh-2007","status":"publish","type":"page","link":"https:\/\/dipgis.umsa.bo\/?page_id=2822","title":{"rendered":"PROYECTOS IDH 2007"},"content":{"rendered":"\n<div style=\"height:20px\" aria-hidden=\"true\" class=\"wp-block-spacer\"><\/div>\n\n\n\n<h2 class=\"wp-block-heading has-medium-font-size\"><strong>PROYECTOS IDH GESTI\u00d3N 2007 <\/strong><\/h2>\n\n\n\n<table id=\"tablepress-4\" class=\"tablepress tablepress-id-4\">\n<thead>\n<tr class=\"row-1\">\n\t<th class=\"column-1\"><strong>N\u00b0<\/strong><\/th><th class=\"column-2\"><strong>GESTI\u00d3N IDH<\/strong><\/th><th class=\"column-3\"><strong>FACULTAD<\/strong><\/th><th class=\"column-4\"><strong>INSTITUTO\/ CARRERA<\/strong><\/th><th class=\"column-5\"><strong>PROYECTO<\/strong><\/th><th class=\"column-6\"><strong>COORDINADOR<\/strong><\/th><th class=\"column-7\"><strong>CO &#8211; COORDINADOR<\/strong><\/th>\n<\/tr>\n<\/thead>\n<tbody class=\"row-striping row-hover\">\n<tr class=\"row-2\">\n\t<td class=\"column-1\">1<\/td><td class=\"column-2\">2007<\/td><td class=\"column-3\">CS. FARMACEUTICAS Y BIOQUIMICAS<\/td><td class=\"column-4\">INSTITUTO DE INVESTIGACIONES F\u00c1RMACO BIOQU\u00cdMICAS &#8211; IIFB<\/td><td class=\"column-5\">APLICACI\u00d3N DE TECNOLOG\u00cdA FITOFARMACEUTICA EN EL DESARROLLO DE UNA ALTERNATIVA TERAP\u00c9UTICA PARA EL TRATAMIENTO DE ENFERMEDADES ARTICULARES A BASE DE EXTRACTOS DE: BUDDLEJA CORIACEA;XANTIUM SPINOSUM; SMILAX ASPERA; URTICA URENS<\/td><td class=\"column-6\">Eduardo Lucio Gonz\u00e1les D\u00e1valos<\/td><td class=\"column-7\">&#8211;<\/td>\n<\/tr>\n<tr class=\"row-3\">\n\t<td class=\"column-1\">2<\/td><td class=\"column-2\">2007<\/td><td class=\"column-3\">CS. FARMACEUTICAS Y BIOQUIMICAS<\/td><td class=\"column-4\">INSTITUTO DE INVESTIGACIONES F\u00c1RMACO BIOQU\u00cdMICAS &#8211; IIFB<\/td><td class=\"column-5\">CARACTERIZACI\u00d3N QU\u00cdMICA, BIOL\u00d3GICA Y FARMACOL\u00d3GICA DE LOS ALCALOIDES TOTALES DE GALIPEA LONGIFLORA (EVANTA) PARA EL TRATAMIENTO DE LAS LEISHMANIASIS<\/td><td class=\"column-6\">Alberto Jos\u00e9 Gimenez Turba Ph.D.<\/td><td class=\"column-7\">&#8211;<\/td>\n<\/tr>\n<tr class=\"row-4\">\n\t<td class=\"column-1\">3<\/td><td class=\"column-2\">2007<\/td><td class=\"column-3\">CS. FARMACEUTICAS Y BIOQUIMICAS<\/td><td class=\"column-4\">INSTITUTO DE INVESTIGACIONES F\u00c1RMACO BIOQU\u00cdMICAS &#8211; IIFB<\/td><td class=\"column-5\">EVALUACI\u00d3N QU\u00cdMICA Y TRATAMIENTO BIOL\u00d3GICO (BIORREMEDIACION Y BIODEGRADACION) DE DRENAJES \u00c1CIDOS DE LA MINA MACHACAMARQUITA &#8211; POOPO- ORURO, COMO MODELO DE TRATAMIENTO AMBIENTAL DE CONTAMINANTES Y ORG\u00c1NICOS RECALCITRANTES<\/td><td class=\"column-6\">Maria Teresa \u00c1lvarez Aliaga Ph.D.<\/td><td class=\"column-7\">Maria Eugenia Garcia Moreno Ph.D.<\/td>\n<\/tr>\n<tr class=\"row-5\">\n\t<td class=\"column-1\">4<\/td><td class=\"column-2\">2007<\/td><td class=\"column-3\">CS. FARMACEUTICAS Y BIOQUIMICAS<\/td><td class=\"column-4\">INSTITUTO DE INVESTIGACIONES F\u00c1RMACO BIOQU\u00cdMICAS &#8211; IIFB<\/td><td class=\"column-5\">PRODUCCI\u00d3N DE ENCINAS DE ORIGEN MICROBIANO PARA EL USO DEL SECTOR PRODUCTIVO TEXTIL AGR\u00cdCOLA Y QU\u00cdMICA FINA<\/td><td class=\"column-6\">Lic. Luis Enrique Terrazas Siles<\/td><td class=\"column-7\">&#8211;<\/td>\n<\/tr>\n<tr class=\"row-6\">\n\t<td class=\"column-1\">5<\/td><td class=\"column-2\">2007<\/td><td class=\"column-3\">CS. FARMACEUTICAS Y BIOQUIMICAS<\/td><td class=\"column-4\">INSTITUTO DE SERVICIOS DE LABORATORIOS DE DIAGN\u00d3STICO E INVESTIGACI\u00d3N EN SALUD (SELADIS)<\/td><td class=\"column-5\">IMPLEMENTACI\u00d3N DE SISTEMA DE GESTI\u00d3N DE CALIDAD EN EL INSTITUTO SELADIS COMO MEJORAMIENTO CONTINUO DE LA CALIDAD<\/td><td class=\"column-6\">Dra. Zorka Mayrena  Castillo Vacano <\/td><td class=\"column-7\">&#8211;<\/td>\n<\/tr>\n<tr class=\"row-7\">\n\t<td class=\"column-1\">6<\/td><td class=\"column-2\">2007<\/td><td class=\"column-3\">CS. GEOLOGICAS<\/td><td class=\"column-4\">CARRERA DE GEOLOG\u00cdA<\/td><td class=\"column-5\">IDENTIFICACI\u00d3N DE LAS ZONAS DE RIESGOS A LOS DESASTRES NATURALES Y ANTROPICOS DEL DPTO. DE LA PAZ E INVENTARIACI\u00d3N DE SUS RECURSOS NATURALES RENOVABLES Y NO RENOVABLES.<\/td><td class=\"column-6\">Dr. Jos\u00e9 Luis Telleria Geiger <\/td><td class=\"column-7\">&#8211;<\/td>\n<\/tr>\n<tr class=\"row-8\">\n\t<td class=\"column-1\">7<\/td><td class=\"column-2\">2007<\/td><td class=\"column-3\">CS. GEOLOGICAS<\/td><td class=\"column-4\">INSTITUTO DE INVESTIGACIONES GEOL\u00d3GICAS Y DEL MEDIO AMBIENTE &#8211; IGEMA<\/td><td class=\"column-5\">ENLACE \u00bb UMSA- ASOCIACI\u00d3N DE CER\u00c1MICA ROJA\u00bb PARA UN FORTALECIMIENTO INTEGRAL EN LAS CAPACIDADES DE PRODUCCI\u00d3N DE MATERIALES CER\u00c1MICAS DE ALTA CALIDAD <\/td><td class=\"column-6\"> Ing. Mario Walter  Blanco Cazas <\/td><td class=\"column-7\">&#8211;<\/td>\n<\/tr>\n<tr class=\"row-9\">\n\t<td class=\"column-1\">8<\/td><td class=\"column-2\">2007<\/td><td class=\"column-3\">CS. GEOLOGICAS<\/td><td class=\"column-4\">INSTITUTO DE INVESTIGACIONES GEOL\u00d3GICAS Y DEL MEDIO AMBIENTE &#8211; IGEMA<\/td><td class=\"column-5\">IMPACTO DE LA MINER\u00cdA EN LA ESTRUCTURACI\u00d3N DEL TERRITORIO Y SUS PERSPECTIVAS<\/td><td class=\"column-6\">Arq.  Patricia Bertha Gosalvez Kreuzer<\/td><td class=\"column-7\">&#8211;<\/td>\n<\/tr>\n<tr class=\"row-10\">\n\t<td class=\"column-1\">9<\/td><td class=\"column-2\">2007<\/td><td class=\"column-3\">CS. PURAS Y NATURALES<\/td><td class=\"column-4\">CARRERA DE MATEM\u00c1TICAS<\/td><td class=\"column-5\">COHOMOLOGIA DE ALGEBRAS DE BANACH<\/td><td class=\"column-6\">Dr. Javier Francisco Arturo Guachalla Hurtado <\/td><td class=\"column-7\">&#8211;<\/td>\n<\/tr>\n<tr class=\"row-11\">\n\t<td class=\"column-1\">10<\/td><td class=\"column-2\">2007<\/td><td class=\"column-3\">CS. PURAS Y NATURALES<\/td><td class=\"column-4\">INSTITUTO DE BIOLOG\u00cdA MOLECULAR Y BIOTECNOLOG\u00cdA<\/td><td class=\"column-5\">CARACTERIZACION MOLECULAR DE LA DIVERSIDAD MICROBIANA EN DRENAJES MINEROS ACIDOS. IMPLICANCIAS PARA LA BIO-REMEDIACION<\/td><td class=\"column-6\">Volga I\u00f1iguez Rojas Ph.D.<\/td><td class=\"column-7\">&#8211;<\/td>\n<\/tr>\n<tr class=\"row-12\">\n\t<td class=\"column-1\">11<\/td><td class=\"column-2\">2007<\/td><td class=\"column-3\">CS. PURAS Y NATURALES<\/td><td class=\"column-4\">INSTITUTO DE INVESTIGACIONES QU\u00cdMICAS <\/td><td class=\"column-5\">PRODUCCI\u00d3N DE AGENTES BIOCONTROLADORES DE FITOPATOGENOS AISLADOS DE MICROORGANIZMOS Y DE ESPECIES VEGETALES PARA APLICARLOS EN CULTIVOS DE IMPORTANCIA ECON\u00d3MICA PARA EL DPTO. DE LA PAZ <\/td><td class=\"column-6\">Patricia Andrea Mollinedo Portugal Ph.D.<\/td><td class=\"column-7\">&#8211;<\/td>\n<\/tr>\n<tr class=\"row-13\">\n\t<td class=\"column-1\">12<\/td><td class=\"column-2\">2007<\/td><td class=\"column-3\">DERECHO Y CS. POLITICAS<\/td><td class=\"column-4\">PROGRAMA JUSTICIA COMUNITARIA<\/td><td class=\"column-5\">SANEAMIENTO INTERNO PARA LA TITULACI\u00d3N DE TIERRA COMUNALES E INDIVIDUALES EN COMUNIDADES DE MUNICIPIOS DEL ALTIPLANO, DEPARTAMENTO DE LA PAZ. DESARROLLADO EN LA COMUNIDAD YAURICHAMBI DE LA PROVINCIA LOS ANDES DEL DEPARTAMENTO DE LA PAZ<\/td><td class=\"column-6\">Dr. Liborio U\u00f1o Acebo<\/td><td class=\"column-7\">&#8211;<\/td>\n<\/tr>\n<tr class=\"row-14\">\n\t<td class=\"column-1\">13<\/td><td class=\"column-2\">2007<\/td><td class=\"column-3\">HUMANIDADES Y CS. DE LA EDUCACION<\/td><td class=\"column-4\">CARRERA DE HISTORIA<\/td><td class=\"column-5\">HISTORIAS LOCALES DEL AGUA, EL MEDIO AMBIENTE Y LA EDUCACI\u00d3N PRODUCTIVA PROPIA EN LA PEN\u00cdNSULA DE SANTIAGO DE HUATA<\/td><td class=\"column-6\">Dr. Ra\u00fal Javier Calder\u00f3n Jemio<\/td><td class=\"column-7\">&#8211;<\/td>\n<\/tr>\n<tr class=\"row-15\">\n\t<td class=\"column-1\">14<\/td><td class=\"column-2\">2007<\/td><td class=\"column-3\">HUMANIDADES Y CS. DE LA EDUCACION<\/td><td class=\"column-4\">CARRERA DE PSICOLOGIA<\/td><td class=\"column-5\">ECOLOG\u00cdA DE SABERES EN MEDIO AMBIENTE, SALUD Y NUTRICI\u00d3N EN EDUCACI\u00d3N SUPERIOR<\/td><td class=\"column-6\">Lic. Maria Lily Maric Palenque <\/td><td class=\"column-7\">&#8211;<\/td>\n<\/tr>\n<tr class=\"row-16\">\n\t<td class=\"column-1\">15<\/td><td class=\"column-2\">2007<\/td><td class=\"column-3\">INGENIERIA<\/td><td class=\"column-4\">INSTITUTO DE ENSAYO DE MATERIALES<\/td><td class=\"column-5\">INHIBICI\u00d3N DE LA REACCI\u00d3N \u00c1LCALI AGREGADO EN ESCORIAS DE ESTA\u00d1O CON ADICI\u00d3N DE PUZOLANA<\/td><td class=\"column-6\">Ing. \u00c1ngel Ramos Maita <\/td><td class=\"column-7\">&#8211;<\/td>\n<\/tr>\n<tr class=\"row-17\">\n\t<td class=\"column-1\">16<\/td><td class=\"column-2\">2007<\/td><td class=\"column-3\">INGENIERIA<\/td><td class=\"column-4\">INSTITUTO DE INGENIERIA SANITARIA<\/td><td class=\"column-5\">VALORACI\u00d3N DE METALES PESADOS EN LA CUENCA DEL R\u00cdO KATARI Y SU IMPACTO EN LA CALIDAD DE VIDA DEL \u00c1REA DE INFLUENCIA<\/td><td class=\"column-6\">Ing. Jos\u00e9 Augusto Diaz Benavente<\/td><td class=\"column-7\">&#8211;<\/td>\n<\/tr>\n<tr class=\"row-18\">\n\t<td class=\"column-1\">17<\/td><td class=\"column-2\">2007<\/td><td class=\"column-3\">INGENIERIA<\/td><td class=\"column-4\">INSTITUTO DE INVESTIGACIONES INDUSTRIALES<\/td><td class=\"column-5\">CENTRO DE INGENIER\u00cdA DE SEGURIDAD INDUSTRIAL Y SALUD OCUPACIONAL<\/td><td class=\"column-6\">Ing. Miguel Yucra Rojas<\/td><td class=\"column-7\">&#8211;<\/td>\n<\/tr>\n<tr class=\"row-19\">\n\t<td class=\"column-1\">18<\/td><td class=\"column-2\">2007<\/td><td class=\"column-3\">INGENIERIA<\/td><td class=\"column-4\">INSTITUTO DE INVESTIGACIONES M\u00c9CANICAS<\/td><td class=\"column-5\">CAPACITAC\u00d3N ESTUDIANTIL EN DISE\u00d1O, REPARACI\u00d3N, EJECUCI\u00d3N Y EVALUACI\u00d3N EXPERIMENTAL EN LA INVESTIGACI\u00d3N CIENT\u00cdFICA UNIVERSITARIA<\/td><td class=\"column-6\">Ing. Ramiro Peralta Uria <\/td><td class=\"column-7\">&#8211;<\/td>\n<\/tr>\n<tr class=\"row-20\">\n\t<td class=\"column-1\">19<\/td><td class=\"column-2\">2007<\/td><td class=\"column-3\">INGENIERIA<\/td><td class=\"column-4\">INSTITUTO DE INVESTIGACIONES M\u00c9CANICAS<\/td><td class=\"column-5\">DESARROLLO E IMPLEMENTACI\u00d3N DE UN PROTOCOLO DE INSPECCI\u00d3N PARA CONTROLAR LA CALIDAD DE LA TRANSFORMACI\u00d3N EN VEH\u00cdCULOS USADOS<\/td><td class=\"column-6\"> Peralta Uria Ramiro Willy <\/td><td class=\"column-7\">&#8211;<\/td>\n<\/tr>\n<tr class=\"row-21\">\n\t<td class=\"column-1\">20<\/td><td class=\"column-2\">2007<\/td><td class=\"column-3\">INGENIERIA<\/td><td class=\"column-4\">INSTITUTO DE INVESTIGACIONES M\u00c9CANICAS<\/td><td class=\"column-5\">DESARROLLO Y METODOLOG\u00cdA DE MODELADO PARA EL RENDIMIENTO T\u00c9RMICO EN COLECTORES SOLARES PARAB\u00d3LICOS DE ESTANQUE<\/td><td class=\"column-6\">Tapia Terrazas Edgar<\/td><td class=\"column-7\">&#8211;<\/td>\n<\/tr>\n<tr class=\"row-22\">\n\t<td class=\"column-1\">21<\/td><td class=\"column-2\">2007<\/td><td class=\"column-3\">INGENIERIA<\/td><td class=\"column-4\">INSTITUTO DE INVESTIGACIONES METAL\u00daRGICAS Y  MATERIALES<\/td><td class=\"column-5\">DESARROLLO DE LA TECNOLOG\u00cdA DEL PROCESO DE OBTENCI\u00d3N DE CONCENTRADOS DE HIERRO DEL MUTUN CON ALTOCONTENIDO DE HIERRO Y BAJO CONTENIDO DE F\u00d3SFORO<\/td><td class=\"column-6\">Ing. Ra\u00fal Eduardo Sol\u00eds Ruiz <\/td><td class=\"column-7\">Ing. Hugo Alarcon Barrenechea<\/td>\n<\/tr>\n<tr class=\"row-23\">\n\t<td class=\"column-1\">22<\/td><td class=\"column-2\">2007<\/td><td class=\"column-3\">INGENIERIA<\/td><td class=\"column-4\">INSTITUTO DE INVESTIGACIONES METAL\u00daRGICAS Y  MATERIALES<\/td><td class=\"column-5\">DESARROLLO DE UNA ALEACI\u00d3N ANTIFRICCI\u00d3N ALTERNATIVA (CU-AL-PB), PARA LA FABRICACI\u00d3N DE PIEZAS DE SACRIFICIO (COJINETES) DE LA MAQUINARIA QUE UTILIZA LA INDUSTRIA DE LA REGI\u00d3N Y EL PA\u00cdS<\/td><td class=\"column-6\">Tito Zegarra Verastegui Ph.D. <\/td><td class=\"column-7\">&#8211;<\/td>\n<\/tr>\n<tr class=\"row-24\">\n\t<td class=\"column-1\">23<\/td><td class=\"column-2\">2007<\/td><td class=\"column-3\">INGENIERIA<\/td><td class=\"column-4\">INSTITUTO DE INVESTIGACIONES METAL\u00daRGICAS Y  MATERIALES<\/td><td class=\"column-5\">EVALUACI\u00d3N DE RECUBRIMIENTO PROTECTORES EN LAS CIUDADES DE LA PAZ, COCHABAMBA Y SANTA CRUZ &#8211; CARACTERIZACI\u00d3N DE CORROSIVIDAD DE ATM\u00d3SFERAS<\/td><td class=\"column-6\">M.Sc. Ing. Jaime Alberto Rocha Valenzuela<\/td><td class=\"column-7\">&#8211;<\/td>\n<\/tr>\n<tr class=\"row-25\">\n\t<td class=\"column-1\">24<\/td><td class=\"column-2\">2007<\/td><td class=\"column-3\">INGENIERIA<\/td><td class=\"column-4\">INSTITUTO DE PROCESOS QUIMICOS<\/td><td class=\"column-5\">APLICACI\u00d3N DE UN MODELO DETERMINISTICO PARA LA EVALUACI\u00d3N Y PREDICCI\u00d3N DE LA CALIDAD DEL AIRE EN EL \u00c1REA URBANA DE LA CUIDAD DE LA PAZ<\/td><td class=\"column-6\">Rene \u00c1lvarez Apaza Ph.D.<\/td><td class=\"column-7\">Ing. Marcelo Gorrity Portillo<\/td>\n<\/tr>\n<tr class=\"row-26\">\n\t<td class=\"column-1\">25<\/td><td class=\"column-2\">2007<\/td><td class=\"column-3\">INGENIERIA<\/td><td class=\"column-4\">INSTITUTO DE PROCESOS QUIMICOS<\/td><td class=\"column-5\">APROVECHAMIENTO DE LOS DESECHOS AGROINDUSTRIALES PARA LA PRODUCCI\u00d3N DE ETANOL COMO FUENTE ENERG\u00c9TICA POR PROCESOS ANAEROBIOS Y ENZIMATICOS<\/td><td class=\"column-6\">M.Sc. Gladys Mercedes S\u00e1nchez <\/td><td class=\"column-7\">&#8211;<\/td>\n<\/tr>\n<tr class=\"row-27\">\n\t<td class=\"column-1\">26<\/td><td class=\"column-2\">2007<\/td><td class=\"column-3\">INGENIERIA<\/td><td class=\"column-4\">INSTITUTO DE PROCESOS QUIMICOS<\/td><td class=\"column-5\">PRODUCCI\u00d3N DE BIODIESEL CON MATERIAS PRIMAS OLEAGINOSAS DEL NORTE PACE\u00d1O<\/td><td class=\"column-6\">M.Sc. Ing. Margrita Daysy Torrico Sevilla <\/td><td class=\"column-7\">&#8211;<\/td>\n<\/tr>\n<tr class=\"row-28\">\n\t<td class=\"column-1\">27<\/td><td class=\"column-2\">2007<\/td><td class=\"column-3\">MEDICINA, ENFERMERIA, NUTRICION Y TECNOLOGIA MEDICA<\/td><td class=\"column-4\">CARRERA DE ENFERMERIA<\/td><td class=\"column-5\">ESCUELAS PROMOTORAS DE SALUD &#8211; UNA VENTANA HACIA LA COMUNIDAD<\/td><td class=\"column-6\">Lic. Enf. Shirley Alicia Esprella Escobar<\/td><td class=\"column-7\">Lic. Julia Laura Limachi<\/td>\n<\/tr>\n<tr class=\"row-29\">\n\t<td class=\"column-1\">28<\/td><td class=\"column-2\">2007<\/td><td class=\"column-3\">MEDICINA, ENFERMERIA, NUTRICION Y TECNOLOGIA MEDICA<\/td><td class=\"column-4\">CARRERA DE PATOLOGIA<\/td><td class=\"column-5\">ACTIVIDAD TRIPANOCIDA IN VIVO E IN VITRO Y COTOTOXICA DE PLANTAS MEDICINALES BOLIVIANAS<\/td><td class=\"column-6\">Dra. Victoria Mu\u00f1oz Ortiz<\/td><td class=\"column-7\">&#8211;<\/td>\n<\/tr>\n<tr class=\"row-30\">\n\t<td class=\"column-1\">29<\/td><td class=\"column-2\">2007<\/td><td class=\"column-3\">MEDICINA, ENFERMERIA, NUTRICION Y TECNOLOGIA MEDICA<\/td><td class=\"column-4\">IIBA<\/td><td class=\"column-5\">CONTAMINACI\u00d3N AMBIENTAL POR HIDROCARBUROS &#8211; REPERCUSI\u00d3N FUNCIONAL RESPIRATORIA A GRANDES ALTURAS PARTE 1<\/td><td class=\"column-6\">Dra. Ingrid Gaby Melgarejo Pomar <\/td><td class=\"column-7\">Dr. Rudy Soria Sanchez \/ Dra. Hilde Spielvogel<\/td>\n<\/tr>\n<tr class=\"row-31\">\n\t<td class=\"column-1\">30<\/td><td class=\"column-2\">2007<\/td><td class=\"column-3\">MEDICINA, ENFERMERIA, NUTRICION Y TECNOLOGIA MEDICA<\/td><td class=\"column-4\">IIBA<\/td><td class=\"column-5\">ROL DE QUIMIOQUINAS EN LA ENFERMEDAD DE CHAGAS CONGENITA<\/td><td class=\"column-6\">Celeste Del Pilar Rodr\u00edguez Quevedo<\/td><td class=\"column-7\">&#8211;<\/td>\n<\/tr>\n<tr class=\"row-32\">\n\t<td class=\"column-1\">31<\/td><td class=\"column-2\">2007<\/td><td class=\"column-3\">MEDICINA, ENFERMERIA, NUTRICION Y TECNOLOGIA MEDICA<\/td><td class=\"column-4\">IINSAD<\/td><td class=\"column-5\">REDUCCI\u00d3N DE LA CARGA DEL DESMEDRO EN PA\u00cdSES DE AM\u00c9RICA LATINA Y DEL CARIBE: CASO BOLIVIA, GESTI\u00d3N 2007-2008<\/td><td class=\"column-6\">Dra. Ana Maria Aguilar Liendo<\/td><td class=\"column-7\">&#8211;<\/td>\n<\/tr>\n<tr class=\"row-33\">\n\t<td class=\"column-1\">32<\/td><td class=\"column-2\">2007<\/td><td class=\"column-3\">MEDICINA, ENFERMERIA, NUTRICION Y TECNOLOGIA MEDICA<\/td><td class=\"column-4\">IINSAD<\/td><td class=\"column-5\">RELACI\u00d3N DE LA PRACTICA MILENARIA DEL MASTICADO DE COCA EN EL C\u00c1NCER CERVICO UTERINO EN TRES NICHOS ECOL\u00d3GICOS DE BOLIVIA, LA PAZ, SANTA CRUZ Y COCHABAMBA UN ENFOQUE INTERCULTURAL<\/td><td class=\"column-6\">Dr. Javier Pe\u00f1aranda Mendez <\/td><td class=\"column-7\">Lic. Fernando Rivero Suguiura \/ Lic. David Llanos Diaz<\/td>\n<\/tr>\n<tr class=\"row-34\">\n\t<td class=\"column-1\">33<\/td><td class=\"column-2\">2007<\/td><td class=\"column-3\">MEDICINA, ENFERMERIA, NUTRICION Y TECNOLOGIA MEDICA<\/td><td class=\"column-4\">INSTITUTO DE GEN\u00c9TICA<\/td><td class=\"column-5\">EVALUACI\u00d3N DE RIESGO GENOTOXICO Y SUSCEPTIBILIDAD GEN\u00c9TICA POR EXPOSICI\u00d3N A PLAGUICIDAS EN AGRICULTORES DE SAPAHAQUI Y LURIBAY<\/td><td class=\"column-6\">M.Sc. Noem\u00ed Sandra Tirado Bustillos<\/td><td class=\"column-7\">&#8211;<\/td>\n<\/tr>\n<tr class=\"row-35\">\n\t<td class=\"column-1\">34<\/td><td class=\"column-2\">2007<\/td><td class=\"column-3\">MEDICINA, ENFERMERIA, NUTRICION Y TECNOLOGIA MEDICA<\/td><td class=\"column-4\">INSTITUTO DE GEN\u00c9TICA<\/td><td class=\"column-5\">EVALUACI\u00d3N GENOTOXICA, SUSCEPTIBILIDAD NUTRICIONAL Y SU RELACI\u00d3N CON EL ESTADO NUTRICIONAL Y SU RELACI\u00d3N EN NI\u00d1OS EXPUESTOS A PLAGUICIDAS DEL MUNICIPIO DE LURIBAY (PRIMERA FASE) 2007-2008<\/td><td class=\"column-6\">Dra. Ximena Aguilar Mercado<\/td><td class=\"column-7\">&#8211;<\/td>\n<\/tr>\n<tr class=\"row-36\">\n\t<td class=\"column-1\">35<\/td><td class=\"column-2\">2007<\/td><td class=\"column-3\">MEDICINA, ENFERMERIA, NUTRICION Y TECNOLOGIA MEDICA<\/td><td class=\"column-4\">INSTITUTO DE GEN\u00c9TICA<\/td><td class=\"column-5\">INDUCCI\u00d3N DE LA APOPTOSIS DE PROGENITORES ERITROIDES EN PACIENTES CON ERITROCIATOSIS PATOL\u00d3GICA DE ALTURA CON INHIBIDORES DE LA HMG, COA REDUCTASA<\/td><td class=\"column-6\">Dr. Ricardo Amaru Lucana<\/td><td class=\"column-7\">&#8211;<\/td>\n<\/tr>\n<\/tbody>\n<\/table>\n","protected":false},"excerpt":{"rendered":"<p>PROYECTOS IDH GESTI\u00d3N 2007<\/p>\n","protected":false},"author":1,"featured_media":0,"parent":0,"menu_order":0,"comment_status":"closed","ping_status":"closed","template":"","meta":{"_editorskit_title_hidden":false,"_editorskit_reading_time":0,"_editorskit_is_block_options_detached":false,"_editorskit_block_options_position":"{}","advgb_blocks_editor_width":"","advgb_blocks_columns_visual_guide":"","_sitemap_exclude":false,"_sitemap_priority":"","_sitemap_frequency":"","ocean_post_layout":"","ocean_both_sidebars_style":"","ocean_both_sidebars_content_width":0,"ocean_both_sidebars_sidebars_width":0,"ocean_sidebar":"","ocean_second_sidebar":"","ocean_disable_margins":"enable","ocean_add_body_class":"","ocean_shortcode_before_top_bar":"","ocean_shortcode_after_top_bar":"","ocean_shortcode_before_header":"","ocean_shortcode_after_header":"","ocean_has_shortcode":"","ocean_shortcode_after_title":"","ocean_shortcode_before_footer_widgets":"","ocean_shortcode_after_footer_widgets":"","ocean_shortcode_before_footer_bottom":"","ocean_shortcode_after_footer_bottom":"","ocean_display_top_bar":"default","ocean_display_header":"default","ocean_header_style":"","ocean_center_header_left_menu":"","ocean_custom_header_template":"","ocean_custom_logo":0,"ocean_custom_retina_logo":0,"ocean_custom_logo_max_width":0,"ocean_custom_logo_tablet_max_width":0,"ocean_custom_logo_mobile_max_width":0,"ocean_custom_logo_max_height":0,"ocean_custom_logo_tablet_max_height":0,"ocean_custom_logo_mobile_max_height":0,"ocean_header_custom_menu":"","ocean_menu_typo_font_family":"","ocean_menu_typo_font_subset":"","ocean_menu_typo_font_size":0,"ocean_menu_typo_font_size_tablet":0,"ocean_menu_typo_font_size_mobile":0,"ocean_menu_typo_font_size_unit":"px","ocean_menu_typo_font_weight":"","ocean_menu_typo_font_weight_tablet":"","ocean_menu_typo_font_weight_mobile":"","ocean_menu_typo_transform":"","ocean_menu_typo_transform_tablet":"","ocean_menu_typo_transform_mobile":"","ocean_menu_typo_line_height":0,"ocean_menu_typo_line_height_tablet":0,"ocean_menu_typo_line_height_mobile":0,"ocean_menu_typo_line_height_unit":"","ocean_menu_typo_spacing":0,"ocean_menu_typo_spacing_tablet":0,"ocean_menu_typo_spacing_mobile":0,"ocean_menu_typo_spacing_unit":"","ocean_menu_link_color":"","ocean_menu_link_color_hover":"","ocean_menu_link_color_active":"","ocean_menu_link_background":"","ocean_menu_link_hover_background":"","ocean_menu_link_active_background":"","ocean_menu_social_links_bg":"","ocean_menu_social_hover_links_bg":"","ocean_menu_social_links_color":"","ocean_menu_social_hover_links_color":"","ocean_disable_title":"default","ocean_disable_heading":"default","ocean_post_title":"","ocean_post_subheading":"","ocean_post_title_style":"","ocean_post_title_background_color":"","ocean_post_title_background":0,"ocean_post_title_bg_image_position":"","ocean_post_title_bg_image_attachment":"","ocean_post_title_bg_image_repeat":"","ocean_post_title_bg_image_size":"","ocean_post_title_height":0,"ocean_post_title_bg_overlay":0.5,"ocean_post_title_bg_overlay_color":"","ocean_disable_breadcrumbs":"default","ocean_breadcrumbs_color":"","ocean_breadcrumbs_separator_color":"","ocean_breadcrumbs_links_color":"","ocean_breadcrumbs_links_hover_color":"","ocean_display_footer_widgets":"default","ocean_display_footer_bottom":"default","ocean_custom_footer_template":"","cybocfi_hide_featured_image":"","footnotes":""},"class_list":["post-2822","page","type-page","status-publish","hentry","entry"],"coauthors":[],"author_meta":{"author_link":"https:\/\/dipgis.umsa.bo\/?author=1","display_name":"srv_auth_7000"},"relative_dates":{"created":"Publicado 2 a\u00f1os hace","modified":"Actualizado 2 a\u00f1os hace"},"absolute_dates":{"created":"Publicado el 28 de febrero de 2024","modified":"Actualizado el 28 de febrero de 2024"},"absolute_dates_time":{"created":"Publicado el 28 de febrero de 2024 21:40","modified":"Actualizado el 28 de febrero de 2024 21:40"},"featured_img_caption":"","featured_img":false,"series_order":"","_links":{"self":[{"href":"https:\/\/dipgis.umsa.bo\/index.php?rest_route=\/wp\/v2\/pages\/2822","targetHints":{"allow":["GET"]}}],"collection":[{"href":"https:\/\/dipgis.umsa.bo\/index.php?rest_route=\/wp\/v2\/pages"}],"about":[{"href":"https:\/\/dipgis.umsa.bo\/index.php?rest_route=\/wp\/v2\/types\/page"}],"author":[{"embeddable":true,"href":"https:\/\/dipgis.umsa.bo\/index.php?rest_route=\/wp\/v2\/users\/1"}],"replies":[{"embeddable":true,"href":"https:\/\/dipgis.umsa.bo\/index.php?rest_route=%2Fwp%2Fv2%2Fcomments&post=2822"}],"version-history":[{"count":2,"href":"https:\/\/dipgis.umsa.bo\/index.php?rest_route=\/wp\/v2\/pages\/2822\/revisions"}],"predecessor-version":[{"id":2824,"href":"https:\/\/dipgis.umsa.bo\/index.php?rest_route=\/wp\/v2\/pages\/2822\/revisions\/2824"}],"wp:attachment":[{"href":"https:\/\/dipgis.umsa.bo\/index.php?rest_route=%2Fwp%2Fv2%2Fmedia&parent=2822"}],"curies":[{"name":"wp","href":"https:\/\/api.w.org\/{rel}","templated":true}]}}