{"id":1288,"date":"2023-06-12T15:52:07","date_gmt":"2023-06-12T15:52:07","guid":{"rendered":"https:\/\/dipgis.umsa.bo\/?page_id=1288"},"modified":"2023-11-15T21:25:37","modified_gmt":"2023-11-15T21:25:37","slug":"productos-de-proyecto-cvg-416","status":"publish","type":"page","link":"https:\/\/dipgis.umsa.bo\/?page_id=1288","title":{"rendered":"PRODUCTOS DE PROYECTO CVG 416"},"content":{"rendered":"\n<div style=\"height:20px\" aria-hidden=\"true\" class=\"wp-block-spacer\"><\/div>\n\n\n\n<h2 class=\"wp-block-heading\">PRODUCTOS DE PROYECTO CVG 416<\/h2>\n\n\n\n<div class=\"wp-block-columns is-layout-flex wp-container-core-columns-is-layout-9d6595d7 wp-block-columns-is-layout-flex\">\n<div class=\"wp-block-column is-layout-flow wp-block-column-is-layout-flow\"><div ><div id=\"sp_easy_accordion-1700080737\"><div id=\"sp-ea-2297\" class=\"sp-ea-one sp-easy-accordion\" data-ea-active=\"ea-click\" data-ea-mode=\"vertical\" data-preloader=\"\" data-scroll-active-item=\"\" data-offset-to-scroll=\"0\"><div class=\"ea-card sp-ea-single\"><h3 class=\"ea-header\"><a class=\"collapsed\" id=\"ea-header-22970\" role=\"button\" data-sptoggle=\"spcollapse\" data-sptarget=\"#collapse22970\" aria-controls=\"collapse22970\" href=\"#\" aria-expanded=\"false\" tabindex=\"0\">LIBROS<\/a><\/h3><div class=\"sp-collapse spcollapse spcollapse\" id=\"collapse22970\" data-parent=\"#sp-ea-2297\" role=\"region\" aria-labelledby=\"ea-header-22970\"> <div class=\"ea-body\"><p style=\"text-align: center\"><a href=\"https:\/\/dipgis.umsa.bo\/wp-content\/uploads\/2023\/11\/Memoria-CVG416_cp.pdf\"><img decoding=\"async\" class=\"alignnone wp-image-2301 size-large lazyload\" data-src=\"https:\/\/dipgis.umsa.bo\/wp-content\/uploads\/2023\/11\/BANNER-MEMORIA-787x1024.jpg\" alt=\"\" width=\"787\" height=\"1024\" data-srcset=\"https:\/\/dipgis.umsa.bo\/wp-content\/uploads\/2023\/11\/BANNER-MEMORIA-787x1024.jpg 787w, https:\/\/dipgis.umsa.bo\/wp-content\/uploads\/2023\/11\/BANNER-MEMORIA-230x300.jpg 230w, https:\/\/dipgis.umsa.bo\/wp-content\/uploads\/2023\/11\/BANNER-MEMORIA-768x1000.jpg 768w, https:\/\/dipgis.umsa.bo\/wp-content\/uploads\/2023\/11\/BANNER-MEMORIA.jpg 1027w\" data-sizes=\"(max-width: 787px) 100vw, 787px\" src=\"data:image\/svg+xml;base64,PHN2ZyB3aWR0aD0iMSIgaGVpZ2h0PSIxIiB4bWxucz0iaHR0cDovL3d3dy53My5vcmcvMjAwMC9zdmciPjwvc3ZnPg==\" style=\"--smush-placeholder-width: 787px; --smush-placeholder-aspect-ratio: 787\/1024;\" \/><\/a><\/p><h2 style=\"text-align: center\"><a href=\"https:\/\/dipgis.umsa.bo\/wp-content\/uploads\/2023\/11\/Memoria-CVG416_cp.pdf\">CLICK PARA DESCARGAR LA MEMORIA DEL PROYECTO CVG 416<\/a><\/h2><\/div><\/div><\/div><div class=\"ea-card sp-ea-single\"><h3 class=\"ea-header\"><a class=\"collapsed\" id=\"ea-header-22971\" role=\"button\" data-sptoggle=\"spcollapse\" data-sptarget=\"#collapse22971\" aria-controls=\"collapse22971\" href=\"#\" aria-expanded=\"false\" tabindex=\"0\">MANUSCRITO<\/a><\/h3><div class=\"sp-collapse spcollapse spcollapse\" id=\"collapse22971\" data-parent=\"#sp-ea-2297\" role=\"region\" aria-labelledby=\"ea-header-22971\"> <div class=\"ea-body\"><ul><li><a href=\"https:\/\/dipgis.umsa.bo\/wp-content\/uploads\/2023\/11\/1-Calidadnutritivaseisecotiposdetrigo.pdf\">CALIDAD NUTRITIVA DE SEIS ECOTIPOS DE TRIGO (Triticum aestivum L.) EN EL MUNICIPIO CHARAZANI, VALLE INTERANDINO DEL DEPARTAMENTO DE LA PAZ<\/a><\/li><li><a href=\"https:\/\/dipgis.umsa.bo\/wp-content\/uploads\/2023\/11\/8-Caracteristicasfenotipicastrigo.pdf\">CARACTER\u00cdSTICAS FENOT\u00cdPICAS DEL TRIGO (Triticum aestivum L.) Y ORGANOL\u00c9PTICAS DEL PAN ELABORADO EN EL MUNICIPIO CHARAZANI, DEPARTAMENTO DE LA PAZ<\/a><\/li><\/ul><\/div><\/div><\/div><div class=\"ea-card sp-ea-single\"><h3 class=\"ea-header\"><a class=\"collapsed\" id=\"ea-header-22972\" role=\"button\" data-sptoggle=\"spcollapse\" data-sptarget=\"#collapse22972\" aria-controls=\"collapse22972\" href=\"#\" aria-expanded=\"false\" tabindex=\"0\">TESIS PREGRADO<\/a><\/h3><div class=\"sp-collapse spcollapse spcollapse\" id=\"collapse22972\" data-parent=\"#sp-ea-2297\" role=\"region\" aria-labelledby=\"ea-header-22972\"> <div class=\"ea-body\"><ul><li><a href=\"https:\/\/dipgis.umsa.bo\/wp-content\/uploads\/2023\/11\/PERFIL-DE-TESIS-APROBADO-Luis-Zabala.pdf\">EVALUACI\u00d3N DE LOS COSTOS DE PRODUCCI\u00d3N DEL CULTIVO DE TRIGO (Triticum aestivum L.) EN EL MUNICIPIO DE JUAN JOS\u00c9 P\u00c9REZ CHARAZANI PROVINCIA BAUTISTA SAAVEDRA DEL DEPARTAMENTO DE LA PAZ.\u00a0<\/a><\/li><li><a href=\"https:\/\/dipgis.umsa.bo\/wp-content\/uploads\/2023\/11\/T-2993-Salazar.pdf\"> EFECTO DE DOS L\u00c1MINAS DE RIEGO POR ASPERSI\u00d3N SOBRE LA PRODUCCI\u00d3N DE ALFALFA (Medicago sativa L.), EN DIFERENTES CORTES EN LA ESTACI\u00d3N EXPERIMENTAL PATACAMAYA.<\/a><\/li><li><a href=\"https:\/\/dipgis.umsa.bo\/wp-content\/uploads\/2023\/11\/TESIS-DE-GRADO-Limachi.pdf\">EVALUACION DEL RENDIMIENTO DE ECOTIPOS DE TRIGO (Triticum spp) EN LOS VALLES INTERANDINOS DE CHARAZANI, PROVINCIA BAUTISTA SAAVEDRA<\/a><\/li><li><a href=\"https:\/\/dipgis.umsa.bo\/wp-content\/uploads\/2023\/11\/TESIS-DE-GRADO-Ticona.pdf\">\u201cEVALUACI\u00d3N DE LA CALIDAD NUTRITIVA DE DIFERENTES ECOTIPOS DE TRIGO (Triticum aestivum L.) EN VALLES INTERANDINOS DEL MUNICIPIO DE CHARAZANI\u201d\u00a0<\/a><\/li><li><a href=\"https:\/\/dipgis.umsa.bo\/wp-content\/uploads\/2023\/11\/TESIS-PREGRADO-COARITI.pdf\">EVALUACI\u00d3N DEL METODO DE RIEGO POR GOTEO, AUTOCOMPENSANTE Y TURBULENTO EN LA PRODUCCION DE DOS VARIEDADES DE ALFALFA CUF-101 Y PATRIARCA (Medicago sativa) EN AMBIENTE ATEMPERADO EN LA ESTACI\u00d3N EXPERIMENTAL PATACAMAYA<\/a><\/li><\/ul><\/div><\/div><\/div><div class=\"ea-card sp-ea-single\"><h3 class=\"ea-header\"><a class=\"collapsed\" id=\"ea-header-22973\" role=\"button\" data-sptoggle=\"spcollapse\" data-sptarget=\"#collapse22973\" aria-controls=\"collapse22973\" href=\"#\" aria-expanded=\"false\" tabindex=\"0\">TALLER<\/a><\/h3><div class=\"sp-collapse spcollapse spcollapse\" id=\"collapse22973\" data-parent=\"#sp-ea-2297\" role=\"region\" aria-labelledby=\"ea-header-22973\"> <div class=\"ea-body\"><ul><li><a href=\"https:\/\/dipgis.umsa.bo\/wp-content\/uploads\/2023\/11\/PPT-avances-21-planif-22_proyCVG416_TrigoBiofortificado.pdf\">AVANCES 2021 Y PLANIFICACI\u00d3N 2022 PIA-ACC 2DA FASE. PROYECTO CVG 416<\/a><\/li><\/ul><\/div><\/div><\/div><div class=\"ea-card sp-ea-single\"><h3 class=\"ea-header\"><a class=\"collapsed\" id=\"ea-header-22974\" role=\"button\" data-sptoggle=\"spcollapse\" data-sptarget=\"#collapse22974\" aria-controls=\"collapse22974\" href=\"#\" aria-expanded=\"false\" tabindex=\"0\">CONGRESOS<\/a><\/h3><div class=\"sp-collapse spcollapse spcollapse\" id=\"collapse22974\" data-parent=\"#sp-ea-2297\" role=\"region\" aria-labelledby=\"ea-header-22974\"> <div class=\"ea-body\"><p><img decoding=\"async\" class=\"alignnone size-medium wp-image-2313 lazyload\" data-src=\"https:\/\/dipgis.umsa.bo\/wp-content\/uploads\/2023\/11\/MAPA-CHARAZANI-300x232.jpg\" alt=\"\" width=\"300\" height=\"232\" data-srcset=\"https:\/\/dipgis.umsa.bo\/wp-content\/uploads\/2023\/11\/MAPA-CHARAZANI-300x232.jpg 300w, https:\/\/dipgis.umsa.bo\/wp-content\/uploads\/2023\/11\/MAPA-CHARAZANI-1024x791.jpg 1024w, https:\/\/dipgis.umsa.bo\/wp-content\/uploads\/2023\/11\/MAPA-CHARAZANI-768x593.jpg 768w, https:\/\/dipgis.umsa.bo\/wp-content\/uploads\/2023\/11\/MAPA-CHARAZANI.jpg 1280w\" data-sizes=\"(max-width: 300px) 100vw, 300px\" src=\"data:image\/svg+xml;base64,PHN2ZyB3aWR0aD0iMSIgaGVpZ2h0PSIxIiB4bWxucz0iaHR0cDovL3d3dy53My5vcmcvMjAwMC9zdmciPjwvc3ZnPg==\" style=\"--smush-placeholder-width: 300px; --smush-placeholder-aspect-ratio: 300\/232;\" \/><\/p><ul><li><a href=\"https:\/\/dipgis.umsa.bo\/wp-content\/uploads\/2023\/11\/3-Congreso-Cambio-Climatico-y-Dialogo-de-Saberes.pdf\">Postulaci\u00f3n Congreso Cambio Climatico y Dialogo de Saberes. Poster<\/a><\/li><li><a href=\"https:\/\/dipgis.umsa.bo\/wp-content\/uploads\/2023\/11\/Congreso-Gladys.pdf\">Postulaci\u00f3n Congreso Cambio Clim\u00e1tico y Di\u00e1logo de Saberes. Simposio<\/a><\/li><\/ul><\/div><\/div><\/div><div class=\"ea-card sp-ea-single\"><h3 class=\"ea-header\"><a class=\"collapsed\" id=\"ea-header-22975\" role=\"button\" data-sptoggle=\"spcollapse\" data-sptarget=\"#collapse22975\" aria-controls=\"collapse22975\" href=\"#\" aria-expanded=\"false\" tabindex=\"0\">PLANOS Y MAPAS<\/a><\/h3><div class=\"sp-collapse spcollapse spcollapse\" id=\"collapse22975\" data-parent=\"#sp-ea-2297\" role=\"region\" aria-labelledby=\"ea-header-22975\"> <div class=\"ea-body\"><p><img decoding=\"async\" class=\"alignnone size-medium wp-image-2314 lazyload\" data-src=\"https:\/\/dipgis.umsa.bo\/wp-content\/uploads\/2023\/11\/Banner-CVG-416-151x300.jpeg\" alt=\"\" width=\"151\" height=\"300\" data-srcset=\"https:\/\/dipgis.umsa.bo\/wp-content\/uploads\/2023\/11\/Banner-CVG-416-151x300.jpeg 151w, https:\/\/dipgis.umsa.bo\/wp-content\/uploads\/2023\/11\/Banner-CVG-416-514x1024.jpeg 514w, https:\/\/dipgis.umsa.bo\/wp-content\/uploads\/2023\/11\/Banner-CVG-416.jpeg 542w\" data-sizes=\"(max-width: 151px) 100vw, 151px\" src=\"data:image\/svg+xml;base64,PHN2ZyB3aWR0aD0iMSIgaGVpZ2h0PSIxIiB4bWxucz0iaHR0cDovL3d3dy53My5vcmcvMjAwMC9zdmciPjwvc3ZnPg==\" style=\"--smush-placeholder-width: 151px; --smush-placeholder-aspect-ratio: 151\/300;\" \/> <img decoding=\"async\" class=\"alignnone size-medium wp-image-2315 lazyload\" data-src=\"https:\/\/dipgis.umsa.bo\/wp-content\/uploads\/2023\/11\/Banner-de-Panificacion-300x208.jpg\" alt=\"\" width=\"300\" height=\"208\" data-srcset=\"https:\/\/dipgis.umsa.bo\/wp-content\/uploads\/2023\/11\/Banner-de-Panificacion-300x208.jpg 300w, https:\/\/dipgis.umsa.bo\/wp-content\/uploads\/2023\/11\/Banner-de-Panificacion-1024x709.jpg 1024w, https:\/\/dipgis.umsa.bo\/wp-content\/uploads\/2023\/11\/Banner-de-Panificacion-768x532.jpg 768w, https:\/\/dipgis.umsa.bo\/wp-content\/uploads\/2023\/11\/Banner-de-Panificacion.jpg 1040w\" data-sizes=\"(max-width: 300px) 100vw, 300px\" src=\"data:image\/svg+xml;base64,PHN2ZyB3aWR0aD0iMSIgaGVpZ2h0PSIxIiB4bWxucz0iaHR0cDovL3d3dy53My5vcmcvMjAwMC9zdmciPjwvc3ZnPg==\" style=\"--smush-placeholder-width: 300px; --smush-placeholder-aspect-ratio: 300\/208;\" \/> <a href=\"https:\/\/dipgis.umsa.bo\/wp-content\/uploads\/2023\/11\/Cartilla-Genero-CVG416.pdf\">Cartilla G\u00e9nero CVG416<\/a> <a href=\"https:\/\/dipgis.umsa.bo\/wp-content\/uploads\/2023\/11\/cartilla-interculturalidad-CVG416.pdf\">cartilla interculturalidad CVG416<\/a> <a href=\"https:\/\/dipgis.umsa.bo\/wp-content\/uploads\/2023\/11\/cartilla-Rituales-en-comunidades-andinas-CVG416.pdf\">cartilla Rituales en comunidades andinas CVG416<\/a> <a href=\"https:\/\/dipgis.umsa.bo\/wp-content\/uploads\/2023\/11\/Policy-Brief-CVG-416.pdf\">Policy Brief CVG 416<\/a> <a href=\"https:\/\/dipgis.umsa.bo\/wp-content\/uploads\/2023\/11\/TRIPTICO.pdf\">TRIPTICO<\/a><\/p><\/div><\/div><\/div><div class=\"ea-card sp-ea-single\"><h3 class=\"ea-header\"><a class=\"collapsed\" id=\"ea-header-22976\" role=\"button\" data-sptoggle=\"spcollapse\" data-sptarget=\"#collapse22976\" aria-controls=\"collapse22976\" href=\"#\" aria-expanded=\"false\" tabindex=\"0\">MATERIAL IMPRESO<\/a><\/h3><div class=\"sp-collapse spcollapse spcollapse\" id=\"collapse22976\" data-parent=\"#sp-ea-2297\" role=\"region\" aria-labelledby=\"ea-header-22976\"> <div class=\"ea-body\"><ul><li><a href=\"https:\/\/dipgis.umsa.bo\/wp-content\/uploads\/2023\/11\/Banner-CVG-416.jpeg\">Banner-CVG-416<\/a><\/li><li><a href=\"https:\/\/dipgis.umsa.bo\/wp-content\/uploads\/2023\/11\/Banner-de-Panificacion.jpg\">Banner-de-Panificacion<\/a><\/li><li><a href=\"https:\/\/dipgis.umsa.bo\/wp-content\/uploads\/2023\/11\/Cartilla-Genero-CVG416.pdf\">Cartilla G\u00e9nero CVG416<\/a><\/li><li><a href=\"https:\/\/dipgis.umsa.bo\/wp-content\/uploads\/2023\/11\/cartilla-interculturalidad-CVG416.pdf\">Cartilla Interculturalidad CVG416<\/a><\/li><li><a href=\"https:\/\/dipgis.umsa.bo\/wp-content\/uploads\/2023\/11\/cartilla-Rituales-en-comunidades-andinas-CVG416.pdf\">Cartilla Rituales en Comunidades Andinas CVG416<\/a><\/li><li><a href=\"https:\/\/dipgis.umsa.bo\/wp-content\/uploads\/2023\/11\/Policy-Brief-CVG-416.pdf\">Policy Brief CVG 416<\/a><\/li><li><a href=\"https:\/\/dipgis.umsa.bo\/wp-content\/uploads\/2023\/11\/TRIPTICO.pdf\">Tr\u00edptico Proyecto CVG-416<\/a><\/li><\/ul><\/div><\/div><\/div><div class=\"ea-card sp-ea-single\"><h3 class=\"ea-header\"><a class=\"collapsed\" id=\"ea-header-22977\" role=\"button\" data-sptoggle=\"spcollapse\" data-sptarget=\"#collapse22977\" aria-controls=\"collapse22977\" href=\"#\" aria-expanded=\"false\" tabindex=\"0\">PUBLICACI\u00d3N EN PERI\u00d3DICO<\/a><\/h3><div class=\"sp-collapse spcollapse spcollapse\" id=\"collapse22977\" data-parent=\"#sp-ea-2297\" role=\"region\" aria-labelledby=\"ea-header-22977\"> <div class=\"ea-body\"><ul><li><a href=\"https:\/\/erbol.com.bo\/medio-ambiente\/productividad-y-conservaci%C3%B3n-los-pies-de-la-cordillera%C2%A0apolobamba%C2%A0en-la-paz\">Productividad y conservaci\u00f3n a los pies de la cordillera Apolobamba en La Paz<\/a><\/li><\/ul><\/div><\/div><\/div><div class=\"ea-card sp-ea-single\"><h3 class=\"ea-header\"><a class=\"collapsed\" id=\"ea-header-22978\" role=\"button\" data-sptoggle=\"spcollapse\" data-sptarget=\"#collapse22978\" aria-controls=\"collapse22978\" href=\"#\" aria-expanded=\"false\" tabindex=\"0\">MATERIAL DE DIFUSI\u00d3N DIGITAL<\/a><\/h3><div class=\"sp-collapse spcollapse spcollapse\" id=\"collapse22978\" data-parent=\"#sp-ea-2297\" role=\"region\" aria-labelledby=\"ea-header-22978\"> <div class=\"ea-body\"><ul><li><a href=\"https:\/\/dipgis.umsa.bo\/wp-content\/uploads\/2023\/11\/BANNER.jpg\">BANNER.jpg<\/a><\/li><li><a href=\"https:\/\/dipgis.umsa.bo\/wp-content\/uploads\/2023\/11\/FT-CVG-416.pdf\">FT &#8211; CVG 416<\/a><\/li><\/ul><\/div><\/div><\/div><\/div><\/div><\/div><\/div>\n\n\n\n<div class=\"wp-block-column is-layout-flow wp-block-column-is-layout-flow\">\n<div id=\"section-g576351\" class=\"wp-block-gutentor-e6 section-g576351 gutentor-element gutentor-element-image\"><div class=\"gutentor-element-image-box\"><div class=\"gutentor-image-thumb\"><img decoding=\"async\" class=\"normal-image lazyload\" data-src=\"https:\/\/dipgis.umsa.bo\/wp-content\/uploads\/2023\/11\/PORTADA-4.jpg\" src=\"data:image\/svg+xml;base64,PHN2ZyB3aWR0aD0iMSIgaGVpZ2h0PSIxIiB4bWxucz0iaHR0cDovL3d3dy53My5vcmcvMjAwMC9zdmciPjwvc3ZnPg==\" style=\"--smush-placeholder-width: 1218px; --smush-placeholder-aspect-ratio: 1218\/937;\" \/><\/div><\/div><\/div>\n<\/div>\n<\/div>\n<style class=\"advgb-styles-renderer\">#sp-ea-2297 .spcollapsing { height: 0; overflow: hidden; transition-property: height;transition-duration: 300ms;}#sp-ea-2297.sp-easy-accordion>.sp-ea-single {margin-bottom: 10px; border: 1px solid #e2e2e2; }#sp-ea-2297.sp-easy-accordion>.sp-ea-single>.ea-header a {color: #444;}#sp-ea-2297.sp-easy-accordion>.sp-ea-single>.sp-collapse>.ea-body {background: #fff; color: #444;}#sp-ea-2297.sp-easy-accordion>.sp-ea-single {background: #eee;}#sp-ea-2297.sp-easy-accordion>.sp-ea-single>.ea-header a .ea-expand-icon { float: left; color: #444;font-size: 16px;}<\/style>","protected":false},"excerpt":{"rendered":"<p>PRODUCTOS DE PROYECTO CVG 416<\/p>\n","protected":false},"author":1,"featured_media":0,"parent":0,"menu_order":0,"comment_status":"closed","ping_status":"closed","template":"","meta":{"_editorskit_title_hidden":false,"_editorskit_reading_time":0,"_editorskit_is_block_options_detached":false,"_editorskit_block_options_position":"{}","advgb_blocks_editor_width":"","advgb_blocks_columns_visual_guide":"","_sitemap_exclude":false,"_sitemap_priority":"","_sitemap_frequency":"","ocean_post_layout":"","ocean_both_sidebars_style":"","ocean_both_sidebars_content_width":0,"ocean_both_sidebars_sidebars_width":0,"ocean_sidebar":"0","ocean_second_sidebar":"0","ocean_disable_margins":"enable","ocean_add_body_class":"","ocean_shortcode_before_top_bar":"","ocean_shortcode_after_top_bar":"","ocean_shortcode_before_header":"","ocean_shortcode_after_header":"","ocean_has_shortcode":"","ocean_shortcode_after_title":"","ocean_shortcode_before_footer_widgets":"","ocean_shortcode_after_footer_widgets":"","ocean_shortcode_before_footer_bottom":"","ocean_shortcode_after_footer_bottom":"","ocean_display_top_bar":"default","ocean_display_header":"default","ocean_header_style":"","ocean_center_header_left_menu":"0","ocean_custom_header_template":"0","ocean_custom_logo":0,"ocean_custom_retina_logo":0,"ocean_custom_logo_max_width":0,"ocean_custom_logo_tablet_max_width":0,"ocean_custom_logo_mobile_max_width":0,"ocean_custom_logo_max_height":0,"ocean_custom_logo_tablet_max_height":0,"ocean_custom_logo_mobile_max_height":0,"ocean_header_custom_menu":"0","ocean_menu_typo_font_family":"0","ocean_menu_typo_font_subset":"","ocean_menu_typo_font_size":0,"ocean_menu_typo_font_size_tablet":0,"ocean_menu_typo_font_size_mobile":0,"ocean_menu_typo_font_size_unit":"px","ocean_menu_typo_font_weight":"","ocean_menu_typo_font_weight_tablet":"","ocean_menu_typo_font_weight_mobile":"","ocean_menu_typo_transform":"","ocean_menu_typo_transform_tablet":"","ocean_menu_typo_transform_mobile":"","ocean_menu_typo_line_height":0,"ocean_menu_typo_line_height_tablet":0,"ocean_menu_typo_line_height_mobile":0,"ocean_menu_typo_line_height_unit":"","ocean_menu_typo_spacing":0,"ocean_menu_typo_spacing_tablet":0,"ocean_menu_typo_spacing_mobile":0,"ocean_menu_typo_spacing_unit":"","ocean_menu_link_color":"","ocean_menu_link_color_hover":"","ocean_menu_link_color_active":"","ocean_menu_link_background":"","ocean_menu_link_hover_background":"","ocean_menu_link_active_background":"","ocean_menu_social_links_bg":"","ocean_menu_social_hover_links_bg":"","ocean_menu_social_links_color":"","ocean_menu_social_hover_links_color":"","ocean_disable_title":"default","ocean_disable_heading":"default","ocean_post_title":"","ocean_post_subheading":"","ocean_post_title_style":"","ocean_post_title_background_color":"","ocean_post_title_background":0,"ocean_post_title_bg_image_position":"","ocean_post_title_bg_image_attachment":"","ocean_post_title_bg_image_repeat":"","ocean_post_title_bg_image_size":"","ocean_post_title_height":0,"ocean_post_title_bg_overlay":0.5,"ocean_post_title_bg_overlay_color":"","ocean_disable_breadcrumbs":"default","ocean_breadcrumbs_color":"","ocean_breadcrumbs_separator_color":"","ocean_breadcrumbs_links_color":"","ocean_breadcrumbs_links_hover_color":"","ocean_display_footer_widgets":"default","ocean_display_footer_bottom":"default","ocean_custom_footer_template":"0","cybocfi_hide_featured_image":"","footnotes":""},"class_list":["post-1288","page","type-page","status-publish","hentry","entry"],"coauthors":[],"author_meta":{"author_link":"https:\/\/dipgis.umsa.bo\/?author=1","display_name":"srv_auth_7000"},"relative_dates":{"created":"Publicado 3 a\u00f1os hace","modified":"Actualizado 2 a\u00f1os hace"},"absolute_dates":{"created":"Publicado el 12 de junio de 2023","modified":"Actualizado el 15 de noviembre de 2023"},"absolute_dates_time":{"created":"Publicado el 12 de junio de 2023 15:52","modified":"Actualizado el 15 de noviembre de 2023 21:25"},"featured_img_caption":"","featured_img":false,"series_order":"","_links":{"self":[{"href":"https:\/\/dipgis.umsa.bo\/index.php?rest_route=\/wp\/v2\/pages\/1288","targetHints":{"allow":["GET"]}}],"collection":[{"href":"https:\/\/dipgis.umsa.bo\/index.php?rest_route=\/wp\/v2\/pages"}],"about":[{"href":"https:\/\/dipgis.umsa.bo\/index.php?rest_route=\/wp\/v2\/types\/page"}],"author":[{"embeddable":true,"href":"https:\/\/dipgis.umsa.bo\/index.php?rest_route=\/wp\/v2\/users\/1"}],"replies":[{"embeddable":true,"href":"https:\/\/dipgis.umsa.bo\/index.php?rest_route=%2Fwp%2Fv2%2Fcomments&post=1288"}],"version-history":[{"count":8,"href":"https:\/\/dipgis.umsa.bo\/index.php?rest_route=\/wp\/v2\/pages\/1288\/revisions"}],"predecessor-version":[{"id":2300,"href":"https:\/\/dipgis.umsa.bo\/index.php?rest_route=\/wp\/v2\/pages\/1288\/revisions\/2300"}],"wp:attachment":[{"href":"https:\/\/dipgis.umsa.bo\/index.php?rest_route=%2Fwp%2Fv2%2Fmedia&parent=1288"}],"curies":[{"name":"wp","href":"https:\/\/api.w.org\/{rel}","templated":true}]}}