{"id":1281,"date":"2023-06-12T15:44:51","date_gmt":"2023-06-12T15:44:51","guid":{"rendered":"https:\/\/dipgis.umsa.bo\/?page_id=1281"},"modified":"2023-11-16T13:42:43","modified_gmt":"2023-11-16T13:42:43","slug":"productos-de-proyecto-cvg-413","status":"publish","type":"page","link":"https:\/\/dipgis.umsa.bo\/?page_id=1281","title":{"rendered":"PRODUCTOS DE PROYECTO CVG 413"},"content":{"rendered":"\n<div style=\"height:20px\" aria-hidden=\"true\" class=\"wp-block-spacer\"><\/div>\n\n\n\n<h2 class=\"wp-block-heading\">PRODUCTOS DE PROYECTO CVG 413<\/h2>\n\n\n\n<div style=\"height:20px\" aria-hidden=\"true\" class=\"wp-block-spacer\"><\/div>\n\n\n\n<div class=\"wp-block-columns is-layout-flex wp-container-core-columns-is-layout-9d6595d7 wp-block-columns-is-layout-flex\">\n<div class=\"wp-block-column is-layout-flow wp-block-column-is-layout-flow\"><div ><div id=\"sp_easy_accordion-1697206031\"><div id=\"sp-ea-2126\" class=\"sp-ea-one sp-easy-accordion\" data-ea-active=\"ea-click\" data-ea-mode=\"vertical\" data-preloader=\"\" data-scroll-active-item=\"\" data-offset-to-scroll=\"0\"><div class=\"ea-card sp-ea-single\"><h3 class=\"ea-header\"><a class=\"collapsed\" id=\"ea-header-21260\" role=\"button\" data-sptoggle=\"spcollapse\" data-sptarget=\"#collapse21260\" aria-controls=\"collapse21260\" href=\"#\" aria-expanded=\"false\" tabindex=\"0\">LIBROS<\/a><\/h3><div class=\"sp-collapse spcollapse spcollapse\" id=\"collapse21260\" data-parent=\"#sp-ea-2126\" role=\"region\" aria-labelledby=\"ea-header-21260\"> <div class=\"ea-body\"><p><a href=\"https:\/\/dipgis.umsa.bo\/wp-content\/uploads\/2023\/10\/Memoria-CVG413_cp.pdf\"><img decoding=\"async\" class=\"aligncenter wp-image-2164 size-full lazyload\" data-src=\"https:\/\/dipgis.umsa.bo\/wp-content\/uploads\/2023\/10\/MEMORIA.jpg\" alt=\"\" width=\"824\" height=\"1071\" data-srcset=\"https:\/\/dipgis.umsa.bo\/wp-content\/uploads\/2023\/10\/MEMORIA.jpg 824w, https:\/\/dipgis.umsa.bo\/wp-content\/uploads\/2023\/10\/MEMORIA-231x300.jpg 231w, https:\/\/dipgis.umsa.bo\/wp-content\/uploads\/2023\/10\/MEMORIA-788x1024.jpg 788w, https:\/\/dipgis.umsa.bo\/wp-content\/uploads\/2023\/10\/MEMORIA-768x998.jpg 768w\" data-sizes=\"(max-width: 824px) 100vw, 824px\" src=\"data:image\/svg+xml;base64,PHN2ZyB3aWR0aD0iMSIgaGVpZ2h0PSIxIiB4bWxucz0iaHR0cDovL3d3dy53My5vcmcvMjAwMC9zdmciPjwvc3ZnPg==\" style=\"--smush-placeholder-width: 824px; --smush-placeholder-aspect-ratio: 824\/1071;\" \/><\/a><\/p><\/div><\/div><\/div><div class=\"ea-card sp-ea-single\"><h3 class=\"ea-header\"><a class=\"collapsed\" id=\"ea-header-21261\" role=\"button\" data-sptoggle=\"spcollapse\" data-sptarget=\"#collapse21261\" aria-controls=\"collapse21261\" href=\"#\" aria-expanded=\"false\" tabindex=\"0\">ART\u00cdCULOS CIENT\u00cdFICOS<\/a><\/h3><div class=\"sp-collapse spcollapse spcollapse\" id=\"collapse21261\" data-parent=\"#sp-ea-2126\" role=\"region\" aria-labelledby=\"ea-header-21261\"> <div class=\"ea-body\"><p><a href=\"https:\/\/dipgis.umsa.bo\/wp-content\/uploads\/2023\/10\/1.CaratulaArticuloCientificoMediosTecnicosLabranza.pdf\">1. Car\u00e1tula Art\u00edculo Cient\u00edfico Medios T\u00e9cnicos Labranza<\/a><\/p><p><a href=\"https:\/\/dipgis.umsa.bo\/wp-content\/uploads\/2023\/10\/2.CaratulaArticuloCientificoFuentesDeEnergia.pdf\">2.Car\u00e1tula Art\u00edculo Cient\u00edfico Fuentes De Energ\u00eda<\/a><\/p><p><a href=\"https:\/\/dipgis.umsa.bo\/wp-content\/uploads\/2023\/10\/TABLA-RESUMEN-DE-ARTICULOS-CVG413.pdf\">TABLA RESUMEN DE ARTICULOS CVG413<\/a><\/p><\/div><\/div><\/div><div class=\"ea-card sp-ea-single\"><h3 class=\"ea-header\"><a class=\"collapsed\" id=\"ea-header-21262\" role=\"button\" data-sptoggle=\"spcollapse\" data-sptarget=\"#collapse21262\" aria-controls=\"collapse21262\" href=\"#\" aria-expanded=\"false\" tabindex=\"0\">TEXTO ACAD\u00c9MICO<\/a><\/h3><div class=\"sp-collapse spcollapse spcollapse\" id=\"collapse21262\" data-parent=\"#sp-ea-2126\" role=\"region\" aria-labelledby=\"ea-header-21262\"> <div class=\"ea-body\"><ul><li><a href=\"https:\/\/dipgis.umsa.bo\/wp-content\/uploads\/2023\/10\/9.ProgramaCursoElectivoFacAgronomia.pdf\">Programa Curso Electivo Facultad Agronom\u00eda<\/a><\/li><\/ul><\/div><\/div><\/div><div class=\"ea-card sp-ea-single\"><h3 class=\"ea-header\"><a class=\"collapsed\" id=\"ea-header-21263\" role=\"button\" data-sptoggle=\"spcollapse\" data-sptarget=\"#collapse21263\" aria-controls=\"collapse21263\" href=\"#\" aria-expanded=\"false\" tabindex=\"0\">TESIS PREGRADO<\/a><\/h3><div class=\"sp-collapse spcollapse spcollapse\" id=\"collapse21263\" data-parent=\"#sp-ea-2126\" role=\"region\" aria-labelledby=\"ea-header-21263\"> <div class=\"ea-body\"><ul><li><a href=\"https:\/\/dipgis.umsa.bo\/wp-content\/uploads\/2023\/10\/11.ResolucionRosmeryMujica.pdf\">Resoluci\u00f3n Rosmery Mujica<\/a><\/li><li><a href=\"https:\/\/dipgis.umsa.bo\/wp-content\/uploads\/2023\/10\/6.ResolucionYolandaHilari.pdf\">Resoluci\u00f3n Yolanda Hilari<\/a><\/li><li><a href=\"https:\/\/dipgis.umsa.bo\/wp-content\/uploads\/2023\/10\/5.ResolucionMarianaQuispeVallejos.pdf\">Resoluci\u00f3n Mariana Quispe Vallejos<\/a><\/li><li><a href=\"https:\/\/dipgis.umsa.bo\/wp-content\/uploads\/2023\/10\/4.ResolucionMarioToledo.pdf\">Resoluci\u00f3n Mario Toledo<\/a><\/li><li><a href=\"https:\/\/dipgis.umsa.bo\/wp-content\/uploads\/2023\/10\/2.ResolucionRaulMardonezCortez.pdf\">Resoluci\u00f3n Raul Mardonez Cortez<\/a><\/li><\/ul><\/div><\/div><\/div><div class=\"ea-card sp-ea-single\"><h3 class=\"ea-header\"><a class=\"collapsed\" id=\"ea-header-21264\" role=\"button\" data-sptoggle=\"spcollapse\" data-sptarget=\"#collapse21264\" aria-controls=\"collapse21264\" href=\"#\" aria-expanded=\"false\" tabindex=\"0\">TESIS POSGRADO<\/a><\/h3><div class=\"sp-collapse spcollapse spcollapse\" id=\"collapse21264\" data-parent=\"#sp-ea-2126\" role=\"region\" aria-labelledby=\"ea-header-21264\"> <div class=\"ea-body\"><ul><li><a href=\"https:\/\/dipgis.umsa.bo\/wp-content\/uploads\/2023\/10\/3.CaratulaTesisAnelClaure.pdf\">Car\u00e1tula Tesis Anel Claure<\/a><\/li><\/ul><\/div><\/div><\/div><div class=\"ea-card sp-ea-single\"><h3 class=\"ea-header\"><a class=\"collapsed\" id=\"ea-header-21265\" role=\"button\" data-sptoggle=\"spcollapse\" data-sptarget=\"#collapse21265\" aria-controls=\"collapse21265\" href=\"#\" aria-expanded=\"false\" tabindex=\"0\">CONGRESO<\/a><\/h3><div class=\"sp-collapse spcollapse spcollapse\" id=\"collapse21265\" data-parent=\"#sp-ea-2126\" role=\"region\" aria-labelledby=\"ea-header-21265\"> <div class=\"ea-body\">No Content<\/div><\/div><\/div><div class=\"ea-card sp-ea-single\"><h3 class=\"ea-header\"><a class=\"collapsed\" id=\"ea-header-21266\" role=\"button\" data-sptoggle=\"spcollapse\" data-sptarget=\"#collapse21266\" aria-controls=\"collapse21266\" href=\"#\" aria-expanded=\"false\" tabindex=\"0\">ENTREVISTA TELEVISIVA<\/a><\/h3><div class=\"sp-collapse spcollapse spcollapse\" id=\"collapse21266\" data-parent=\"#sp-ea-2126\" role=\"region\" aria-labelledby=\"ea-header-21266\"> <div class=\"ea-body\">No Content<\/div><\/div><\/div><div class=\"ea-card sp-ea-single\"><h3 class=\"ea-header\"><a class=\"collapsed\" id=\"ea-header-21267\" role=\"button\" data-sptoggle=\"spcollapse\" data-sptarget=\"#collapse21267\" aria-controls=\"collapse21267\" href=\"#\" aria-expanded=\"false\" tabindex=\"0\">MATERIAL IMPRESO<\/a><\/h3><div class=\"sp-collapse spcollapse spcollapse\" id=\"collapse21267\" data-parent=\"#sp-ea-2126\" role=\"region\" aria-labelledby=\"ea-header-21267\"> <div class=\"ea-body\">No Content<\/div><\/div><\/div><\/div><\/div><\/div><\/div>\n\n\n\n<div class=\"wp-block-column is-layout-flow wp-block-column-is-layout-flow\">\n<div id=\"section-g142259\" class=\"wp-block-gutentor-e6 section-g142259 gutentor-element gutentor-element-image text-align-center-desktop\"><div class=\"gutentor-element-image-box\"><div class=\"gutentor-image-thumb\"><img decoding=\"async\" class=\"normal-image lazyload\" data-src=\"https:\/\/dipgis.umsa.bo\/wp-content\/uploads\/2023\/10\/BANNER-CARTILLA-ADAPTACION-MITIGACION.jpg\" src=\"data:image\/svg+xml;base64,PHN2ZyB3aWR0aD0iMSIgaGVpZ2h0PSIxIiB4bWxucz0iaHR0cDovL3d3dy53My5vcmcvMjAwMC9zdmciPjwvc3ZnPg==\" style=\"--smush-placeholder-width: 930px; --smush-placeholder-aspect-ratio: 930\/715;\" \/><\/div><\/div><\/div>\n<\/div>\n<\/div>\n<style class=\"advgb-styles-renderer\">#sp-ea-2126 .spcollapsing { height: 0; overflow: hidden; transition-property: height;transition-duration: 300ms;}#sp-ea-2126.sp-easy-accordion>.sp-ea-single {margin-bottom: 10px; border: 1px solid #e2e2e2; }#sp-ea-2126.sp-easy-accordion>.sp-ea-single>.ea-header a {color: #444;}#sp-ea-2126.sp-easy-accordion>.sp-ea-single>.sp-collapse>.ea-body {background: #fff; color: #444;}#sp-ea-2126.sp-easy-accordion>.sp-ea-single {background: #eee;}#sp-ea-2126.sp-easy-accordion>.sp-ea-single>.ea-header a .ea-expand-icon { float: left; color: #444;font-size: 16px;}<\/style>","protected":false},"excerpt":{"rendered":"<p>PRODUCTOS DE PROYECTO CVG 413<\/p>\n","protected":false},"author":1,"featured_media":0,"parent":0,"menu_order":0,"comment_status":"closed","ping_status":"closed","template":"","meta":{"_editorskit_title_hidden":false,"_editorskit_reading_time":0,"_editorskit_is_block_options_detached":false,"_editorskit_block_options_position":"{}","advgb_blocks_editor_width":"","advgb_blocks_columns_visual_guide":"","_sitemap_exclude":false,"_sitemap_priority":"","_sitemap_frequency":"","ocean_post_layout":"","ocean_both_sidebars_style":"","ocean_both_sidebars_content_width":0,"ocean_both_sidebars_sidebars_width":0,"ocean_sidebar":"0","ocean_second_sidebar":"0","ocean_disable_margins":"enable","ocean_add_body_class":"","ocean_shortcode_before_top_bar":"","ocean_shortcode_after_top_bar":"","ocean_shortcode_before_header":"","ocean_shortcode_after_header":"","ocean_has_shortcode":"","ocean_shortcode_after_title":"","ocean_shortcode_before_footer_widgets":"","ocean_shortcode_after_footer_widgets":"","ocean_shortcode_before_footer_bottom":"","ocean_shortcode_after_footer_bottom":"","ocean_display_top_bar":"default","ocean_display_header":"default","ocean_header_style":"","ocean_center_header_left_menu":"0","ocean_custom_header_template":"0","ocean_custom_logo":0,"ocean_custom_retina_logo":0,"ocean_custom_logo_max_width":0,"ocean_custom_logo_tablet_max_width":0,"ocean_custom_logo_mobile_max_width":0,"ocean_custom_logo_max_height":0,"ocean_custom_logo_tablet_max_height":0,"ocean_custom_logo_mobile_max_height":0,"ocean_header_custom_menu":"0","ocean_menu_typo_font_family":"0","ocean_menu_typo_font_subset":"","ocean_menu_typo_font_size":0,"ocean_menu_typo_font_size_tablet":0,"ocean_menu_typo_font_size_mobile":0,"ocean_menu_typo_font_size_unit":"px","ocean_menu_typo_font_weight":"","ocean_menu_typo_font_weight_tablet":"","ocean_menu_typo_font_weight_mobile":"","ocean_menu_typo_transform":"","ocean_menu_typo_transform_tablet":"","ocean_menu_typo_transform_mobile":"","ocean_menu_typo_line_height":0,"ocean_menu_typo_line_height_tablet":0,"ocean_menu_typo_line_height_mobile":0,"ocean_menu_typo_line_height_unit":"","ocean_menu_typo_spacing":0,"ocean_menu_typo_spacing_tablet":0,"ocean_menu_typo_spacing_mobile":0,"ocean_menu_typo_spacing_unit":"","ocean_menu_link_color":"","ocean_menu_link_color_hover":"","ocean_menu_link_color_active":"","ocean_menu_link_background":"","ocean_menu_link_hover_background":"","ocean_menu_link_active_background":"","ocean_menu_social_links_bg":"","ocean_menu_social_hover_links_bg":"","ocean_menu_social_links_color":"","ocean_menu_social_hover_links_color":"","ocean_disable_title":"default","ocean_disable_heading":"default","ocean_post_title":"","ocean_post_subheading":"","ocean_post_title_style":"","ocean_post_title_background_color":"","ocean_post_title_background":0,"ocean_post_title_bg_image_position":"","ocean_post_title_bg_image_attachment":"","ocean_post_title_bg_image_repeat":"","ocean_post_title_bg_image_size":"","ocean_post_title_height":0,"ocean_post_title_bg_overlay":0.5,"ocean_post_title_bg_overlay_color":"","ocean_disable_breadcrumbs":"default","ocean_breadcrumbs_color":"","ocean_breadcrumbs_separator_color":"","ocean_breadcrumbs_links_color":"","ocean_breadcrumbs_links_hover_color":"","ocean_display_footer_widgets":"default","ocean_display_footer_bottom":"default","ocean_custom_footer_template":"0","cybocfi_hide_featured_image":"","footnotes":""},"class_list":["post-1281","page","type-page","status-publish","hentry","entry"],"coauthors":[],"author_meta":{"author_link":"https:\/\/dipgis.umsa.bo\/?author=1","display_name":"srv_auth_7000"},"relative_dates":{"created":"Publicado 3 a\u00f1os hace","modified":"Actualizado 2 a\u00f1os hace"},"absolute_dates":{"created":"Publicado el 12 de junio de 2023","modified":"Actualizado el 16 de noviembre de 2023"},"absolute_dates_time":{"created":"Publicado el 12 de junio de 2023 15:44","modified":"Actualizado el 16 de noviembre de 2023 13:42"},"featured_img_caption":"","featured_img":false,"series_order":"","_links":{"self":[{"href":"https:\/\/dipgis.umsa.bo\/index.php?rest_route=\/wp\/v2\/pages\/1281","targetHints":{"allow":["GET"]}}],"collection":[{"href":"https:\/\/dipgis.umsa.bo\/index.php?rest_route=\/wp\/v2\/pages"}],"about":[{"href":"https:\/\/dipgis.umsa.bo\/index.php?rest_route=\/wp\/v2\/types\/page"}],"author":[{"embeddable":true,"href":"https:\/\/dipgis.umsa.bo\/index.php?rest_route=\/wp\/v2\/users\/1"}],"replies":[{"embeddable":true,"href":"https:\/\/dipgis.umsa.bo\/index.php?rest_route=%2Fwp%2Fv2%2Fcomments&post=1281"}],"version-history":[{"count":4,"href":"https:\/\/dipgis.umsa.bo\/index.php?rest_route=\/wp\/v2\/pages\/1281\/revisions"}],"predecessor-version":[{"id":2326,"href":"https:\/\/dipgis.umsa.bo\/index.php?rest_route=\/wp\/v2\/pages\/1281\/revisions\/2326"}],"wp:attachment":[{"href":"https:\/\/dipgis.umsa.bo\/index.php?rest_route=%2Fwp%2Fv2%2Fmedia&parent=1281"}],"curies":[{"name":"wp","href":"https:\/\/api.w.org\/{rel}","templated":true}]}}